{"id":34573,"date":"2024-03-03T22:57:16","date_gmt":"2024-03-03T21:57:16","guid":{"rendered":"https:\/\/klf.fr\/apprendre-le-francais-a-lyon\/accommodation-in-lyon\/"},"modified":"2026-04-15T15:01:28","modified_gmt":"2026-04-15T13:01:28","slug":"logement-en-lyon","status":"publish","type":"page","link":"https:\/\/klf.fr\/fr\/lyon\/logement-en-lyon\/","title":{"rendered":"H\u00e9bergement \u00e0 Lyon"},"content":{"rendered":"\t\t<div data-elementor-type=\"wp-page\" data-elementor-id=\"34573\" class=\"elementor elementor-34573 elementor-2967\" data-elementor-post-type=\"page\">\n\t\t\t\t<div class=\"elementor-element elementor-element-16cbdd2 e-con-full e-flex e-con e-parent\" data-id=\"16cbdd2\" data-element_type=\"container\" data-e-type=\"container\" data-settings=\"{&quot;background_background&quot;:&quot;classic&quot;,&quot;ekit_has_onepagescroll_dot&quot;:&quot;yes&quot;}\">\n\t\t<div class=\"elementor-element elementor-element-4d4d930 e-con-full e-flex elementor-invisible e-con e-child\" data-id=\"4d4d930\" data-element_type=\"container\" data-e-type=\"container\" data-settings=\"{&quot;animation&quot;:&quot;fadeInLeft&quot;,&quot;ekit_has_onepagescroll_dot&quot;:&quot;yes&quot;}\">\n\t\t\t\t<div class=\"elementor-element elementor-element-a2ec21f elementor-widget elementor-widget-heading\" data-id=\"a2ec21f\" data-element_type=\"widget\" data-e-type=\"widget\" data-settings=\"{&quot;ekit_we_effect_on&quot;:&quot;none&quot;}\" data-widget_type=\"heading.default\">\n\t\t\t\t\t<h2 class=\"elementor-heading-title elementor-size-default\">H\u00e9bergement <\/h2>\t\t\t\t<\/div>\n\t\t\t\t<div class=\"elementor-element elementor-element-97fd18f elementor-widget elementor-widget-text-editor\" data-id=\"97fd18f\" data-element_type=\"widget\" data-e-type=\"widget\" data-settings=\"{&quot;ekit_we_effect_on&quot;:&quot;none&quot;}\" data-widget_type=\"text-editor.default\">\n\t\t\t\t\t\t\t\t\t<p>Vous cherchez un logement confortable \u00e0 Bordeaux ? Laissez-nous vous aider \u00e0 trouver votre logement id\u00e9al. De la famille d&rsquo;accueil \u00e0 l&rsquo;h\u00e9bergement priv\u00e9 ou partag\u00e9.  <\/p>\t\t\t\t\t\t\t\t<\/div>\n\t\t\t\t<\/div>\n\t\t<div class=\"elementor-element elementor-element-72fef48 elementor-hidden-phone e-con-full e-flex e-con e-child\" data-id=\"72fef48\" data-element_type=\"container\" data-e-type=\"container\" data-settings=\"{&quot;ekit_has_onepagescroll_dot&quot;:&quot;yes&quot;}\">\n\t\t\t\t<\/div>\n\t\t\t\t<\/div>\n\t\t<div class=\"elementor-element elementor-element-ac63a85 e-flex e-con-boxed e-con e-parent\" data-id=\"ac63a85\" data-element_type=\"container\" data-e-type=\"container\" data-settings=\"{&quot;ekit_has_onepagescroll_dot&quot;:&quot;yes&quot;}\">\n\t\t\t\t\t<div class=\"e-con-inner\">\n\t\t<div class=\"elementor-element elementor-element-35680ad e-con-full e-flex e-con e-child\" data-id=\"35680ad\" data-element_type=\"container\" data-e-type=\"container\" data-settings=\"{&quot;ekit_has_onepagescroll_dot&quot;:&quot;yes&quot;}\">\n\t\t\t\t<div class=\"elementor-element elementor-element-4557ffb elementor-widget elementor-widget-image\" data-id=\"4557ffb\" data-element_type=\"widget\" data-e-type=\"widget\" data-settings=\"{&quot;ekit_we_effect_on&quot;:&quot;none&quot;}\" data-widget_type=\"image.default\">\n\t\t\t\t\t\t\t\t\t\t\t\t\t\t\t\t<a href=\"https:\/\/klf.fr\/fr\/lyon\/logement-en-lyon\/famille-accueil\/\">\n\t\t\t\t\t\t\t<img fetchpriority=\"high\" decoding=\"async\" width=\"800\" height=\"800\" src=\"https:\/\/klf.fr\/wp-content\/uploads\/2024\/03\/family-in-bordeaux-eating-1024x1024-1.jpg\" class=\"attachment-large size-large wp-image-4229\" alt=\"\" srcset=\"https:\/\/klf.fr\/wp-content\/uploads\/2024\/03\/family-in-bordeaux-eating-1024x1024-1.jpg 1024w, https:\/\/klf.fr\/wp-content\/uploads\/2024\/03\/family-in-bordeaux-eating-1024x1024-1-300x300.jpg 300w, https:\/\/klf.fr\/wp-content\/uploads\/2024\/03\/family-in-bordeaux-eating-1024x1024-1-150x150.jpg 150w, https:\/\/klf.fr\/wp-content\/uploads\/2024\/03\/family-in-bordeaux-eating-1024x1024-1-768x768.jpg 768w\" sizes=\"(max-width: 800px) 100vw, 800px\" \/>\t\t\t\t\t\t\t\t<\/a>\n\t\t\t\t\t\t\t\t\t\t\t\t\t\t\t<\/div>\n\t\t<div class=\"elementor-element elementor-element-3a50449 e-flex e-con-boxed e-con e-child\" data-id=\"3a50449\" data-element_type=\"container\" data-e-type=\"container\" data-settings=\"{&quot;ekit_has_onepagescroll_dot&quot;:&quot;yes&quot;}\">\n\t\t\t\t\t<div class=\"e-con-inner\">\n\t\t\t\t<div class=\"elementor-element elementor-element-679cbc3 elementor-widget elementor-widget-heading\" data-id=\"679cbc3\" data-element_type=\"widget\" data-e-type=\"widget\" data-settings=\"{&quot;ekit_we_effect_on&quot;:&quot;none&quot;}\" data-widget_type=\"heading.default\">\n\t\t\t\t\t<h2 class=\"elementor-heading-title elementor-size-default\">Famille d'accueil<\/h2>\t\t\t\t<\/div>\n\t\t\t\t<div class=\"elementor-element elementor-element-4fbee62 elementor-widget elementor-widget-text-editor\" data-id=\"4fbee62\" data-element_type=\"widget\" data-e-type=\"widget\" data-settings=\"{&quot;ekit_we_effect_on&quot;:&quot;none&quot;}\" data-widget_type=\"text-editor.default\">\n\t\t\t\t\t\t\t\t\t<p>Vous profiterez d&rsquo;une exp\u00e9rience d&rsquo;immersion totale et aurez l&rsquo;occasion de pratiquer votre fran\u00e7ais avec vos h\u00f4tes fran\u00e7ais pendant les repas.<\/p>\t\t\t\t\t\t\t\t<\/div>\n\t\t\t\t<div class=\"elementor-element elementor-element-d5f61ff elementor-widget-divider--view-line elementor-widget elementor-widget-divider\" data-id=\"d5f61ff\" data-element_type=\"widget\" data-e-type=\"widget\" data-settings=\"{&quot;ekit_we_effect_on&quot;:&quot;none&quot;}\" data-widget_type=\"divider.default\">\n\t\t\t\t\t\t\t<div class=\"elementor-divider\">\n\t\t\t<span class=\"elementor-divider-separator\">\n\t\t\t\t\t\t<\/span>\n\t\t<\/div>\n\t\t\t\t\t\t<\/div>\n\t\t<div class=\"elementor-element elementor-element-06ba653 e-con-full e-flex e-con e-child\" data-id=\"06ba653\" data-element_type=\"container\" data-e-type=\"container\" data-settings=\"{&quot;ekit_has_onepagescroll_dot&quot;:&quot;yes&quot;}\">\n\t\t<div class=\"elementor-element elementor-element-82fc46a e-con-full e-flex e-con e-child\" data-id=\"82fc46a\" data-element_type=\"container\" data-e-type=\"container\" data-settings=\"{&quot;ekit_has_onepagescroll_dot&quot;:&quot;yes&quot;}\">\n\t\t\t\t<div class=\"elementor-element elementor-element-1b2d8b3 elementor-widget-mobile__width-inherit elementor-widget elementor-widget-heading\" data-id=\"1b2d8b3\" data-element_type=\"widget\" data-e-type=\"widget\" data-settings=\"{&quot;ekit_we_effect_on&quot;:&quot;none&quot;}\" data-widget_type=\"heading.default\">\n\t\t\t\t\t<h2 class=\"elementor-heading-title elementor-size-default\">\u00c0 partir de 185 \u20ac \/ semaine\n<\/h2>\t\t\t\t<\/div>\n\t\t\t\t<\/div>\n\t\t<div class=\"elementor-element elementor-element-54ddd39 e-con-full e-flex e-con e-child\" data-id=\"54ddd39\" data-element_type=\"container\" data-e-type=\"container\" data-settings=\"{&quot;ekit_has_onepagescroll_dot&quot;:&quot;yes&quot;}\">\n\t\t\t\t<div class=\"elementor-element elementor-element-cd7aaf0 elementor-align-right elementor-widget elementor-widget-button\" data-id=\"cd7aaf0\" data-element_type=\"widget\" data-e-type=\"widget\" data-settings=\"{&quot;ekit_we_effect_on&quot;:&quot;none&quot;}\" data-widget_type=\"button.default\">\n\t\t\t\t\t\t\t\t\t\t<a class=\"elementor-button elementor-button-link elementor-size-sm elementor-animation-shrink\" href=\"https:\/\/klf.fr\/fr\/lyon\/logement-en-lyon\/famille-accueil\/\">\n\t\t\t\t\t\t<span class=\"elementor-button-content-wrapper\">\n\t\t\t\t\t\t\t\t\t<span class=\"elementor-button-text\">Plus d'informations<\/span>\n\t\t\t\t\t<\/span>\n\t\t\t\t\t<\/a>\n\t\t\t\t\t\t\t\t<\/div>\n\t\t\t\t<\/div>\n\t\t\t\t<\/div>\n\t\t\t\t\t<\/div>\n\t\t\t\t<\/div>\n\t\t\t\t<\/div>\n\t\t<div class=\"elementor-element elementor-element-0566e17 e-con-full e-flex e-con e-child\" data-id=\"0566e17\" data-element_type=\"container\" data-e-type=\"container\" data-settings=\"{&quot;ekit_has_onepagescroll_dot&quot;:&quot;yes&quot;}\">\n\t\t<a class=\"eael-wrapper-link-e244af4 --eael-wrapper-link-tag\" href=\"https:\/\/klf.fr\/bordeaux\/accommodation-in-bordeaux\/suitable-housing\"><\/a>\t\t<div data-eael-wrapper-link=\"eael-wrapper-link-e244af4\" class=\"elementor-element elementor-element-e244af4 elementor-widget elementor-widget-image\" data-id=\"e244af4\" data-element_type=\"widget\" data-e-type=\"widget\" data-settings=\"{&quot;ekit_we_effect_on&quot;:&quot;none&quot;}\" data-widget_type=\"image.default\">\n\t\t\t\t\t\t\t\t\t\t\t\t\t\t\t\t<a href=\"https:\/\/klf.fr\/fr\/lyon\/logement-en-lyon\/residence\/\">\n\t\t\t\t\t\t\t<img decoding=\"async\" width=\"800\" height=\"800\" src=\"https:\/\/klf.fr\/wp-content\/uploads\/2024\/05\/auberge-jeunesse-a-bordeaux-1024x1024-2.jpg\" class=\"attachment-large size-large wp-image-7276\" alt=\"\" srcset=\"https:\/\/klf.fr\/wp-content\/uploads\/2024\/05\/auberge-jeunesse-a-bordeaux-1024x1024-2.jpg 1024w, https:\/\/klf.fr\/wp-content\/uploads\/2024\/05\/auberge-jeunesse-a-bordeaux-1024x1024-2-300x300.jpg 300w, https:\/\/klf.fr\/wp-content\/uploads\/2024\/05\/auberge-jeunesse-a-bordeaux-1024x1024-2-150x150.jpg 150w, https:\/\/klf.fr\/wp-content\/uploads\/2024\/05\/auberge-jeunesse-a-bordeaux-1024x1024-2-768x768.jpg 768w, https:\/\/klf.fr\/wp-content\/uploads\/2024\/05\/auberge-jeunesse-a-bordeaux-1024x1024-2-700x700.jpg 700w\" sizes=\"(max-width: 800px) 100vw, 800px\" \/>\t\t\t\t\t\t\t\t<\/a>\n\t\t\t\t\t\t\t\t\t\t\t\t\t\t\t<\/div>\n\t\t<div class=\"elementor-element elementor-element-2aca8d9 e-flex e-con-boxed e-con e-child\" data-id=\"2aca8d9\" data-element_type=\"container\" data-e-type=\"container\" data-settings=\"{&quot;ekit_has_onepagescroll_dot&quot;:&quot;yes&quot;}\">\n\t\t\t\t\t<div class=\"e-con-inner\">\n\t\t\t\t<div class=\"elementor-element elementor-element-6e55ed4 elementor-widget elementor-widget-heading\" data-id=\"6e55ed4\" data-element_type=\"widget\" data-e-type=\"widget\" data-settings=\"{&quot;ekit_we_effect_on&quot;:&quot;none&quot;}\" data-widget_type=\"heading.default\">\n\t\t\t\t\t<h2 class=\"elementor-heading-title elementor-size-default\">R\u00e9sidences et auberges\n<\/h2>\t\t\t\t<\/div>\n\t\t\t\t<div class=\"elementor-element elementor-element-7298846 elementor-widget elementor-widget-text-editor\" data-id=\"7298846\" data-element_type=\"widget\" data-e-type=\"widget\" data-settings=\"{&quot;ekit_we_effect_on&quot;:&quot;none&quot;}\" data-widget_type=\"text-editor.default\">\n\t\t\t\t\t\t\t\t\t<p>La solution de logement id\u00e9ale pour tous les \u00e9tudiants ! Chez KLF, nous nous effor\u00e7ons de vous proposer un large \u00e9ventail d&rsquo;options adapt\u00e9es \u00e0 tous les budgets et \u00e0 tous les styles de vie. <\/p>\t\t\t\t\t\t\t\t<\/div>\n\t\t\t\t<div class=\"elementor-element elementor-element-1f250c0 elementor-widget-divider--view-line elementor-widget elementor-widget-divider\" data-id=\"1f250c0\" data-element_type=\"widget\" data-e-type=\"widget\" data-settings=\"{&quot;ekit_we_effect_on&quot;:&quot;none&quot;}\" data-widget_type=\"divider.default\">\n\t\t\t\t\t\t\t<div class=\"elementor-divider\">\n\t\t\t<span class=\"elementor-divider-separator\">\n\t\t\t\t\t\t<\/span>\n\t\t<\/div>\n\t\t\t\t\t\t<\/div>\n\t\t<div class=\"elementor-element elementor-element-749c1e3 e-con-full e-flex e-con e-child\" data-id=\"749c1e3\" data-element_type=\"container\" data-e-type=\"container\" data-settings=\"{&quot;ekit_has_onepagescroll_dot&quot;:&quot;yes&quot;}\">\n\t\t<div class=\"elementor-element elementor-element-181812e e-con-full e-flex e-con e-child\" data-id=\"181812e\" data-element_type=\"container\" data-e-type=\"container\" data-settings=\"{&quot;ekit_has_onepagescroll_dot&quot;:&quot;yes&quot;}\">\n\t\t\t\t<div class=\"elementor-element elementor-element-e0c6491 elementor-widget-mobile__width-inherit elementor-widget elementor-widget-heading\" data-id=\"e0c6491\" data-element_type=\"widget\" data-e-type=\"widget\" data-settings=\"{&quot;ekit_we_effect_on&quot;:&quot;none&quot;}\" data-widget_type=\"heading.default\">\n\t\t\t\t\t<h2 class=\"elementor-heading-title elementor-size-default\">Sur demande<\/h2>\t\t\t\t<\/div>\n\t\t\t\t<\/div>\n\t\t<div class=\"elementor-element elementor-element-ecc0822 e-con-full e-flex e-con e-child\" data-id=\"ecc0822\" data-element_type=\"container\" data-e-type=\"container\" data-settings=\"{&quot;ekit_has_onepagescroll_dot&quot;:&quot;yes&quot;}\">\n\t\t\t\t<div class=\"elementor-element elementor-element-b3b0097 elementor-align-right elementor-widget elementor-widget-button\" data-id=\"b3b0097\" data-element_type=\"widget\" data-e-type=\"widget\" data-settings=\"{&quot;ekit_we_effect_on&quot;:&quot;none&quot;}\" data-widget_type=\"button.default\">\n\t\t\t\t\t\t\t\t\t\t<a class=\"elementor-button elementor-button-link elementor-size-sm elementor-animation-shrink\" href=\"https:\/\/klf.fr\/fr\/lyon\/logement-en-lyon\/residence\/\">\n\t\t\t\t\t\t<span class=\"elementor-button-content-wrapper\">\n\t\t\t\t\t\t\t\t\t<span class=\"elementor-button-text\">Plus d'informations<\/span>\n\t\t\t\t\t<\/span>\n\t\t\t\t\t<\/a>\n\t\t\t\t\t\t\t\t<\/div>\n\t\t\t\t<\/div>\n\t\t\t\t<\/div>\n\t\t\t\t\t<\/div>\n\t\t\t\t<\/div>\n\t\t\t\t<\/div>\n\t\t\t\t\t<\/div>\n\t\t\t\t<\/div>\n\t\t<div class=\"elementor-element elementor-element-ad7c2da e-flex e-con-boxed e-con e-parent\" data-id=\"ad7c2da\" data-element_type=\"container\" data-e-type=\"container\" data-settings=\"{&quot;ekit_has_onepagescroll_dot&quot;:&quot;yes&quot;}\">\n\t\t\t\t\t<div class=\"e-con-inner\">\n\t\t\t\t<div class=\"elementor-element elementor-element-3cadade elementor-widget elementor-widget-spacer\" data-id=\"3cadade\" data-element_type=\"widget\" data-e-type=\"widget\" data-settings=\"{&quot;ekit_we_effect_on&quot;:&quot;none&quot;}\" data-widget_type=\"spacer.default\">\n\t\t\t\t\t\t\t<div class=\"elementor-spacer\">\n\t\t\t<div class=\"elementor-spacer-inner\"><\/div>\n\t\t<\/div>\n\t\t\t\t\t\t<\/div>\n\t\t\t\t\t<\/div>\n\t\t\t\t<\/div>\n\t\t\t\t<\/div>\n\t\t","protected":false},"excerpt":{"rendered":"<p>H\u00e9bergement Vous cherchez un logement confortable \u00e0 Bordeaux ? Laissez-nous vous aider \u00e0 trouver votre logement id\u00e9al. De la famille d&rsquo;accueil \u00e0 l&rsquo;h\u00e9bergement priv\u00e9 ou partag\u00e9. Famille d&rsquo;accueil Vous profiterez d&rsquo;une exp\u00e9rience d&rsquo;immersion totale et aurez l&rsquo;occasion de pratiquer votre fran\u00e7ais avec vos h\u00f4tes fran\u00e7ais pendant les repas. \u00c0 partir de 185 \u20ac \/ semaine [&hellip;]<\/p>\n","protected":false},"author":11,"featured_media":7324,"parent":27277,"menu_order":0,"comment_status":"closed","ping_status":"closed","template":"","meta":{"content-type":"","footnotes":""},"language-product":[],"type-product":[],"city-product":[],"course-category":[],"folder":[217],"class_list":["post-34573","page","type-page","status-publish","has-post-thumbnail","hentry"],"yoast_head":"<!-- This site is optimized with the Yoast SEO Premium plugin v27.4 (Yoast SEO v27.4) - https:\/\/yoast.com\/product\/yoast-seo-premium-wordpress\/ -->\n<title>H\u00e9bergement \u00e0 Lyon - Keep Learning French<\/title>\n<meta name=\"robots\" content=\"index, follow, max-snippet:-1, max-image-preview:large, max-video-preview:-1\" \/>\n<link rel=\"canonical\" href=\"https:\/\/klf.fr\/fr\/lyon\/logement-en-lyon\/\" \/>\n<meta property=\"og:locale\" content=\"fr_FR\" \/>\n<meta property=\"og:type\" content=\"article\" \/>\n<meta property=\"og:title\" content=\"H\u00e9bergement \u00e0 Lyon\" \/>\n<meta property=\"og:description\" content=\"H\u00e9bergement Vous cherchez un logement confortable \u00e0 Bordeaux ? Laissez-nous vous aider \u00e0 trouver votre logement id\u00e9al. De la famille d&rsquo;accueil \u00e0 l&rsquo;h\u00e9bergement priv\u00e9 ou partag\u00e9. Famille d&rsquo;accueil Vous profiterez d&rsquo;une exp\u00e9rience d&rsquo;immersion totale et aurez l&rsquo;occasion de pratiquer votre fran\u00e7ais avec vos h\u00f4tes fran\u00e7ais pendant les repas. \u00c0 partir de 185 \u20ac \/ semaine [&hellip;]\" \/>\n<meta property=\"og:url\" content=\"https:\/\/klf.fr\/fr\/lyon\/logement-en-lyon\/\" \/>\n<meta property=\"og:site_name\" content=\"Keep Learning French\" \/>\n<meta property=\"article:modified_time\" content=\"2026-04-15T13:01:28+00:00\" \/>\n<meta property=\"og:image\" content=\"https:\/\/klf.fr\/wp-content\/uploads\/2024\/05\/Appart_Hotel2___responsive_822_548.jpg\" \/>\n\t<meta property=\"og:image:width\" content=\"822\" \/>\n\t<meta property=\"og:image:height\" content=\"548\" \/>\n\t<meta property=\"og:image:type\" content=\"image\/jpeg\" \/>\n<meta name=\"twitter:card\" content=\"summary_large_image\" \/>\n<script type=\"application\/ld+json\" class=\"yoast-schema-graph\">{\"@context\":\"https:\\\/\\\/schema.org\",\"@graph\":[{\"@type\":\"WebPage\",\"@id\":\"https:\\\/\\\/klf.fr\\\/fr\\\/lyon\\\/logement-en-lyon\\\/\",\"url\":\"https:\\\/\\\/klf.fr\\\/fr\\\/lyon\\\/logement-en-lyon\\\/\",\"name\":\"H\u00e9bergement \u00e0 Lyon - Keep Learning French\",\"isPartOf\":{\"@id\":\"https:\\\/\\\/klf.fr\\\/fr\\\/#website\"},\"primaryImageOfPage\":{\"@id\":\"https:\\\/\\\/klf.fr\\\/fr\\\/lyon\\\/logement-en-lyon\\\/#primaryimage\"},\"image\":{\"@id\":\"https:\\\/\\\/klf.fr\\\/fr\\\/lyon\\\/logement-en-lyon\\\/#primaryimage\"},\"thumbnailUrl\":\"https:\\\/\\\/klf.fr\\\/wp-content\\\/uploads\\\/2024\\\/05\\\/Appart_Hotel2___responsive_822_548.jpg\",\"datePublished\":\"2024-03-03T21:57:16+00:00\",\"dateModified\":\"2026-04-15T13:01:28+00:00\",\"breadcrumb\":{\"@id\":\"https:\\\/\\\/klf.fr\\\/fr\\\/lyon\\\/logement-en-lyon\\\/#breadcrumb\"},\"inLanguage\":\"fr-FR\",\"potentialAction\":[{\"@type\":\"ReadAction\",\"target\":[\"https:\\\/\\\/klf.fr\\\/fr\\\/lyon\\\/logement-en-lyon\\\/\"]}]},{\"@type\":\"ImageObject\",\"inLanguage\":\"fr-FR\",\"@id\":\"https:\\\/\\\/klf.fr\\\/fr\\\/lyon\\\/logement-en-lyon\\\/#primaryimage\",\"url\":\"https:\\\/\\\/klf.fr\\\/wp-content\\\/uploads\\\/2024\\\/05\\\/Appart_Hotel2___responsive_822_548.jpg\",\"contentUrl\":\"https:\\\/\\\/klf.fr\\\/wp-content\\\/uploads\\\/2024\\\/05\\\/Appart_Hotel2___responsive_822_548.jpg\",\"width\":822,\"height\":548,\"caption\":\"Apart\"},{\"@type\":\"BreadcrumbList\",\"@id\":\"https:\\\/\\\/klf.fr\\\/fr\\\/lyon\\\/logement-en-lyon\\\/#breadcrumb\",\"itemListElement\":[{\"@type\":\"ListItem\",\"position\":1,\"name\":\"Home\",\"item\":\"https:\\\/\\\/klf.fr\\\/fr\\\/home-2\\\/\"},{\"@type\":\"ListItem\",\"position\":2,\"name\":\"Apprendre le fran\u00e7ais \u00e0 Lyon\",\"item\":\"https:\\\/\\\/klf.fr\\\/fr\\\/lyon\\\/\"},{\"@type\":\"ListItem\",\"position\":3,\"name\":\"H\u00e9bergement \u00e0 Lyon\"}]},{\"@type\":\"WebSite\",\"@id\":\"https:\\\/\\\/klf.fr\\\/fr\\\/#website\",\"url\":\"https:\\\/\\\/klf.fr\\\/fr\\\/\",\"name\":\"Keep Learning French\",\"description\":\"Groupe d&#039;\u00e9coles de FLE en France.\",\"publisher\":{\"@id\":\"https:\\\/\\\/klf.fr\\\/fr\\\/#organization\"},\"potentialAction\":[{\"@type\":\"SearchAction\",\"target\":{\"@type\":\"EntryPoint\",\"urlTemplate\":\"https:\\\/\\\/klf.fr\\\/fr\\\/?s={search_term_string}\"},\"query-input\":{\"@type\":\"PropertyValueSpecification\",\"valueRequired\":true,\"valueName\":\"search_term_string\"}}],\"inLanguage\":\"fr-FR\"},{\"@type\":[\"Organization\",\"Place\"],\"@id\":\"https:\\\/\\\/klf.fr\\\/fr\\\/#organization\",\"name\":\"Keep Learning French\",\"url\":\"https:\\\/\\\/klf.fr\\\/fr\\\/\",\"logo\":{\"@id\":\"https:\\\/\\\/klf.fr\\\/fr\\\/lyon\\\/logement-en-lyon\\\/#local-main-organization-logo\"},\"image\":{\"@id\":\"https:\\\/\\\/klf.fr\\\/fr\\\/lyon\\\/logement-en-lyon\\\/#local-main-organization-logo\"},\"sameAs\":[\"https:\\\/\\\/linkedin.com\\\/school\\\/keep-learning-french\\\/\"],\"telephone\":[],\"openingHoursSpecification\":[{\"@type\":\"OpeningHoursSpecification\",\"dayOfWeek\":[\"Monday\",\"Tuesday\",\"Wednesday\",\"Thursday\",\"Friday\",\"Saturday\",\"Sunday\"],\"opens\":\"09:00\",\"closes\":\"17:00\"}]},{\"@type\":\"ImageObject\",\"inLanguage\":\"fr-FR\",\"@id\":\"https:\\\/\\\/klf.fr\\\/fr\\\/lyon\\\/logement-en-lyon\\\/#local-main-organization-logo\",\"url\":\"https:\\\/\\\/klf.fr\\\/wp-content\\\/uploads\\\/2020\\\/09\\\/klf-favicon.png\",\"contentUrl\":\"https:\\\/\\\/klf.fr\\\/wp-content\\\/uploads\\\/2020\\\/09\\\/klf-favicon.png\",\"width\":200,\"height\":200,\"caption\":\"Keep Learning French\"}]}<\/script>\n<!-- \/ Yoast SEO Premium plugin. -->","yoast_head_json":{"title":"H\u00e9bergement \u00e0 Lyon - Keep Learning French","robots":{"index":"index","follow":"follow","max-snippet":"max-snippet:-1","max-image-preview":"max-image-preview:large","max-video-preview":"max-video-preview:-1"},"canonical":"https:\/\/klf.fr\/fr\/lyon\/logement-en-lyon\/","og_locale":"fr_FR","og_type":"article","og_title":"H\u00e9bergement \u00e0 Lyon","og_description":"H\u00e9bergement Vous cherchez un logement confortable \u00e0 Bordeaux ? Laissez-nous vous aider \u00e0 trouver votre logement id\u00e9al. De la famille d&rsquo;accueil \u00e0 l&rsquo;h\u00e9bergement priv\u00e9 ou partag\u00e9. Famille d&rsquo;accueil Vous profiterez d&rsquo;une exp\u00e9rience d&rsquo;immersion totale et aurez l&rsquo;occasion de pratiquer votre fran\u00e7ais avec vos h\u00f4tes fran\u00e7ais pendant les repas. \u00c0 partir de 185 \u20ac \/ semaine [&hellip;]","og_url":"https:\/\/klf.fr\/fr\/lyon\/logement-en-lyon\/","og_site_name":"Keep Learning French","article_modified_time":"2026-04-15T13:01:28+00:00","og_image":[{"width":822,"height":548,"url":"https:\/\/klf.fr\/wp-content\/uploads\/2024\/05\/Appart_Hotel2___responsive_822_548.jpg","type":"image\/jpeg"}],"twitter_card":"summary_large_image","schema":{"@context":"https:\/\/schema.org","@graph":[{"@type":"WebPage","@id":"https:\/\/klf.fr\/fr\/lyon\/logement-en-lyon\/","url":"https:\/\/klf.fr\/fr\/lyon\/logement-en-lyon\/","name":"H\u00e9bergement \u00e0 Lyon - Keep Learning French","isPartOf":{"@id":"https:\/\/klf.fr\/fr\/#website"},"primaryImageOfPage":{"@id":"https:\/\/klf.fr\/fr\/lyon\/logement-en-lyon\/#primaryimage"},"image":{"@id":"https:\/\/klf.fr\/fr\/lyon\/logement-en-lyon\/#primaryimage"},"thumbnailUrl":"https:\/\/klf.fr\/wp-content\/uploads\/2024\/05\/Appart_Hotel2___responsive_822_548.jpg","datePublished":"2024-03-03T21:57:16+00:00","dateModified":"2026-04-15T13:01:28+00:00","breadcrumb":{"@id":"https:\/\/klf.fr\/fr\/lyon\/logement-en-lyon\/#breadcrumb"},"inLanguage":"fr-FR","potentialAction":[{"@type":"ReadAction","target":["https:\/\/klf.fr\/fr\/lyon\/logement-en-lyon\/"]}]},{"@type":"ImageObject","inLanguage":"fr-FR","@id":"https:\/\/klf.fr\/fr\/lyon\/logement-en-lyon\/#primaryimage","url":"https:\/\/klf.fr\/wp-content\/uploads\/2024\/05\/Appart_Hotel2___responsive_822_548.jpg","contentUrl":"https:\/\/klf.fr\/wp-content\/uploads\/2024\/05\/Appart_Hotel2___responsive_822_548.jpg","width":822,"height":548,"caption":"Apart"},{"@type":"BreadcrumbList","@id":"https:\/\/klf.fr\/fr\/lyon\/logement-en-lyon\/#breadcrumb","itemListElement":[{"@type":"ListItem","position":1,"name":"Home","item":"https:\/\/klf.fr\/fr\/home-2\/"},{"@type":"ListItem","position":2,"name":"Apprendre le fran\u00e7ais \u00e0 Lyon","item":"https:\/\/klf.fr\/fr\/lyon\/"},{"@type":"ListItem","position":3,"name":"H\u00e9bergement \u00e0 Lyon"}]},{"@type":"WebSite","@id":"https:\/\/klf.fr\/fr\/#website","url":"https:\/\/klf.fr\/fr\/","name":"Keep Learning French","description":"Groupe d&#039;\u00e9coles de FLE en France.","publisher":{"@id":"https:\/\/klf.fr\/fr\/#organization"},"potentialAction":[{"@type":"SearchAction","target":{"@type":"EntryPoint","urlTemplate":"https:\/\/klf.fr\/fr\/?s={search_term_string}"},"query-input":{"@type":"PropertyValueSpecification","valueRequired":true,"valueName":"search_term_string"}}],"inLanguage":"fr-FR"},{"@type":["Organization","Place"],"@id":"https:\/\/klf.fr\/fr\/#organization","name":"Keep Learning French","url":"https:\/\/klf.fr\/fr\/","logo":{"@id":"https:\/\/klf.fr\/fr\/lyon\/logement-en-lyon\/#local-main-organization-logo"},"image":{"@id":"https:\/\/klf.fr\/fr\/lyon\/logement-en-lyon\/#local-main-organization-logo"},"sameAs":["https:\/\/linkedin.com\/school\/keep-learning-french\/"],"telephone":[],"openingHoursSpecification":[{"@type":"OpeningHoursSpecification","dayOfWeek":["Monday","Tuesday","Wednesday","Thursday","Friday","Saturday","Sunday"],"opens":"09:00","closes":"17:00"}]},{"@type":"ImageObject","inLanguage":"fr-FR","@id":"https:\/\/klf.fr\/fr\/lyon\/logement-en-lyon\/#local-main-organization-logo","url":"https:\/\/klf.fr\/wp-content\/uploads\/2020\/09\/klf-favicon.png","contentUrl":"https:\/\/klf.fr\/wp-content\/uploads\/2020\/09\/klf-favicon.png","width":200,"height":200,"caption":"Keep Learning French"}]}},"_links":{"self":[{"href":"https:\/\/klf.fr\/fr\/wp-json\/wp\/v2\/pages\/34573","targetHints":{"allow":["GET"]}}],"collection":[{"href":"https:\/\/klf.fr\/fr\/wp-json\/wp\/v2\/pages"}],"about":[{"href":"https:\/\/klf.fr\/fr\/wp-json\/wp\/v2\/types\/page"}],"author":[{"embeddable":true,"href":"https:\/\/klf.fr\/fr\/wp-json\/wp\/v2\/users\/11"}],"replies":[{"embeddable":true,"href":"https:\/\/klf.fr\/fr\/wp-json\/wp\/v2\/comments?post=34573"}],"version-history":[{"count":0,"href":"https:\/\/klf.fr\/fr\/wp-json\/wp\/v2\/pages\/34573\/revisions"}],"up":[{"embeddable":true,"href":"https:\/\/klf.fr\/fr\/wp-json\/wp\/v2\/pages\/27277"}],"wp:featuredmedia":[{"embeddable":true,"href":"https:\/\/klf.fr\/fr\/wp-json\/wp\/v2\/media\/7324"}],"wp:attachment":[{"href":"https:\/\/klf.fr\/fr\/wp-json\/wp\/v2\/media?parent=34573"}],"wp:term":[{"taxonomy":"language-product","embeddable":true,"href":"https:\/\/klf.fr\/fr\/wp-json\/wp\/v2\/language-product?post=34573"},{"taxonomy":"type-product","embeddable":true,"href":"https:\/\/klf.fr\/fr\/wp-json\/wp\/v2\/type-product?post=34573"},{"taxonomy":"city-product","embeddable":true,"href":"https:\/\/klf.fr\/fr\/wp-json\/wp\/v2\/city-product?post=34573"},{"taxonomy":"course-category","embeddable":true,"href":"https:\/\/klf.fr\/fr\/wp-json\/wp\/v2\/course-category?post=34573"},{"taxonomy":"folder","embeddable":true,"href":"https:\/\/klf.fr\/fr\/wp-json\/wp\/v2\/folder?post=34573"}],"curies":[{"name":"wp","href":"https:\/\/api.w.org\/{rel}","templated":true}]}}