{"id":32074,"date":"2025-01-30T14:47:51","date_gmt":"2025-01-30T13:47:51","guid":{"rendered":"https:\/\/klf.fr\/montpellier\/french-courses-in-montpellier-booking\/"},"modified":"2025-09-03T17:51:42","modified_gmt":"2025-09-03T15:51:42","slug":"french-courses-in-montpellier-booking","status":"publish","type":"page","link":"https:\/\/klf.fr\/fr\/montpellier\/french-courses-in-montpellier-booking\/","title":{"rendered":"Cours de fran\u00e7ais \u00e0 Montpellier R\u00e9servation"},"content":{"rendered":"\t\t<div data-elementor-type=\"wp-page\" data-elementor-id=\"32074\" class=\"elementor elementor-32074 elementor-21512\" data-elementor-post-type=\"page\">\n\t\t\t\t<div class=\"elementor-element elementor-element-1241cbf e-con-full e-flex e-con e-parent\" data-id=\"1241cbf\" data-element_type=\"container\" data-e-type=\"container\" data-settings=\"{&quot;ekit_has_onepagescroll_dot&quot;:&quot;yes&quot;}\">\n\t\t<div class=\"elementor-element elementor-element-6cbb272 e-con-full e-flex e-con e-child\" data-id=\"6cbb272\" data-element_type=\"container\" data-e-type=\"container\" data-settings=\"{&quot;background_background&quot;:&quot;gradient&quot;,&quot;ekit_has_onepagescroll_dot&quot;:&quot;yes&quot;}\">\n\t\t<div class=\"elementor-element elementor-element-2e32531 e-con-full e-flex e-con e-child\" data-id=\"2e32531\" data-element_type=\"container\" data-e-type=\"container\" data-settings=\"{&quot;ekit_has_onepagescroll_dot&quot;:&quot;yes&quot;}\">\n\t\t\t\t<div class=\"elementor-element elementor-element-46ed6a0 elementor-widget elementor-widget-spacer\" data-id=\"46ed6a0\" data-element_type=\"widget\" data-e-type=\"widget\" data-settings=\"{&quot;ekit_we_effect_on&quot;:&quot;none&quot;}\" data-widget_type=\"spacer.default\">\n\t\t\t\t\t\t\t<div class=\"elementor-spacer\">\n\t\t\t<div class=\"elementor-spacer-inner\"><\/div>\n\t\t<\/div>\n\t\t\t\t\t\t<\/div>\n\t\t\t\t<div class=\"elementor-element elementor-element-905d67f elementor-widget elementor-widget-heading\" data-id=\"905d67f\" data-element_type=\"widget\" data-e-type=\"widget\" data-settings=\"{&quot;ekit_we_effect_on&quot;:&quot;none&quot;}\" data-widget_type=\"heading.default\">\n\t\t\t\t\t<h2 class=\"elementor-heading-title elementor-size-default\">R\u00e9servation<br>Cours de fran\u00e7ais \u00e0 Montpellier\n<\/h2>\t\t\t\t<\/div>\n\t\t\t\t<div class=\"elementor-element elementor-element-a21ffee elementor-widget elementor-widget-text-editor\" data-id=\"a21ffee\" data-element_type=\"widget\" data-e-type=\"widget\" data-settings=\"{&quot;ekit_we_effect_on&quot;:&quot;none&quot;}\" data-widget_type=\"text-editor.default\">\n\t\t\t\t\t\t\t\t\t<p class=\"p1\">R\u00e9servez votre prochain cours de fran\u00e7ais \u00e0 Montpellier, France.<br><br>Nous nous r\u00e9jouissons de vous accueillir dans notre \u00e9cole !<\/p>\t\t\t\t\t\t\t\t<\/div>\n\t\t\t\t<\/div>\n\t\t<div class=\"elementor-element elementor-element-9dbf895 e-con-full e-flex e-con e-child\" data-id=\"9dbf895\" data-element_type=\"container\" data-e-type=\"container\" data-settings=\"{&quot;ekit_has_onepagescroll_dot&quot;:&quot;yes&quot;}\">\n\t\t\t\t<\/div>\n\t\t\t\t<\/div>\n\t\t\t\t<\/div>\n\t\t<div class=\"elementor-element elementor-element-7d97ae8 e-flex e-con-boxed e-con e-parent\" data-id=\"7d97ae8\" data-element_type=\"container\" data-e-type=\"container\" data-settings=\"{&quot;ekit_has_onepagescroll_dot&quot;:&quot;yes&quot;}\">\n\t\t\t\t\t<div class=\"e-con-inner\">\n\t\t\t\t<div class=\"elementor-element elementor-element-50e2e18 elementor-widget elementor-widget-elementskit-breadcrumb\" data-id=\"50e2e18\" data-element_type=\"widget\" data-e-type=\"widget\" data-settings=\"{&quot;ekit_we_effect_on&quot;:&quot;none&quot;}\" data-widget_type=\"elementskit-breadcrumb.default\">\n\t\t\t\t<div class=\"elementor-widget-container\">\n\t\t\t\t\t<div class=\"ekit-wid-con\" ><ol class=\"ekit-breadcrumb\"><li class=\"ekit_breadcrumbs_start\"><a href=\"https:\/\/klf.fr\/fr\/\">Home<\/a><\/li> <li class=\"brd_sep\"> &raquo; <\/li> <li><a href=\"https:\/\/klf.fr\/fr\/montpellier\/\" title=\"Montpellier\">Montpellier<\/a><\/li> <li class=\"brd_sep\"> &raquo; <\/li>  <li>Cours de fran\u00e7ais \u00e0 Montpellier R\u00e9servation<\/li><\/ol><\/div>\t\t\t\t<\/div>\n\t\t\t\t<\/div>\n\t\t\t\t<div class=\"elementor-element elementor-element-cd842b4 elementor-widget elementor-widget-shortcode\" data-id=\"cd842b4\" data-element_type=\"widget\" data-e-type=\"widget\" data-settings=\"{&quot;ekit_we_effect_on&quot;:&quot;none&quot;}\" data-widget_type=\"shortcode.default\">\n\t\t\t\t\t\t\t<div class=\"elementor-shortcode\"><noscript>Please enable JavaScript to continue with this form.<\/noscript>\n<fidelo-widget><\/fidelo-widget>\n<script src=\"https:\/\/proxy.fidelo.com\/app\/widget\/1.0\/klf\/js\/widget.js?c=HVK6WQWYZXA3ZQAQ&l=fr\"><\/script>\n<\/div>\n\t\t\t\t\t\t<\/div>\n\t\t\t\t<div class=\"elementor-element elementor-element-b2c3a05 elementor-widget-divider--view-line elementor-widget elementor-widget-divider\" data-id=\"b2c3a05\" data-element_type=\"widget\" data-e-type=\"widget\" data-settings=\"{&quot;ekit_we_effect_on&quot;:&quot;none&quot;}\" data-widget_type=\"divider.default\">\n\t\t\t\t\t\t\t<div class=\"elementor-divider\">\n\t\t\t<span class=\"elementor-divider-separator\">\n\t\t\t\t\t\t<\/span>\n\t\t<\/div>\n\t\t\t\t\t\t<\/div>\n\t\t\t\t<div class=\"elementor-element elementor-element-2c2c5e5 elementor-widget elementor-widget-text-editor\" data-id=\"2c2c5e5\" data-element_type=\"widget\" data-e-type=\"widget\" data-settings=\"{&quot;ekit_we_effect_on&quot;:&quot;none&quot;}\" data-widget_type=\"text-editor.default\">\n\t\t\t\t\t\t\t\t\t<p><em>*Pour les r\u00e9servations de derni\u00e8re minute (moins de 4 jours avant le d\u00e9but du cours), veuillez nous contacter au pr\u00e9alable \u00e0 l&rsquo;adresse contact@klf.fr pour v\u00e9rifier la disponibilit\u00e9.<\/em><\/p><p><em>* Les \u00e9coles seront ferm\u00e9es les jours fer\u00e9is suivants : 2025 : 11 novembre \u2013 et 2026 : 01 janvier | 06 avril | 01 mai | 08 mai | 25 mai | 14 juillet | 11 novembre. Les cours ne seront ni report\u00e9s \/ ni compens\u00e9s. Conform\u00e9ment \u00e0 nos <a href=\"https:\/\/klf.fr\/terms-and-conditions\/\" target=\"_blank\" rel=\"noopener\">conditions g\u00e9n\u00e9rales<\/a> les \u00e9coles seront ferm\u00e9e et aucun cours de rattrapage ne sera propos\u00e9\u00a0\u00bb.<\/em><\/p><p><em>* Cours le matin ou l&rsquo;apr\u00e8s-midi, en fonction de votre niveau et du nombre d&rsquo;inscriptions aux cours de l&rsquo;\u00e9cole.<\/em><\/p><p><em>* Pour les d\u00e9butants complets, niveau A0, des cours sp\u00e9cifiques sont pr\u00e9vus.<\/em><\/p><p><em>*L &lsquo; inscription ne sera consid\u00e9r\u00e9e comme valide que lorsque le paiement aura \u00e9t\u00e9 re\u00e7u.<\/em><\/p>\t\t\t\t\t\t\t\t<\/div>\n\t\t\t\t\t<\/div>\n\t\t\t\t<\/div>\n\t\t\t\t<\/div>\n\t\t","protected":false},"excerpt":{"rendered":"<p>R\u00e9servationCours de fran\u00e7ais \u00e0 Montpellier R\u00e9servez votre prochain cours de fran\u00e7ais \u00e0 Montpellier, France. Nous nous r\u00e9jouissons de vous accueillir dans notre \u00e9cole ! Home Please enable JavaScript to continue with this form. *Pour les r\u00e9servations de derni\u00e8re minute (moins de 4 jours avant le d\u00e9but du cours), veuillez nous contacter au pr\u00e9alable \u00e0 l&rsquo;adresse [&hellip;]<\/p>\n","protected":false},"author":13,"featured_media":0,"parent":27286,"menu_order":0,"comment_status":"closed","ping_status":"closed","template":"elementor_header_footer","meta":{"content-type":"","footnotes":""},"language-product":[],"type-product":[],"city-product":[],"course-category":[],"folder":[],"class_list":["post-32074","page","type-page","status-publish","hentry"],"yoast_head":"<!-- This site is optimized with the Yoast SEO Premium plugin v27.4 (Yoast SEO v27.4) - https:\/\/yoast.com\/product\/yoast-seo-premium-wordpress\/ -->\n<title>Cours de fran\u00e7ais \u00e0 Montpellier R\u00e9servation - Keep Learning French<\/title>\n<meta name=\"robots\" content=\"index, follow, max-snippet:-1, max-image-preview:large, max-video-preview:-1\" \/>\n<link rel=\"canonical\" href=\"https:\/\/klf.fr\/fr\/montpellier\/french-courses-in-montpellier-booking\/\" \/>\n<meta property=\"og:locale\" content=\"fr_FR\" \/>\n<meta property=\"og:type\" content=\"article\" \/>\n<meta property=\"og:title\" content=\"Cours de fran\u00e7ais \u00e0 Montpellier R\u00e9servation\" \/>\n<meta property=\"og:description\" content=\"R\u00e9servationCours de fran\u00e7ais \u00e0 Montpellier R\u00e9servez votre prochain cours de fran\u00e7ais \u00e0 Montpellier, France. Nous nous r\u00e9jouissons de vous accueillir dans notre \u00e9cole ! Home Please enable JavaScript to continue with this form. *Pour les r\u00e9servations de derni\u00e8re minute (moins de 4 jours avant le d\u00e9but du cours), veuillez nous contacter au pr\u00e9alable \u00e0 l&rsquo;adresse [&hellip;]\" \/>\n<meta property=\"og:url\" content=\"https:\/\/klf.fr\/fr\/montpellier\/french-courses-in-montpellier-booking\/\" \/>\n<meta property=\"og:site_name\" content=\"Keep Learning French\" \/>\n<meta property=\"article:modified_time\" content=\"2025-09-03T15:51:42+00:00\" \/>\n<meta name=\"twitter:card\" content=\"summary_large_image\" \/>\n<meta name=\"twitter:label1\" content=\"Dur\u00e9e de lecture estim\u00e9e\" \/>\n\t<meta name=\"twitter:data1\" content=\"1 minute\" \/>\n<script type=\"application\/ld+json\" class=\"yoast-schema-graph\">{\"@context\":\"https:\\\/\\\/schema.org\",\"@graph\":[{\"@type\":\"WebPage\",\"@id\":\"https:\\\/\\\/klf.fr\\\/fr\\\/montpellier\\\/french-courses-in-montpellier-booking\\\/\",\"url\":\"https:\\\/\\\/klf.fr\\\/fr\\\/montpellier\\\/french-courses-in-montpellier-booking\\\/\",\"name\":\"Cours de fran\u00e7ais \u00e0 Montpellier R\u00e9servation - Keep Learning French\",\"isPartOf\":{\"@id\":\"https:\\\/\\\/klf.fr\\\/fr\\\/#website\"},\"datePublished\":\"2025-01-30T13:47:51+00:00\",\"dateModified\":\"2025-09-03T15:51:42+00:00\",\"breadcrumb\":{\"@id\":\"https:\\\/\\\/klf.fr\\\/fr\\\/montpellier\\\/french-courses-in-montpellier-booking\\\/#breadcrumb\"},\"inLanguage\":\"fr-FR\",\"potentialAction\":[{\"@type\":\"ReadAction\",\"target\":[\"https:\\\/\\\/klf.fr\\\/fr\\\/montpellier\\\/french-courses-in-montpellier-booking\\\/\"]}]},{\"@type\":\"BreadcrumbList\",\"@id\":\"https:\\\/\\\/klf.fr\\\/fr\\\/montpellier\\\/french-courses-in-montpellier-booking\\\/#breadcrumb\",\"itemListElement\":[{\"@type\":\"ListItem\",\"position\":1,\"name\":\"Home\",\"item\":\"https:\\\/\\\/klf.fr\\\/fr\\\/home-2\\\/\"},{\"@type\":\"ListItem\",\"position\":2,\"name\":\"Montpellier\",\"item\":\"https:\\\/\\\/klf.fr\\\/fr\\\/montpellier\\\/\"},{\"@type\":\"ListItem\",\"position\":3,\"name\":\"Cours de fran\u00e7ais \u00e0 Montpellier R\u00e9servation\"}]},{\"@type\":\"WebSite\",\"@id\":\"https:\\\/\\\/klf.fr\\\/fr\\\/#website\",\"url\":\"https:\\\/\\\/klf.fr\\\/fr\\\/\",\"name\":\"Keep Learning French\",\"description\":\"Groupe d&#039;\u00e9coles de FLE en France.\",\"publisher\":{\"@id\":\"https:\\\/\\\/klf.fr\\\/fr\\\/#organization\"},\"potentialAction\":[{\"@type\":\"SearchAction\",\"target\":{\"@type\":\"EntryPoint\",\"urlTemplate\":\"https:\\\/\\\/klf.fr\\\/fr\\\/?s={search_term_string}\"},\"query-input\":{\"@type\":\"PropertyValueSpecification\",\"valueRequired\":true,\"valueName\":\"search_term_string\"}}],\"inLanguage\":\"fr-FR\"},{\"@type\":[\"Organization\",\"Place\"],\"@id\":\"https:\\\/\\\/klf.fr\\\/fr\\\/#organization\",\"name\":\"Keep Learning French\",\"url\":\"https:\\\/\\\/klf.fr\\\/fr\\\/\",\"logo\":{\"@id\":\"https:\\\/\\\/klf.fr\\\/fr\\\/montpellier\\\/french-courses-in-montpellier-booking\\\/#local-main-organization-logo\"},\"image\":{\"@id\":\"https:\\\/\\\/klf.fr\\\/fr\\\/montpellier\\\/french-courses-in-montpellier-booking\\\/#local-main-organization-logo\"},\"sameAs\":[\"https:\\\/\\\/linkedin.com\\\/school\\\/keep-learning-french\\\/\"],\"telephone\":[],\"openingHoursSpecification\":[{\"@type\":\"OpeningHoursSpecification\",\"dayOfWeek\":[\"Monday\",\"Tuesday\",\"Wednesday\",\"Thursday\",\"Friday\",\"Saturday\",\"Sunday\"],\"opens\":\"09:00\",\"closes\":\"17:00\"}]},{\"@type\":\"ImageObject\",\"inLanguage\":\"fr-FR\",\"@id\":\"https:\\\/\\\/klf.fr\\\/fr\\\/montpellier\\\/french-courses-in-montpellier-booking\\\/#local-main-organization-logo\",\"url\":\"https:\\\/\\\/klf.fr\\\/wp-content\\\/uploads\\\/2020\\\/09\\\/klf-favicon.png\",\"contentUrl\":\"https:\\\/\\\/klf.fr\\\/wp-content\\\/uploads\\\/2020\\\/09\\\/klf-favicon.png\",\"width\":200,\"height\":200,\"caption\":\"Keep Learning French\"}]}<\/script>\n<!-- \/ Yoast SEO Premium plugin. -->","yoast_head_json":{"title":"Cours de fran\u00e7ais \u00e0 Montpellier R\u00e9servation - Keep Learning French","robots":{"index":"index","follow":"follow","max-snippet":"max-snippet:-1","max-image-preview":"max-image-preview:large","max-video-preview":"max-video-preview:-1"},"canonical":"https:\/\/klf.fr\/fr\/montpellier\/french-courses-in-montpellier-booking\/","og_locale":"fr_FR","og_type":"article","og_title":"Cours de fran\u00e7ais \u00e0 Montpellier R\u00e9servation","og_description":"R\u00e9servationCours de fran\u00e7ais \u00e0 Montpellier R\u00e9servez votre prochain cours de fran\u00e7ais \u00e0 Montpellier, France. Nous nous r\u00e9jouissons de vous accueillir dans notre \u00e9cole ! Home Please enable JavaScript to continue with this form. *Pour les r\u00e9servations de derni\u00e8re minute (moins de 4 jours avant le d\u00e9but du cours), veuillez nous contacter au pr\u00e9alable \u00e0 l&rsquo;adresse [&hellip;]","og_url":"https:\/\/klf.fr\/fr\/montpellier\/french-courses-in-montpellier-booking\/","og_site_name":"Keep Learning French","article_modified_time":"2025-09-03T15:51:42+00:00","twitter_card":"summary_large_image","twitter_misc":{"Dur\u00e9e de lecture estim\u00e9e":"1 minute"},"schema":{"@context":"https:\/\/schema.org","@graph":[{"@type":"WebPage","@id":"https:\/\/klf.fr\/fr\/montpellier\/french-courses-in-montpellier-booking\/","url":"https:\/\/klf.fr\/fr\/montpellier\/french-courses-in-montpellier-booking\/","name":"Cours de fran\u00e7ais \u00e0 Montpellier R\u00e9servation - Keep Learning French","isPartOf":{"@id":"https:\/\/klf.fr\/fr\/#website"},"datePublished":"2025-01-30T13:47:51+00:00","dateModified":"2025-09-03T15:51:42+00:00","breadcrumb":{"@id":"https:\/\/klf.fr\/fr\/montpellier\/french-courses-in-montpellier-booking\/#breadcrumb"},"inLanguage":"fr-FR","potentialAction":[{"@type":"ReadAction","target":["https:\/\/klf.fr\/fr\/montpellier\/french-courses-in-montpellier-booking\/"]}]},{"@type":"BreadcrumbList","@id":"https:\/\/klf.fr\/fr\/montpellier\/french-courses-in-montpellier-booking\/#breadcrumb","itemListElement":[{"@type":"ListItem","position":1,"name":"Home","item":"https:\/\/klf.fr\/fr\/home-2\/"},{"@type":"ListItem","position":2,"name":"Montpellier","item":"https:\/\/klf.fr\/fr\/montpellier\/"},{"@type":"ListItem","position":3,"name":"Cours de fran\u00e7ais \u00e0 Montpellier R\u00e9servation"}]},{"@type":"WebSite","@id":"https:\/\/klf.fr\/fr\/#website","url":"https:\/\/klf.fr\/fr\/","name":"Keep Learning French","description":"Groupe d&#039;\u00e9coles de FLE en France.","publisher":{"@id":"https:\/\/klf.fr\/fr\/#organization"},"potentialAction":[{"@type":"SearchAction","target":{"@type":"EntryPoint","urlTemplate":"https:\/\/klf.fr\/fr\/?s={search_term_string}"},"query-input":{"@type":"PropertyValueSpecification","valueRequired":true,"valueName":"search_term_string"}}],"inLanguage":"fr-FR"},{"@type":["Organization","Place"],"@id":"https:\/\/klf.fr\/fr\/#organization","name":"Keep Learning French","url":"https:\/\/klf.fr\/fr\/","logo":{"@id":"https:\/\/klf.fr\/fr\/montpellier\/french-courses-in-montpellier-booking\/#local-main-organization-logo"},"image":{"@id":"https:\/\/klf.fr\/fr\/montpellier\/french-courses-in-montpellier-booking\/#local-main-organization-logo"},"sameAs":["https:\/\/linkedin.com\/school\/keep-learning-french\/"],"telephone":[],"openingHoursSpecification":[{"@type":"OpeningHoursSpecification","dayOfWeek":["Monday","Tuesday","Wednesday","Thursday","Friday","Saturday","Sunday"],"opens":"09:00","closes":"17:00"}]},{"@type":"ImageObject","inLanguage":"fr-FR","@id":"https:\/\/klf.fr\/fr\/montpellier\/french-courses-in-montpellier-booking\/#local-main-organization-logo","url":"https:\/\/klf.fr\/wp-content\/uploads\/2020\/09\/klf-favicon.png","contentUrl":"https:\/\/klf.fr\/wp-content\/uploads\/2020\/09\/klf-favicon.png","width":200,"height":200,"caption":"Keep Learning French"}]}},"_links":{"self":[{"href":"https:\/\/klf.fr\/fr\/wp-json\/wp\/v2\/pages\/32074","targetHints":{"allow":["GET"]}}],"collection":[{"href":"https:\/\/klf.fr\/fr\/wp-json\/wp\/v2\/pages"}],"about":[{"href":"https:\/\/klf.fr\/fr\/wp-json\/wp\/v2\/types\/page"}],"author":[{"embeddable":true,"href":"https:\/\/klf.fr\/fr\/wp-json\/wp\/v2\/users\/13"}],"replies":[{"embeddable":true,"href":"https:\/\/klf.fr\/fr\/wp-json\/wp\/v2\/comments?post=32074"}],"version-history":[{"count":0,"href":"https:\/\/klf.fr\/fr\/wp-json\/wp\/v2\/pages\/32074\/revisions"}],"up":[{"embeddable":true,"href":"https:\/\/klf.fr\/fr\/wp-json\/wp\/v2\/pages\/27286"}],"wp:attachment":[{"href":"https:\/\/klf.fr\/fr\/wp-json\/wp\/v2\/media?parent=32074"}],"wp:term":[{"taxonomy":"language-product","embeddable":true,"href":"https:\/\/klf.fr\/fr\/wp-json\/wp\/v2\/language-product?post=32074"},{"taxonomy":"type-product","embeddable":true,"href":"https:\/\/klf.fr\/fr\/wp-json\/wp\/v2\/type-product?post=32074"},{"taxonomy":"city-product","embeddable":true,"href":"https:\/\/klf.fr\/fr\/wp-json\/wp\/v2\/city-product?post=32074"},{"taxonomy":"course-category","embeddable":true,"href":"https:\/\/klf.fr\/fr\/wp-json\/wp\/v2\/course-category?post=32074"},{"taxonomy":"folder","embeddable":true,"href":"https:\/\/klf.fr\/fr\/wp-json\/wp\/v2\/folder?post=32074"}],"curies":[{"name":"wp","href":"https:\/\/api.w.org\/{rel}","templated":true}]}}