{"id":40246,"date":"2025-09-19T14:58:29","date_gmt":"2025-09-19T12:58:29","guid":{"rendered":"https:\/\/klf.fr\/booking-senior-french-escapade\/"},"modified":"2025-09-19T14:58:29","modified_gmt":"2025-09-19T12:58:29","slug":"booking-senior-french-escapade","status":"publish","type":"page","link":"https:\/\/klf.fr\/es\/booking-senior-french-escapade\/","title":{"rendered":"Reserva tu Escapada Francesa Senior"},"content":{"rendered":"\t\t<div data-elementor-type=\"wp-page\" data-elementor-id=\"40246\" class=\"elementor elementor-40246 elementor-40236\" data-elementor-post-type=\"page\">\n\t\t\t\t<div class=\"elementor-element elementor-element-29527ba e-flex e-con-boxed e-con e-parent\" data-id=\"29527ba\" data-element_type=\"container\" data-e-type=\"container\" data-settings=\"{&quot;background_background&quot;:&quot;gradient&quot;,&quot;ekit_has_onepagescroll_dot&quot;:&quot;yes&quot;}\">\n\t\t\t\t\t<div class=\"e-con-inner\">\n\t\t<div class=\"elementor-element elementor-element-c7c5341 e-con-full e-flex e-con e-child\" data-id=\"c7c5341\" data-element_type=\"container\" data-e-type=\"container\" data-settings=\"{&quot;ekit_has_onepagescroll_dot&quot;:&quot;yes&quot;}\">\n\t\t\t\t<div class=\"elementor-element elementor-element-6c38d1c elementor-widget elementor-widget-heading\" data-id=\"6c38d1c\" data-element_type=\"widget\" data-e-type=\"widget\" data-settings=\"{&quot;ekit_we_effect_on&quot;:&quot;none&quot;}\" data-widget_type=\"heading.default\">\n\t\t\t\t\t<h2 class=\"elementor-heading-title elementor-size-default\">Reserva tu Programa Senior\n<\/h2>\t\t\t\t<\/div>\n\t\t\t\t<div class=\"elementor-element elementor-element-3e48c0c elementor-widget elementor-widget-text-editor\" data-id=\"3e48c0c\" data-element_type=\"widget\" data-e-type=\"widget\" data-settings=\"{&quot;ekit_we_effect_on&quot;:&quot;none&quot;}\" data-widget_type=\"text-editor.default\">\n\t\t\t\t\t\t\t\t\t<p>Reserva ahora tu Programa Senior<br> Estaremos encantados de recibirle en nuestros centros.<\/p>\t\t\t\t\t\t\t\t<\/div>\n\t\t\t\t<\/div>\n\t\t<div class=\"elementor-element elementor-element-efeaa6c e-con-full e-flex e-con e-child\" data-id=\"efeaa6c\" data-element_type=\"container\" data-e-type=\"container\" data-settings=\"{&quot;ekit_has_onepagescroll_dot&quot;:&quot;yes&quot;}\">\n\t\t\t\t<\/div>\n\t\t\t\t\t<\/div>\n\t\t\t\t<\/div>\n\t\t<div class=\"elementor-element elementor-element-3023ea1 e-flex e-con-boxed e-con e-parent\" data-id=\"3023ea1\" data-element_type=\"container\" data-e-type=\"container\" data-settings=\"{&quot;ekit_has_onepagescroll_dot&quot;:&quot;yes&quot;}\">\n\t\t\t\t\t<div class=\"e-con-inner\">\n\t\t\t\t<div class=\"elementor-element elementor-element-0901ef2 elementor-widget elementor-widget-elementskit-breadcrumb\" data-id=\"0901ef2\" data-element_type=\"widget\" data-e-type=\"widget\" data-settings=\"{&quot;ekit_we_effect_on&quot;:&quot;none&quot;}\" data-widget_type=\"elementskit-breadcrumb.default\">\n\t\t\t\t<div class=\"elementor-widget-container\">\n\t\t\t\t\t<div class=\"ekit-wid-con\" ><ol class=\"ekit-breadcrumb\"><li class=\"ekit_breadcrumbs_start\"><a href=\"https:\/\/klf.fr\/es\/\">Home<\/a><\/li> <li class=\"brd_sep\"> &raquo; <\/li>  <li>Reserva tu Escapada Francesa Senior<\/li><\/ol><\/div>\t\t\t\t<\/div>\n\t\t\t\t<\/div>\n\t\t\t\t<div class=\"elementor-element elementor-element-e2736c7 elementor-widget elementor-widget-shortcode\" data-id=\"e2736c7\" data-element_type=\"widget\" data-e-type=\"widget\" data-settings=\"{&quot;ekit_we_effect_on&quot;:&quot;none&quot;}\" data-widget_type=\"shortcode.default\">\n\t\t\t\t\t\t\t<div class=\"elementor-shortcode\"><noscript>Habilite JavaScript para continuar con este formulario.<\/noscript>\n<fidelo-widget><\/fidelo-widget>\n<script src=\"https:\/\/proxy.fidelo.com\/app\/widget\/1.0\/klf\/js\/widget.js?c=8U6H5QG72RH4G8KX&amp;l=en\"><\/script><\/div>\n\t\t\t\t\t\t<\/div>\n\t\t\t\t<div class=\"elementor-element elementor-element-3ed6384 elementor-widget-divider--view-line elementor-widget elementor-widget-divider\" data-id=\"3ed6384\" data-element_type=\"widget\" data-e-type=\"widget\" data-settings=\"{&quot;ekit_we_effect_on&quot;:&quot;none&quot;}\" data-widget_type=\"divider.default\">\n\t\t\t\t\t\t\t<div class=\"elementor-divider\">\n\t\t\t<span class=\"elementor-divider-separator\">\n\t\t\t\t\t\t<\/span>\n\t\t<\/div>\n\t\t\t\t\t\t<\/div>\n\t\t\t\t<div class=\"elementor-element elementor-element-eab0f4e elementor-widget elementor-widget-text-editor\" data-id=\"eab0f4e\" data-element_type=\"widget\" data-e-type=\"widget\" data-settings=\"{&quot;ekit_we_effect_on&quot;:&quot;none&quot;}\" data-widget_type=\"text-editor.default\">\n\t\t\t\t\t\t\t\t\t<p><em>*Para reservas de \u00faltima hora (menos de 4 d\u00edas antes del comienzo del curso), ponte en contacto con nosotros antes en contact@klf.fr para comprobar la disponibilidad.<\/em><\/p><p><em>* Las escuelas permanecer\u00e1n cerradas los siguientes d\u00edas festivos: 2025: 11 de noviembre; y 2026: 1 de enero, 6 de abril, 1 de mayo, 8 de mayo, 25 de mayo, 14 de julio y 11 de noviembre. Las clases no se reprogramar\u00e1n ni se recuperar\u00e1n. De conformidad con nuestras <a href=\"https:\/\/klf.fr\/es\/terms-and-conditions\/\" target=\"_blank\" rel=\"noopener\">condiciones generales<\/a> la escuela permanecer\u00e1 cerrada y no se ofrecer\u00e1n clases de recuperaci\u00f3n\u00bb.<\/em><\/p><p><em>* Clases por la ma\u00f1ana o por la tarde, dependiendo de tu nivel y de la ocupaci\u00f3n de los cursos de la escuela.<\/em><\/p><p><em>* Para los principiantes absolutos, nivel A0, est\u00e1n previstos cursos espec\u00edficos.<\/em><\/p><p><em>*La inscripci\u00f3n s\u00f3lo se considerar\u00e1 v\u00e1lida una vez recibido el pago.<\/em><\/p>\t\t\t\t\t\t\t\t<\/div>\n\t\t\t\t\t<\/div>\n\t\t\t\t<\/div>\n\t\t\t\t<\/div>\n\t\t","protected":false},"excerpt":{"rendered":"<p>Reserva tu Programa Senior Reserva ahora tu Programa Senior Estaremos encantados de recibirle en nuestros centros. Home Habilite JavaScript para continuar con este formulario. *Para reservas de \u00faltima hora (menos de 4 d\u00edas antes del comienzo del curso), ponte en contacto con nosotros antes en contact@klf.fr para comprobar la disponibilidad. * Las escuelas permanecer\u00e1n cerradas [&hellip;]<\/p>\n","protected":false},"author":13,"featured_media":0,"parent":0,"menu_order":0,"comment_status":"closed","ping_status":"closed","template":"","meta":{"content-type":"","footnotes":""},"language-product":[],"type-product":[],"city-product":[],"course-category":[],"folder":[],"class_list":["post-40246","page","type-page","status-publish","hentry"],"yoast_head":"<!-- This site is optimized with the Yoast SEO Premium plugin v27.5 (Yoast SEO v27.5) - https:\/\/yoast.com\/product\/yoast-seo-premium-wordpress\/ -->\n<title>Reserve su curso de franc\u00e9s en Francia - Keep Learning French<\/title>\n<meta name=\"description\" content=\"\u00bfListo para aprender franc\u00e9s? Reserve su pr\u00f3ximo curso con nosotros en Francia y sum\u00e9rjase en a8&gt; nosotros en Francia y sum\u00e9rgete en el idioma y la cultura.\" \/>\n<meta name=\"robots\" content=\"index, follow, max-snippet:-1, max-image-preview:large, max-video-preview:-1\" \/>\n<link rel=\"canonical\" href=\"https:\/\/klf.fr\/es\/booking-senior-french-escapade\/\" \/>\n<meta property=\"og:locale\" content=\"es_ES\" \/>\n<meta property=\"og:type\" content=\"article\" \/>\n<meta property=\"og:title\" content=\"Reserva tu Escapada Francesa Senior\" \/>\n<meta property=\"og:description\" content=\"\u00bfListo para aprender franc\u00e9s? Reserve su pr\u00f3ximo curso con nosotros en Francia y sum\u00e9rjase en a8&gt; nosotros en Francia y sum\u00e9rgete en el idioma y la cultura.\" \/>\n<meta property=\"og:url\" content=\"https:\/\/klf.fr\/es\/booking-senior-french-escapade\/\" \/>\n<meta property=\"og:site_name\" content=\"Keep Learning French\" \/>\n<meta name=\"twitter:card\" content=\"summary_large_image\" \/>\n<meta name=\"twitter:label1\" content=\"Tiempo de lectura\" \/>\n\t<meta name=\"twitter:data1\" content=\"1 minuto\" \/>\n<script type=\"application\/ld+json\" class=\"yoast-schema-graph\">{\"@context\":\"https:\\\/\\\/schema.org\",\"@graph\":[{\"@type\":\"WebPage\",\"@id\":\"https:\\\/\\\/klf.fr\\\/es\\\/booking-senior-french-escapade\\\/\",\"url\":\"https:\\\/\\\/klf.fr\\\/es\\\/booking-senior-french-escapade\\\/\",\"name\":\"Reserve su curso de franc\u00e9s en Francia - Keep Learning French\",\"isPartOf\":{\"@id\":\"https:\\\/\\\/klf.fr\\\/es\\\/#website\"},\"datePublished\":\"2025-09-19T12:58:29+00:00\",\"description\":\"\u00bfListo para aprender franc\u00e9s? Reserve su pr\u00f3ximo curso con nosotros en Francia y sum\u00e9rjase en a8> nosotros en Francia y sum\u00e9rgete en el idioma y la cultura.\",\"breadcrumb\":{\"@id\":\"https:\\\/\\\/klf.fr\\\/es\\\/booking-senior-french-escapade\\\/#breadcrumb\"},\"inLanguage\":\"es\",\"potentialAction\":[{\"@type\":\"ReadAction\",\"target\":[\"https:\\\/\\\/klf.fr\\\/es\\\/booking-senior-french-escapade\\\/\"]}]},{\"@type\":\"BreadcrumbList\",\"@id\":\"https:\\\/\\\/klf.fr\\\/es\\\/booking-senior-french-escapade\\\/#breadcrumb\",\"itemListElement\":[{\"@type\":\"ListItem\",\"position\":1,\"name\":\"Home\",\"item\":\"https:\\\/\\\/klf.fr\\\/es\\\/home-2\\\/\"},{\"@type\":\"ListItem\",\"position\":2,\"name\":\"Reserva tu Escapada Francesa Senior\"}]},{\"@type\":\"WebSite\",\"@id\":\"https:\\\/\\\/klf.fr\\\/es\\\/#website\",\"url\":\"https:\\\/\\\/klf.fr\\\/es\\\/\",\"name\":\"Keep Learning French\",\"description\":\"Groupe d&#039;\u00e9coles de FLE en France.\",\"publisher\":{\"@id\":\"https:\\\/\\\/klf.fr\\\/es\\\/#organization\"},\"potentialAction\":[{\"@type\":\"SearchAction\",\"target\":{\"@type\":\"EntryPoint\",\"urlTemplate\":\"https:\\\/\\\/klf.fr\\\/es\\\/?s={search_term_string}\"},\"query-input\":{\"@type\":\"PropertyValueSpecification\",\"valueRequired\":true,\"valueName\":\"search_term_string\"}}],\"inLanguage\":\"es\"},{\"@type\":[\"Organization\",\"Place\"],\"@id\":\"https:\\\/\\\/klf.fr\\\/es\\\/#organization\",\"name\":\"Keep Learning French\",\"url\":\"https:\\\/\\\/klf.fr\\\/es\\\/\",\"logo\":{\"@id\":\"https:\\\/\\\/klf.fr\\\/es\\\/booking-senior-french-escapade\\\/#local-main-organization-logo\"},\"image\":{\"@id\":\"https:\\\/\\\/klf.fr\\\/es\\\/booking-senior-french-escapade\\\/#local-main-organization-logo\"},\"sameAs\":[\"https:\\\/\\\/linkedin.com\\\/school\\\/keep-learning-french\\\/\"],\"telephone\":[],\"openingHoursSpecification\":[{\"@type\":\"OpeningHoursSpecification\",\"dayOfWeek\":[\"Monday\",\"Tuesday\",\"Wednesday\",\"Thursday\",\"Friday\",\"Saturday\",\"Sunday\"],\"opens\":\"09:00\",\"closes\":\"17:00\"}]},{\"@type\":\"ImageObject\",\"inLanguage\":\"es\",\"@id\":\"https:\\\/\\\/klf.fr\\\/es\\\/booking-senior-french-escapade\\\/#local-main-organization-logo\",\"url\":\"https:\\\/\\\/klf.fr\\\/wp-content\\\/uploads\\\/2020\\\/09\\\/klf-favicon.png\",\"contentUrl\":\"https:\\\/\\\/klf.fr\\\/wp-content\\\/uploads\\\/2020\\\/09\\\/klf-favicon.png\",\"width\":200,\"height\":200,\"caption\":\"Keep Learning French\"}]}<\/script>\n<!-- \/ Yoast SEO Premium plugin. -->","yoast_head_json":{"title":"Reserve su curso de franc\u00e9s en Francia - Keep Learning French","description":"\u00bfListo para aprender franc\u00e9s? Reserve su pr\u00f3ximo curso con nosotros en Francia y sum\u00e9rjase en a8> nosotros en Francia y sum\u00e9rgete en el idioma y la cultura.","robots":{"index":"index","follow":"follow","max-snippet":"max-snippet:-1","max-image-preview":"max-image-preview:large","max-video-preview":"max-video-preview:-1"},"canonical":"https:\/\/klf.fr\/es\/booking-senior-french-escapade\/","og_locale":"es_ES","og_type":"article","og_title":"Reserva tu Escapada Francesa Senior","og_description":"\u00bfListo para aprender franc\u00e9s? Reserve su pr\u00f3ximo curso con nosotros en Francia y sum\u00e9rjase en a8> nosotros en Francia y sum\u00e9rgete en el idioma y la cultura.","og_url":"https:\/\/klf.fr\/es\/booking-senior-french-escapade\/","og_site_name":"Keep Learning French","twitter_card":"summary_large_image","twitter_misc":{"Tiempo de lectura":"1 minuto"},"schema":{"@context":"https:\/\/schema.org","@graph":[{"@type":"WebPage","@id":"https:\/\/klf.fr\/es\/booking-senior-french-escapade\/","url":"https:\/\/klf.fr\/es\/booking-senior-french-escapade\/","name":"Reserve su curso de franc\u00e9s en Francia - Keep Learning French","isPartOf":{"@id":"https:\/\/klf.fr\/es\/#website"},"datePublished":"2025-09-19T12:58:29+00:00","description":"\u00bfListo para aprender franc\u00e9s? Reserve su pr\u00f3ximo curso con nosotros en Francia y sum\u00e9rjase en a8> nosotros en Francia y sum\u00e9rgete en el idioma y la cultura.","breadcrumb":{"@id":"https:\/\/klf.fr\/es\/booking-senior-french-escapade\/#breadcrumb"},"inLanguage":"es","potentialAction":[{"@type":"ReadAction","target":["https:\/\/klf.fr\/es\/booking-senior-french-escapade\/"]}]},{"@type":"BreadcrumbList","@id":"https:\/\/klf.fr\/es\/booking-senior-french-escapade\/#breadcrumb","itemListElement":[{"@type":"ListItem","position":1,"name":"Home","item":"https:\/\/klf.fr\/es\/home-2\/"},{"@type":"ListItem","position":2,"name":"Reserva tu Escapada Francesa Senior"}]},{"@type":"WebSite","@id":"https:\/\/klf.fr\/es\/#website","url":"https:\/\/klf.fr\/es\/","name":"Keep Learning French","description":"Groupe d&#039;\u00e9coles de FLE en France.","publisher":{"@id":"https:\/\/klf.fr\/es\/#organization"},"potentialAction":[{"@type":"SearchAction","target":{"@type":"EntryPoint","urlTemplate":"https:\/\/klf.fr\/es\/?s={search_term_string}"},"query-input":{"@type":"PropertyValueSpecification","valueRequired":true,"valueName":"search_term_string"}}],"inLanguage":"es"},{"@type":["Organization","Place"],"@id":"https:\/\/klf.fr\/es\/#organization","name":"Keep Learning French","url":"https:\/\/klf.fr\/es\/","logo":{"@id":"https:\/\/klf.fr\/es\/booking-senior-french-escapade\/#local-main-organization-logo"},"image":{"@id":"https:\/\/klf.fr\/es\/booking-senior-french-escapade\/#local-main-organization-logo"},"sameAs":["https:\/\/linkedin.com\/school\/keep-learning-french\/"],"telephone":[],"openingHoursSpecification":[{"@type":"OpeningHoursSpecification","dayOfWeek":["Monday","Tuesday","Wednesday","Thursday","Friday","Saturday","Sunday"],"opens":"09:00","closes":"17:00"}]},{"@type":"ImageObject","inLanguage":"es","@id":"https:\/\/klf.fr\/es\/booking-senior-french-escapade\/#local-main-organization-logo","url":"https:\/\/klf.fr\/wp-content\/uploads\/2020\/09\/klf-favicon.png","contentUrl":"https:\/\/klf.fr\/wp-content\/uploads\/2020\/09\/klf-favicon.png","width":200,"height":200,"caption":"Keep Learning French"}]}},"_links":{"self":[{"href":"https:\/\/klf.fr\/es\/wp-json\/wp\/v2\/pages\/40246","targetHints":{"allow":["GET"]}}],"collection":[{"href":"https:\/\/klf.fr\/es\/wp-json\/wp\/v2\/pages"}],"about":[{"href":"https:\/\/klf.fr\/es\/wp-json\/wp\/v2\/types\/page"}],"author":[{"embeddable":true,"href":"https:\/\/klf.fr\/es\/wp-json\/wp\/v2\/users\/13"}],"replies":[{"embeddable":true,"href":"https:\/\/klf.fr\/es\/wp-json\/wp\/v2\/comments?post=40246"}],"version-history":[{"count":0,"href":"https:\/\/klf.fr\/es\/wp-json\/wp\/v2\/pages\/40246\/revisions"}],"wp:attachment":[{"href":"https:\/\/klf.fr\/es\/wp-json\/wp\/v2\/media?parent=40246"}],"wp:term":[{"taxonomy":"language-product","embeddable":true,"href":"https:\/\/klf.fr\/es\/wp-json\/wp\/v2\/language-product?post=40246"},{"taxonomy":"type-product","embeddable":true,"href":"https:\/\/klf.fr\/es\/wp-json\/wp\/v2\/type-product?post=40246"},{"taxonomy":"city-product","embeddable":true,"href":"https:\/\/klf.fr\/es\/wp-json\/wp\/v2\/city-product?post=40246"},{"taxonomy":"course-category","embeddable":true,"href":"https:\/\/klf.fr\/es\/wp-json\/wp\/v2\/course-category?post=40246"},{"taxonomy":"folder","embeddable":true,"href":"https:\/\/klf.fr\/es\/wp-json\/wp\/v2\/folder?post=40246"}],"curies":[{"name":"wp","href":"https:\/\/api.w.org\/{rel}","templated":true}]}}