{"id":26434,"date":"2024-07-31T19:06:04","date_gmt":"2024-07-31T17:06:04","guid":{"rendered":"https:\/\/klf.fr\/montpellier\/test-de-placement\/"},"modified":"2024-12-12T12:41:13","modified_gmt":"2024-12-12T11:41:13","slug":"test-de-placement","status":"publish","type":"page","link":"https:\/\/klf.fr\/es\/montpellier\/test-de-placement\/","title":{"rendered":"Prueba de nivel &#8211; Montpellier"},"content":{"rendered":"\t\t<div data-elementor-type=\"wp-page\" data-elementor-id=\"26434\" class=\"elementor elementor-26434 elementor-16078\" data-elementor-post-type=\"page\">\n\t\t\t\t<div class=\"elementor-element elementor-element-a411327 e-flex e-con-boxed e-con e-parent\" data-id=\"a411327\" data-element_type=\"container\" data-e-type=\"container\" data-settings=\"{&quot;background_background&quot;:&quot;classic&quot;,&quot;ekit_has_onepagescroll_dot&quot;:&quot;yes&quot;}\">\n\t\t\t\t\t<div class=\"e-con-inner\">\n\t\t\t\t<div class=\"elementor-element elementor-element-6325df3 elementor-widget elementor-widget-image\" data-id=\"6325df3\" data-element_type=\"widget\" data-e-type=\"widget\" data-settings=\"{&quot;ekit_we_effect_on&quot;:&quot;none&quot;}\" data-widget_type=\"image.default\">\n\t\t\t\t\t\t\t\t\t\t\t\t\t\t\t<img fetchpriority=\"high\" decoding=\"async\" width=\"300\" height=\"300\" src=\"https:\/\/klf.fr\/wp-content\/uploads\/2024\/03\/logo-lsf-300x300.png\" class=\"attachment-medium size-medium wp-image-7490\" alt=\"learn french in Montpellier south of france\" srcset=\"https:\/\/klf.fr\/wp-content\/uploads\/2024\/03\/logo-lsf-300x300.png 300w, https:\/\/klf.fr\/wp-content\/uploads\/2024\/03\/logo-lsf-150x150.png 150w, https:\/\/klf.fr\/wp-content\/uploads\/2024\/03\/logo-lsf.png 500w\" sizes=\"(max-width: 300px) 100vw, 300px\" \/>\t\t\t\t\t\t\t\t\t\t\t\t\t\t\t<\/div>\n\t\t\t\t<div class=\"elementor-element elementor-element-9be73d4 elementor-widget elementor-widget-heading\" data-id=\"9be73d4\" data-element_type=\"widget\" data-e-type=\"widget\" data-settings=\"{&quot;ekit_we_effect_on&quot;:&quot;none&quot;}\" data-widget_type=\"heading.default\">\n\t\t\t\t\t<h2 class=\"elementor-heading-title elementor-size-default\">BIENVENIDOS A LA PRUEBA DE COLOCACI\u00d3N ESCOLAR LSF Montpellier<\/h2>\t\t\t\t<\/div>\n\t\t<div class=\"elementor-element elementor-element-f8ad18a e-con-full e-flex e-con e-child\" data-id=\"f8ad18a\" data-element_type=\"container\" data-e-type=\"container\" data-settings=\"{&quot;background_background&quot;:&quot;classic&quot;,&quot;ekit_has_onepagescroll_dot&quot;:&quot;yes&quot;}\">\n\t\t\t\t<div class=\"elementor-element elementor-element-d615811 elementor-widget elementor-widget-text-editor\" data-id=\"d615811\" data-element_type=\"widget\" data-e-type=\"widget\" data-settings=\"{&quot;ekit_we_effect_on&quot;:&quot;none&quot;}\" data-widget_type=\"text-editor.default\">\n\t\t\t\t\t\t\t\t\t<p><strong>El objetivo de esta prueba es situarle en el grupo que mejor se adapte a su nivel actual. Es obligatorio si desea ingresar en nuestra escuela.<\/strong><\/p>\n<p>Para obtener la m\u00e1xima fiabilidad, le recomendamos que realice esta prueba sin ayuda externa y sin diccionario.<\/p>\n<p>Esta prueba consta de varias partes y va del nivel m\u00e1s f\u00e1cil al m\u00e1s dif\u00edcil. Tienes la opci\u00f3n de no continuar con la prueba en cuanto el nivel se vuelva demasiado dif\u00edcil para ti. En las preguntas tipo test, elija la respuesta o respuestas correctas. En el caso de las preguntas libres, puede responder en el recuadro situado a la derecha de la pregunta.<\/p>\n<p>\u00a1\u00c1nimo!<\/p>\n\t\t\t\t\t\t\t\t<\/div>\n\t\t\t\t<div class=\"elementor-element elementor-element-0974edc elementor-widget elementor-widget-text-editor\" data-id=\"0974edc\" data-element_type=\"widget\" data-e-type=\"widget\" data-settings=\"{&quot;ekit_we_effect_on&quot;:&quot;none&quot;}\" data-widget_type=\"text-editor.default\">\n\t\t\t\t\t\t\t\t\t<p><strong>No olvides validar tu prueba al final.<\/strong><\/p>\n\t\t\t\t\t\t\t\t<\/div>\n\t\t\t\t<div class=\"elementor-element elementor-element-9437557 elementor-widget-divider--view-line elementor-widget elementor-widget-divider\" data-id=\"9437557\" data-element_type=\"widget\" data-e-type=\"widget\" data-settings=\"{&quot;ekit_we_effect_on&quot;:&quot;none&quot;}\" data-widget_type=\"divider.default\">\n\t\t\t\t\t\t\t<div class=\"elementor-divider\">\n\t\t\t<span class=\"elementor-divider-separator\">\n\t\t\t\t\t\t<\/span>\n\t\t<\/div>\n\t\t\t\t\t\t<\/div>\n\t\t\t\t<div class=\"elementor-element elementor-element-ad40f60 elementor-widget elementor-widget-shortcode\" data-id=\"ad40f60\" data-element_type=\"widget\" data-e-type=\"widget\" data-settings=\"{&quot;ekit_we_effect_on&quot;:&quot;none&quot;}\" data-widget_type=\"shortcode.default\">\n\t\t\t\t\t\t\t<div class=\"elementor-shortcode\">[thebingsnippet type=\"tsPlacementTest\" server=\"https:\/\/klf.fidelo.com\" key=\"KEY-3720362838\" language=\"fr\"]<\/div>\n\t\t\t\t\t\t<\/div>\n\t\t\t\t<\/div>\n\t\t\t\t\t<\/div>\n\t\t\t\t<\/div>\n\t\t\t\t<\/div>\n\t\t","protected":false},"excerpt":{"rendered":"<p>BIENVENIDOS A LA PRUEBA DE COLOCACI\u00d3N ESCOLAR LSF Montpellier El objetivo de esta prueba es situarle en el grupo que mejor se adapte a su nivel actual. Es obligatorio si desea ingresar en nuestra escuela. Para obtener la m\u00e1xima fiabilidad, le recomendamos que realice esta prueba sin ayuda externa y sin diccionario. Esta prueba consta [&hellip;]<\/p>\n","protected":false},"author":13,"featured_media":0,"parent":24643,"menu_order":0,"comment_status":"closed","ping_status":"closed","template":"elementor_canvas","meta":{"_acf_changed":false,"content-type":"","footnotes":""},"city-product":[],"type-product":[],"folder":[],"class_list":["post-26434","page","type-page","status-publish","hentry"],"yoast_head":"<!-- This site is optimized with the Yoast SEO Premium plugin v27.3 (Yoast SEO v27.3) - https:\/\/yoast.com\/product\/yoast-seo-premium-wordpress\/ -->\n<title>Prueba de nivel - Montpellier - Keep Learning French<\/title>\n<meta name=\"robots\" content=\"index, follow, max-snippet:-1, max-image-preview:large, max-video-preview:-1\" \/>\n<link rel=\"canonical\" href=\"https:\/\/klf.fr\/es\/montpellier\/test-de-placement\/\" \/>\n<meta property=\"og:locale\" content=\"es_ES\" \/>\n<meta property=\"og:type\" content=\"article\" \/>\n<meta property=\"og:title\" content=\"Prueba de nivel - Montpellier\" \/>\n<meta property=\"og:description\" content=\"BIENVENIDOS A LA PRUEBA DE COLOCACI\u00d3N ESCOLAR LSF Montpellier El objetivo de esta prueba es situarle en el grupo que mejor se adapte a su nivel actual. Es obligatorio si desea ingresar en nuestra escuela. Para obtener la m\u00e1xima fiabilidad, le recomendamos que realice esta prueba sin ayuda externa y sin diccionario. Esta prueba consta [&hellip;]\" \/>\n<meta property=\"og:url\" content=\"https:\/\/klf.fr\/es\/montpellier\/test-de-placement\/\" \/>\n<meta property=\"og:site_name\" content=\"Keep Learning French\" \/>\n<meta property=\"article:modified_time\" content=\"2024-12-12T11:41:13+00:00\" \/>\n<meta property=\"og:image\" content=\"https:\/\/klf.fr\/wp-content\/uploads\/2024\/03\/logo-lsf.png\" \/>\n\t<meta property=\"og:image:width\" content=\"500\" \/>\n\t<meta property=\"og:image:height\" content=\"501\" \/>\n\t<meta property=\"og:image:type\" content=\"image\/png\" \/>\n<meta name=\"twitter:card\" content=\"summary_large_image\" \/>\n<meta name=\"twitter:label1\" content=\"Tiempo de lectura\" \/>\n\t<meta name=\"twitter:data1\" content=\"1 minuto\" \/>\n<script type=\"application\/ld+json\" class=\"yoast-schema-graph\">{\"@context\":\"https:\\\/\\\/schema.org\",\"@graph\":[{\"@type\":\"WebPage\",\"@id\":\"https:\\\/\\\/klf.fr\\\/es\\\/montpellier\\\/test-de-placement\\\/\",\"url\":\"https:\\\/\\\/klf.fr\\\/es\\\/montpellier\\\/test-de-placement\\\/\",\"name\":\"Prueba de nivel - Montpellier - Keep Learning French\",\"isPartOf\":{\"@id\":\"https:\\\/\\\/klf.fr\\\/es\\\/#website\"},\"primaryImageOfPage\":{\"@id\":\"https:\\\/\\\/klf.fr\\\/es\\\/montpellier\\\/test-de-placement\\\/#primaryimage\"},\"image\":{\"@id\":\"https:\\\/\\\/klf.fr\\\/es\\\/montpellier\\\/test-de-placement\\\/#primaryimage\"},\"thumbnailUrl\":\"https:\\\/\\\/klf.fr\\\/wp-content\\\/uploads\\\/2024\\\/03\\\/logo-lsf-300x300.png\",\"datePublished\":\"2024-07-31T17:06:04+00:00\",\"dateModified\":\"2024-12-12T11:41:13+00:00\",\"breadcrumb\":{\"@id\":\"https:\\\/\\\/klf.fr\\\/es\\\/montpellier\\\/test-de-placement\\\/#breadcrumb\"},\"inLanguage\":\"es\",\"potentialAction\":[{\"@type\":\"ReadAction\",\"target\":[\"https:\\\/\\\/klf.fr\\\/es\\\/montpellier\\\/test-de-placement\\\/\"]}]},{\"@type\":\"ImageObject\",\"inLanguage\":\"es\",\"@id\":\"https:\\\/\\\/klf.fr\\\/es\\\/montpellier\\\/test-de-placement\\\/#primaryimage\",\"url\":\"https:\\\/\\\/klf.fr\\\/wp-content\\\/uploads\\\/2024\\\/03\\\/logo-lsf-300x300.png\",\"contentUrl\":\"https:\\\/\\\/klf.fr\\\/wp-content\\\/uploads\\\/2024\\\/03\\\/logo-lsf-300x300.png\"},{\"@type\":\"BreadcrumbList\",\"@id\":\"https:\\\/\\\/klf.fr\\\/es\\\/montpellier\\\/test-de-placement\\\/#breadcrumb\",\"itemListElement\":[{\"@type\":\"ListItem\",\"position\":1,\"name\":\"Home\",\"item\":\"https:\\\/\\\/klf.fr\\\/es\\\/home-2\\\/\"},{\"@type\":\"ListItem\",\"position\":2,\"name\":\"Montpellier\",\"item\":\"https:\\\/\\\/klf.fr\\\/es\\\/montpellier\\\/\"},{\"@type\":\"ListItem\",\"position\":3,\"name\":\"Prueba de nivel &#8211; Montpellier\"}]},{\"@type\":\"WebSite\",\"@id\":\"https:\\\/\\\/klf.fr\\\/es\\\/#website\",\"url\":\"https:\\\/\\\/klf.fr\\\/es\\\/\",\"name\":\"Keep Learning French\",\"description\":\"Groupe d&#039;\u00e9coles de FLE en France.\",\"publisher\":{\"@id\":\"https:\\\/\\\/klf.fr\\\/es\\\/#organization\"},\"potentialAction\":[{\"@type\":\"SearchAction\",\"target\":{\"@type\":\"EntryPoint\",\"urlTemplate\":\"https:\\\/\\\/klf.fr\\\/es\\\/?s={search_term_string}\"},\"query-input\":{\"@type\":\"PropertyValueSpecification\",\"valueRequired\":true,\"valueName\":\"search_term_string\"}}],\"inLanguage\":\"es\"},{\"@type\":[\"Organization\",\"Place\"],\"@id\":\"https:\\\/\\\/klf.fr\\\/es\\\/#organization\",\"name\":\"Keep Learning French\",\"url\":\"https:\\\/\\\/klf.fr\\\/es\\\/\",\"logo\":{\"@id\":\"https:\\\/\\\/klf.fr\\\/es\\\/montpellier\\\/test-de-placement\\\/#local-main-organization-logo\"},\"image\":{\"@id\":\"https:\\\/\\\/klf.fr\\\/es\\\/montpellier\\\/test-de-placement\\\/#local-main-organization-logo\"},\"sameAs\":[\"https:\\\/\\\/linkedin.com\\\/school\\\/keep-learning-french\\\/\"],\"telephone\":[],\"openingHoursSpecification\":[{\"@type\":\"OpeningHoursSpecification\",\"dayOfWeek\":[\"Monday\",\"Tuesday\",\"Wednesday\",\"Thursday\",\"Friday\",\"Saturday\",\"Sunday\"],\"opens\":\"09:00\",\"closes\":\"17:00\"}]},{\"@type\":\"ImageObject\",\"inLanguage\":\"es\",\"@id\":\"https:\\\/\\\/klf.fr\\\/es\\\/montpellier\\\/test-de-placement\\\/#local-main-organization-logo\",\"url\":\"https:\\\/\\\/klf.fr\\\/wp-content\\\/uploads\\\/2020\\\/09\\\/klf-favicon.png\",\"contentUrl\":\"https:\\\/\\\/klf.fr\\\/wp-content\\\/uploads\\\/2020\\\/09\\\/klf-favicon.png\",\"width\":200,\"height\":200,\"caption\":\"Keep Learning French\"}]}<\/script>\n<!-- \/ Yoast SEO Premium plugin. -->","yoast_head_json":{"title":"Prueba de nivel - Montpellier - Keep Learning French","robots":{"index":"index","follow":"follow","max-snippet":"max-snippet:-1","max-image-preview":"max-image-preview:large","max-video-preview":"max-video-preview:-1"},"canonical":"https:\/\/klf.fr\/es\/montpellier\/test-de-placement\/","og_locale":"es_ES","og_type":"article","og_title":"Prueba de nivel - Montpellier","og_description":"BIENVENIDOS A LA PRUEBA DE COLOCACI\u00d3N ESCOLAR LSF Montpellier El objetivo de esta prueba es situarle en el grupo que mejor se adapte a su nivel actual. Es obligatorio si desea ingresar en nuestra escuela. Para obtener la m\u00e1xima fiabilidad, le recomendamos que realice esta prueba sin ayuda externa y sin diccionario. Esta prueba consta [&hellip;]","og_url":"https:\/\/klf.fr\/es\/montpellier\/test-de-placement\/","og_site_name":"Keep Learning French","article_modified_time":"2024-12-12T11:41:13+00:00","og_image":[{"width":500,"height":501,"url":"https:\/\/klf.fr\/wp-content\/uploads\/2024\/03\/logo-lsf.png","type":"image\/png"}],"twitter_card":"summary_large_image","twitter_misc":{"Tiempo de lectura":"1 minuto"},"schema":{"@context":"https:\/\/schema.org","@graph":[{"@type":"WebPage","@id":"https:\/\/klf.fr\/es\/montpellier\/test-de-placement\/","url":"https:\/\/klf.fr\/es\/montpellier\/test-de-placement\/","name":"Prueba de nivel - Montpellier - Keep Learning French","isPartOf":{"@id":"https:\/\/klf.fr\/es\/#website"},"primaryImageOfPage":{"@id":"https:\/\/klf.fr\/es\/montpellier\/test-de-placement\/#primaryimage"},"image":{"@id":"https:\/\/klf.fr\/es\/montpellier\/test-de-placement\/#primaryimage"},"thumbnailUrl":"https:\/\/klf.fr\/wp-content\/uploads\/2024\/03\/logo-lsf-300x300.png","datePublished":"2024-07-31T17:06:04+00:00","dateModified":"2024-12-12T11:41:13+00:00","breadcrumb":{"@id":"https:\/\/klf.fr\/es\/montpellier\/test-de-placement\/#breadcrumb"},"inLanguage":"es","potentialAction":[{"@type":"ReadAction","target":["https:\/\/klf.fr\/es\/montpellier\/test-de-placement\/"]}]},{"@type":"ImageObject","inLanguage":"es","@id":"https:\/\/klf.fr\/es\/montpellier\/test-de-placement\/#primaryimage","url":"https:\/\/klf.fr\/wp-content\/uploads\/2024\/03\/logo-lsf-300x300.png","contentUrl":"https:\/\/klf.fr\/wp-content\/uploads\/2024\/03\/logo-lsf-300x300.png"},{"@type":"BreadcrumbList","@id":"https:\/\/klf.fr\/es\/montpellier\/test-de-placement\/#breadcrumb","itemListElement":[{"@type":"ListItem","position":1,"name":"Home","item":"https:\/\/klf.fr\/es\/home-2\/"},{"@type":"ListItem","position":2,"name":"Montpellier","item":"https:\/\/klf.fr\/es\/montpellier\/"},{"@type":"ListItem","position":3,"name":"Prueba de nivel &#8211; Montpellier"}]},{"@type":"WebSite","@id":"https:\/\/klf.fr\/es\/#website","url":"https:\/\/klf.fr\/es\/","name":"Keep Learning French","description":"Groupe d&#039;\u00e9coles de FLE en France.","publisher":{"@id":"https:\/\/klf.fr\/es\/#organization"},"potentialAction":[{"@type":"SearchAction","target":{"@type":"EntryPoint","urlTemplate":"https:\/\/klf.fr\/es\/?s={search_term_string}"},"query-input":{"@type":"PropertyValueSpecification","valueRequired":true,"valueName":"search_term_string"}}],"inLanguage":"es"},{"@type":["Organization","Place"],"@id":"https:\/\/klf.fr\/es\/#organization","name":"Keep Learning French","url":"https:\/\/klf.fr\/es\/","logo":{"@id":"https:\/\/klf.fr\/es\/montpellier\/test-de-placement\/#local-main-organization-logo"},"image":{"@id":"https:\/\/klf.fr\/es\/montpellier\/test-de-placement\/#local-main-organization-logo"},"sameAs":["https:\/\/linkedin.com\/school\/keep-learning-french\/"],"telephone":[],"openingHoursSpecification":[{"@type":"OpeningHoursSpecification","dayOfWeek":["Monday","Tuesday","Wednesday","Thursday","Friday","Saturday","Sunday"],"opens":"09:00","closes":"17:00"}]},{"@type":"ImageObject","inLanguage":"es","@id":"https:\/\/klf.fr\/es\/montpellier\/test-de-placement\/#local-main-organization-logo","url":"https:\/\/klf.fr\/wp-content\/uploads\/2020\/09\/klf-favicon.png","contentUrl":"https:\/\/klf.fr\/wp-content\/uploads\/2020\/09\/klf-favicon.png","width":200,"height":200,"caption":"Keep Learning French"}]}},"acf":[],"_links":{"self":[{"href":"https:\/\/klf.fr\/es\/wp-json\/wp\/v2\/pages\/26434","targetHints":{"allow":["GET"]}}],"collection":[{"href":"https:\/\/klf.fr\/es\/wp-json\/wp\/v2\/pages"}],"about":[{"href":"https:\/\/klf.fr\/es\/wp-json\/wp\/v2\/types\/page"}],"author":[{"embeddable":true,"href":"https:\/\/klf.fr\/es\/wp-json\/wp\/v2\/users\/13"}],"replies":[{"embeddable":true,"href":"https:\/\/klf.fr\/es\/wp-json\/wp\/v2\/comments?post=26434"}],"version-history":[{"count":0,"href":"https:\/\/klf.fr\/es\/wp-json\/wp\/v2\/pages\/26434\/revisions"}],"up":[{"embeddable":true,"href":"https:\/\/klf.fr\/es\/wp-json\/wp\/v2\/pages\/24643"}],"wp:attachment":[{"href":"https:\/\/klf.fr\/es\/wp-json\/wp\/v2\/media?parent=26434"}],"wp:term":[{"taxonomy":"city-product","embeddable":true,"href":"https:\/\/klf.fr\/es\/wp-json\/wp\/v2\/city-product?post=26434"},{"taxonomy":"type-product","embeddable":true,"href":"https:\/\/klf.fr\/es\/wp-json\/wp\/v2\/type-product?post=26434"},{"taxonomy":"folder","embeddable":true,"href":"https:\/\/klf.fr\/es\/wp-json\/wp\/v2\/folder?post=26434"}],"curies":[{"name":"wp","href":"https:\/\/api.w.org\/{rel}","templated":true}]}}