{"id":26325,"date":"2024-07-31T19:41:07","date_gmt":"2024-07-31T17:41:07","guid":{"rendered":"https:\/\/klf.fr\/annecy\/questionnaire-de-satisfaction\/"},"modified":"2024-12-11T16:24:13","modified_gmt":"2024-12-11T15:24:13","slug":"questionnaire-de-satisfaction","status":"publish","type":"page","link":"https:\/\/klf.fr\/es\/annecy\/questionnaire-de-satisfaction\/","title":{"rendered":"Cuestionario de satisfacci\u00f3n &#8211; Annecy"},"content":{"rendered":"\t\t<div data-elementor-type=\"wp-page\" data-elementor-id=\"26325\" class=\"elementor elementor-26325 elementor-16106\" data-elementor-post-type=\"page\">\n\t\t\t\t<div class=\"elementor-element elementor-element-a411327 e-flex e-con-boxed e-con e-parent\" data-id=\"a411327\" data-element_type=\"container\" data-e-type=\"container\" data-settings=\"{&quot;background_background&quot;:&quot;classic&quot;,&quot;ekit_has_onepagescroll_dot&quot;:&quot;yes&quot;}\">\n\t\t\t\t\t<div class=\"e-con-inner\">\n\t\t\t\t<div class=\"elementor-element elementor-element-6325df3 elementor-widget elementor-widget-image\" data-id=\"6325df3\" data-element_type=\"widget\" data-e-type=\"widget\" data-settings=\"{&quot;ekit_we_effect_on&quot;:&quot;none&quot;}\" data-widget_type=\"image.default\">\n\t\t\t\t\t\t\t\t\t\t\t\t\t\t\t<img decoding=\"async\" width=\"300\" height=\"115\" src=\"https:\/\/klf.fr\/wp-content\/uploads\/2024\/05\/logo-300x115.png\" class=\"attachment-medium size-medium wp-image-8561\" alt=\"Ifalpes annecy\" srcset=\"https:\/\/klf.fr\/wp-content\/uploads\/2024\/05\/logo-300x115.png 300w, https:\/\/klf.fr\/wp-content\/uploads\/2024\/05\/logo-1024x393.png 1024w, https:\/\/klf.fr\/wp-content\/uploads\/2024\/05\/logo-768x295.png 768w, https:\/\/klf.fr\/wp-content\/uploads\/2024\/05\/logo-1536x590.png 1536w, https:\/\/klf.fr\/wp-content\/uploads\/2024\/05\/logo-2048x787.png 2048w\" sizes=\"(max-width: 300px) 100vw, 300px\" \/>\t\t\t\t\t\t\t\t\t\t\t\t\t\t\t<\/div>\n\t\t\t\t<div class=\"elementor-element elementor-element-9be73d4 elementor-widget elementor-widget-heading\" data-id=\"9be73d4\" data-element_type=\"widget\" data-e-type=\"widget\" data-settings=\"{&quot;ekit_we_effect_on&quot;:&quot;none&quot;}\" data-widget_type=\"heading.default\">\n\t\t\t\t\t<h2 class=\"elementor-heading-title elementor-size-default\">Cuestionario de satisfacci\u00f3n<br> IFAlpes Annecy<\/h2>\t\t\t\t<\/div>\n\t\t<div class=\"elementor-element elementor-element-f8ad18a e-con-full e-flex e-con e-child\" data-id=\"f8ad18a\" data-element_type=\"container\" data-e-type=\"container\" data-settings=\"{&quot;background_background&quot;:&quot;classic&quot;,&quot;ekit_has_onepagescroll_dot&quot;:&quot;yes&quot;}\">\n\t\t\t\t<div class=\"elementor-element elementor-element-dd3e547 elementor-widget elementor-widget-heading\" data-id=\"dd3e547\" data-element_type=\"widget\" data-e-type=\"widget\" data-settings=\"{&quot;ekit_we_effect_on&quot;:&quot;none&quot;}\" data-widget_type=\"heading.default\">\n\t\t\t\t\t<h2 class=\"elementor-heading-title elementor-size-default\">SATISFACCI\u00d3N SEMANA 1<\/h2>\t\t\t\t<\/div>\n\t\t\t\t<div class=\"elementor-element elementor-element-cd9c8bc elementor-widget-divider--view-line elementor-widget elementor-widget-divider\" data-id=\"cd9c8bc\" data-element_type=\"widget\" data-e-type=\"widget\" data-settings=\"{&quot;ekit_we_effect_on&quot;:&quot;none&quot;}\" data-widget_type=\"divider.default\">\n\t\t\t\t\t\t\t<div class=\"elementor-divider\">\n\t\t\t<span class=\"elementor-divider-separator\">\n\t\t\t\t\t\t<\/span>\n\t\t<\/div>\n\t\t\t\t\t\t<\/div>\n\t\t\t\t<div class=\"elementor-element elementor-element-5140376 elementor-widget elementor-widget-shortcode\" data-id=\"5140376\" data-element_type=\"widget\" data-e-type=\"widget\" data-settings=\"{&quot;ekit_we_effect_on&quot;:&quot;none&quot;}\" data-widget_type=\"shortcode.default\">\n\t\t\t\t\t\t\t<div class=\"elementor-shortcode\">[thebingsnippet type=\"default\" server=\"https:\/\/klf.fidelo.com\" combinationkey=\"6NRVQGL8393XBE9W\" templatekey=\"GESD8MYB3J2UFKYT\"]<\/div>\n\t\t\t\t\t\t<\/div>\n\t\t\t\t<\/div>\n\t\t\t\t\t<\/div>\n\t\t\t\t<\/div>\n\t\t\t\t<\/div>\n\t\t","protected":false},"excerpt":{"rendered":"<p>Cuestionario de satisfacci\u00f3n IFAlpes Annecy SATISFACCI\u00d3N SEMANA 1 [thebingsnippet type=\u00bbdefault\u00bb server=\u00bbhttps:\/\/klf.fidelo.com\u00bb combinationkey=\u00bb6NRVQGL8393XBE9W\u00bb templatekey=\u00bbGESD8MYB3J2UFKYT\u00bb]<\/p>\n","protected":false},"author":13,"featured_media":0,"parent":23874,"menu_order":0,"comment_status":"closed","ping_status":"closed","template":"elementor_canvas","meta":{"content-type":"","footnotes":""},"language-product":[],"type-product":[],"city-product":[],"course-category":[],"folder":[],"class_list":["post-26325","page","type-page","status-publish","hentry"],"yoast_head":"<!-- This site is optimized with the Yoast SEO Premium plugin v27.4 (Yoast SEO v27.4) - https:\/\/yoast.com\/product\/yoast-seo-premium-wordpress\/ -->\n<title>Cuestionario de satisfacci\u00f3n - Annecy - Keep Learning French<\/title>\n<meta name=\"robots\" content=\"index, follow, max-snippet:-1, max-image-preview:large, max-video-preview:-1\" \/>\n<link rel=\"canonical\" href=\"https:\/\/klf.fr\/es\/annecy\/questionnaire-de-satisfaction\/\" \/>\n<meta property=\"og:locale\" content=\"es_ES\" \/>\n<meta property=\"og:type\" content=\"article\" \/>\n<meta property=\"og:title\" content=\"Cuestionario de satisfacci\u00f3n - Annecy\" \/>\n<meta property=\"og:description\" content=\"Cuestionario de satisfacci\u00f3n IFAlpes Annecy SATISFACCI\u00d3N SEMANA 1 [thebingsnippet type=\u00bbdefault\u00bb server=\u00bbhttps:\/\/klf.fidelo.com\u00bb combinationkey=\u00bb6NRVQGL8393XBE9W\u00bb templatekey=\u00bbGESD8MYB3J2UFKYT\u00bb]\" \/>\n<meta property=\"og:url\" content=\"https:\/\/klf.fr\/es\/annecy\/questionnaire-de-satisfaction\/\" \/>\n<meta property=\"og:site_name\" content=\"Keep Learning French\" \/>\n<meta property=\"article:modified_time\" content=\"2024-12-11T15:24:13+00:00\" \/>\n<meta property=\"og:image\" content=\"https:\/\/klf.fr\/wp-content\/uploads\/2024\/05\/logo.png\" \/>\n\t<meta property=\"og:image:width\" content=\"2842\" \/>\n\t<meta property=\"og:image:height\" content=\"1092\" \/>\n\t<meta property=\"og:image:type\" content=\"image\/png\" \/>\n<meta name=\"twitter:card\" content=\"summary_large_image\" \/>\n<script type=\"application\/ld+json\" class=\"yoast-schema-graph\">{\"@context\":\"https:\\\/\\\/schema.org\",\"@graph\":[{\"@type\":\"WebPage\",\"@id\":\"https:\\\/\\\/klf.fr\\\/es\\\/annecy\\\/questionnaire-de-satisfaction\\\/\",\"url\":\"https:\\\/\\\/klf.fr\\\/es\\\/annecy\\\/questionnaire-de-satisfaction\\\/\",\"name\":\"Cuestionario de satisfacci\u00f3n - Annecy - Keep Learning French\",\"isPartOf\":{\"@id\":\"https:\\\/\\\/klf.fr\\\/es\\\/#website\"},\"primaryImageOfPage\":{\"@id\":\"https:\\\/\\\/klf.fr\\\/es\\\/annecy\\\/questionnaire-de-satisfaction\\\/#primaryimage\"},\"image\":{\"@id\":\"https:\\\/\\\/klf.fr\\\/es\\\/annecy\\\/questionnaire-de-satisfaction\\\/#primaryimage\"},\"thumbnailUrl\":\"https:\\\/\\\/klf.fr\\\/wp-content\\\/uploads\\\/2024\\\/05\\\/logo-300x115.png\",\"datePublished\":\"2024-07-31T17:41:07+00:00\",\"dateModified\":\"2024-12-11T15:24:13+00:00\",\"breadcrumb\":{\"@id\":\"https:\\\/\\\/klf.fr\\\/es\\\/annecy\\\/questionnaire-de-satisfaction\\\/#breadcrumb\"},\"inLanguage\":\"es\",\"potentialAction\":[{\"@type\":\"ReadAction\",\"target\":[\"https:\\\/\\\/klf.fr\\\/es\\\/annecy\\\/questionnaire-de-satisfaction\\\/\"]}]},{\"@type\":\"ImageObject\",\"inLanguage\":\"es\",\"@id\":\"https:\\\/\\\/klf.fr\\\/es\\\/annecy\\\/questionnaire-de-satisfaction\\\/#primaryimage\",\"url\":\"https:\\\/\\\/klf.fr\\\/wp-content\\\/uploads\\\/2024\\\/05\\\/logo-300x115.png\",\"contentUrl\":\"https:\\\/\\\/klf.fr\\\/wp-content\\\/uploads\\\/2024\\\/05\\\/logo-300x115.png\"},{\"@type\":\"BreadcrumbList\",\"@id\":\"https:\\\/\\\/klf.fr\\\/es\\\/annecy\\\/questionnaire-de-satisfaction\\\/#breadcrumb\",\"itemListElement\":[{\"@type\":\"ListItem\",\"position\":1,\"name\":\"Home\",\"item\":\"https:\\\/\\\/klf.fr\\\/es\\\/home-2\\\/\"},{\"@type\":\"ListItem\",\"position\":2,\"name\":\"Aprender franc\u00e9s en Annecy\",\"item\":\"https:\\\/\\\/klf.fr\\\/es\\\/annecy\\\/\"},{\"@type\":\"ListItem\",\"position\":3,\"name\":\"Cuestionario de satisfacci\u00f3n &#8211; Annecy\"}]},{\"@type\":\"WebSite\",\"@id\":\"https:\\\/\\\/klf.fr\\\/es\\\/#website\",\"url\":\"https:\\\/\\\/klf.fr\\\/es\\\/\",\"name\":\"Keep Learning French\",\"description\":\"Groupe d&#039;\u00e9coles de FLE en France.\",\"publisher\":{\"@id\":\"https:\\\/\\\/klf.fr\\\/es\\\/#organization\"},\"potentialAction\":[{\"@type\":\"SearchAction\",\"target\":{\"@type\":\"EntryPoint\",\"urlTemplate\":\"https:\\\/\\\/klf.fr\\\/es\\\/?s={search_term_string}\"},\"query-input\":{\"@type\":\"PropertyValueSpecification\",\"valueRequired\":true,\"valueName\":\"search_term_string\"}}],\"inLanguage\":\"es\"},{\"@type\":[\"Organization\",\"Place\"],\"@id\":\"https:\\\/\\\/klf.fr\\\/es\\\/#organization\",\"name\":\"Keep Learning French\",\"url\":\"https:\\\/\\\/klf.fr\\\/es\\\/\",\"logo\":{\"@id\":\"https:\\\/\\\/klf.fr\\\/es\\\/annecy\\\/questionnaire-de-satisfaction\\\/#local-main-organization-logo\"},\"image\":{\"@id\":\"https:\\\/\\\/klf.fr\\\/es\\\/annecy\\\/questionnaire-de-satisfaction\\\/#local-main-organization-logo\"},\"sameAs\":[\"https:\\\/\\\/linkedin.com\\\/school\\\/keep-learning-french\\\/\"],\"telephone\":[],\"openingHoursSpecification\":[{\"@type\":\"OpeningHoursSpecification\",\"dayOfWeek\":[\"Monday\",\"Tuesday\",\"Wednesday\",\"Thursday\",\"Friday\",\"Saturday\",\"Sunday\"],\"opens\":\"09:00\",\"closes\":\"17:00\"}]},{\"@type\":\"ImageObject\",\"inLanguage\":\"es\",\"@id\":\"https:\\\/\\\/klf.fr\\\/es\\\/annecy\\\/questionnaire-de-satisfaction\\\/#local-main-organization-logo\",\"url\":\"https:\\\/\\\/klf.fr\\\/wp-content\\\/uploads\\\/2020\\\/09\\\/klf-favicon.png\",\"contentUrl\":\"https:\\\/\\\/klf.fr\\\/wp-content\\\/uploads\\\/2020\\\/09\\\/klf-favicon.png\",\"width\":200,\"height\":200,\"caption\":\"Keep Learning French\"}]}<\/script>\n<!-- \/ Yoast SEO Premium plugin. -->","yoast_head_json":{"title":"Cuestionario de satisfacci\u00f3n - Annecy - Keep Learning French","robots":{"index":"index","follow":"follow","max-snippet":"max-snippet:-1","max-image-preview":"max-image-preview:large","max-video-preview":"max-video-preview:-1"},"canonical":"https:\/\/klf.fr\/es\/annecy\/questionnaire-de-satisfaction\/","og_locale":"es_ES","og_type":"article","og_title":"Cuestionario de satisfacci\u00f3n - Annecy","og_description":"Cuestionario de satisfacci\u00f3n IFAlpes Annecy SATISFACCI\u00d3N SEMANA 1 [thebingsnippet type=\u00bbdefault\u00bb server=\u00bbhttps:\/\/klf.fidelo.com\u00bb combinationkey=\u00bb6NRVQGL8393XBE9W\u00bb templatekey=\u00bbGESD8MYB3J2UFKYT\u00bb]","og_url":"https:\/\/klf.fr\/es\/annecy\/questionnaire-de-satisfaction\/","og_site_name":"Keep Learning French","article_modified_time":"2024-12-11T15:24:13+00:00","og_image":[{"width":2842,"height":1092,"url":"https:\/\/klf.fr\/wp-content\/uploads\/2024\/05\/logo.png","type":"image\/png"}],"twitter_card":"summary_large_image","schema":{"@context":"https:\/\/schema.org","@graph":[{"@type":"WebPage","@id":"https:\/\/klf.fr\/es\/annecy\/questionnaire-de-satisfaction\/","url":"https:\/\/klf.fr\/es\/annecy\/questionnaire-de-satisfaction\/","name":"Cuestionario de satisfacci\u00f3n - Annecy - Keep Learning French","isPartOf":{"@id":"https:\/\/klf.fr\/es\/#website"},"primaryImageOfPage":{"@id":"https:\/\/klf.fr\/es\/annecy\/questionnaire-de-satisfaction\/#primaryimage"},"image":{"@id":"https:\/\/klf.fr\/es\/annecy\/questionnaire-de-satisfaction\/#primaryimage"},"thumbnailUrl":"https:\/\/klf.fr\/wp-content\/uploads\/2024\/05\/logo-300x115.png","datePublished":"2024-07-31T17:41:07+00:00","dateModified":"2024-12-11T15:24:13+00:00","breadcrumb":{"@id":"https:\/\/klf.fr\/es\/annecy\/questionnaire-de-satisfaction\/#breadcrumb"},"inLanguage":"es","potentialAction":[{"@type":"ReadAction","target":["https:\/\/klf.fr\/es\/annecy\/questionnaire-de-satisfaction\/"]}]},{"@type":"ImageObject","inLanguage":"es","@id":"https:\/\/klf.fr\/es\/annecy\/questionnaire-de-satisfaction\/#primaryimage","url":"https:\/\/klf.fr\/wp-content\/uploads\/2024\/05\/logo-300x115.png","contentUrl":"https:\/\/klf.fr\/wp-content\/uploads\/2024\/05\/logo-300x115.png"},{"@type":"BreadcrumbList","@id":"https:\/\/klf.fr\/es\/annecy\/questionnaire-de-satisfaction\/#breadcrumb","itemListElement":[{"@type":"ListItem","position":1,"name":"Home","item":"https:\/\/klf.fr\/es\/home-2\/"},{"@type":"ListItem","position":2,"name":"Aprender franc\u00e9s en Annecy","item":"https:\/\/klf.fr\/es\/annecy\/"},{"@type":"ListItem","position":3,"name":"Cuestionario de satisfacci\u00f3n &#8211; Annecy"}]},{"@type":"WebSite","@id":"https:\/\/klf.fr\/es\/#website","url":"https:\/\/klf.fr\/es\/","name":"Keep Learning French","description":"Groupe d&#039;\u00e9coles de FLE en France.","publisher":{"@id":"https:\/\/klf.fr\/es\/#organization"},"potentialAction":[{"@type":"SearchAction","target":{"@type":"EntryPoint","urlTemplate":"https:\/\/klf.fr\/es\/?s={search_term_string}"},"query-input":{"@type":"PropertyValueSpecification","valueRequired":true,"valueName":"search_term_string"}}],"inLanguage":"es"},{"@type":["Organization","Place"],"@id":"https:\/\/klf.fr\/es\/#organization","name":"Keep Learning French","url":"https:\/\/klf.fr\/es\/","logo":{"@id":"https:\/\/klf.fr\/es\/annecy\/questionnaire-de-satisfaction\/#local-main-organization-logo"},"image":{"@id":"https:\/\/klf.fr\/es\/annecy\/questionnaire-de-satisfaction\/#local-main-organization-logo"},"sameAs":["https:\/\/linkedin.com\/school\/keep-learning-french\/"],"telephone":[],"openingHoursSpecification":[{"@type":"OpeningHoursSpecification","dayOfWeek":["Monday","Tuesday","Wednesday","Thursday","Friday","Saturday","Sunday"],"opens":"09:00","closes":"17:00"}]},{"@type":"ImageObject","inLanguage":"es","@id":"https:\/\/klf.fr\/es\/annecy\/questionnaire-de-satisfaction\/#local-main-organization-logo","url":"https:\/\/klf.fr\/wp-content\/uploads\/2020\/09\/klf-favicon.png","contentUrl":"https:\/\/klf.fr\/wp-content\/uploads\/2020\/09\/klf-favicon.png","width":200,"height":200,"caption":"Keep Learning French"}]}},"_links":{"self":[{"href":"https:\/\/klf.fr\/es\/wp-json\/wp\/v2\/pages\/26325","targetHints":{"allow":["GET"]}}],"collection":[{"href":"https:\/\/klf.fr\/es\/wp-json\/wp\/v2\/pages"}],"about":[{"href":"https:\/\/klf.fr\/es\/wp-json\/wp\/v2\/types\/page"}],"author":[{"embeddable":true,"href":"https:\/\/klf.fr\/es\/wp-json\/wp\/v2\/users\/13"}],"replies":[{"embeddable":true,"href":"https:\/\/klf.fr\/es\/wp-json\/wp\/v2\/comments?post=26325"}],"version-history":[{"count":0,"href":"https:\/\/klf.fr\/es\/wp-json\/wp\/v2\/pages\/26325\/revisions"}],"up":[{"embeddable":true,"href":"https:\/\/klf.fr\/es\/wp-json\/wp\/v2\/pages\/23874"}],"wp:attachment":[{"href":"https:\/\/klf.fr\/es\/wp-json\/wp\/v2\/media?parent=26325"}],"wp:term":[{"taxonomy":"language-product","embeddable":true,"href":"https:\/\/klf.fr\/es\/wp-json\/wp\/v2\/language-product?post=26325"},{"taxonomy":"type-product","embeddable":true,"href":"https:\/\/klf.fr\/es\/wp-json\/wp\/v2\/type-product?post=26325"},{"taxonomy":"city-product","embeddable":true,"href":"https:\/\/klf.fr\/es\/wp-json\/wp\/v2\/city-product?post=26325"},{"taxonomy":"course-category","embeddable":true,"href":"https:\/\/klf.fr\/es\/wp-json\/wp\/v2\/course-category?post=26325"},{"taxonomy":"folder","embeddable":true,"href":"https:\/\/klf.fr\/es\/wp-json\/wp\/v2\/folder?post=26325"}],"curies":[{"name":"wp","href":"https:\/\/api.w.org\/{rel}","templated":true}]}}