{"id":24932,"date":"2024-10-18T14:08:55","date_gmt":"2024-10-18T12:08:55","guid":{"rendered":"https:\/\/klf.fr\/montpellier\/french-courses-in-montpellier-booking\/"},"modified":"2025-09-03T17:49:45","modified_gmt":"2025-09-03T15:49:45","slug":"french-courses-in-montpellier-booking","status":"publish","type":"page","link":"https:\/\/klf.fr\/es\/montpellier\/french-courses-in-montpellier-booking\/","title":{"rendered":"Cursos de Franc\u00e9s en Montpellier Reservas"},"content":{"rendered":"\t\t<div data-elementor-type=\"wp-page\" data-elementor-id=\"24932\" class=\"elementor elementor-24932 elementor-21512\" data-elementor-post-type=\"page\">\n\t\t\t\t<div class=\"elementor-element elementor-element-1241cbf e-con-full e-flex e-con e-parent\" data-id=\"1241cbf\" data-element_type=\"container\" data-e-type=\"container\" data-settings=\"{&quot;ekit_has_onepagescroll_dot&quot;:&quot;yes&quot;}\">\n\t\t<div class=\"elementor-element elementor-element-6cbb272 e-con-full e-flex e-con e-child\" data-id=\"6cbb272\" data-element_type=\"container\" data-e-type=\"container\" data-settings=\"{&quot;background_background&quot;:&quot;gradient&quot;,&quot;ekit_has_onepagescroll_dot&quot;:&quot;yes&quot;}\">\n\t\t<div class=\"elementor-element elementor-element-2e32531 e-con-full e-flex e-con e-child\" data-id=\"2e32531\" data-element_type=\"container\" data-e-type=\"container\" data-settings=\"{&quot;ekit_has_onepagescroll_dot&quot;:&quot;yes&quot;}\">\n\t\t\t\t<div class=\"elementor-element elementor-element-46ed6a0 elementor-widget elementor-widget-spacer\" data-id=\"46ed6a0\" data-element_type=\"widget\" data-e-type=\"widget\" data-settings=\"{&quot;ekit_we_effect_on&quot;:&quot;none&quot;}\" data-widget_type=\"spacer.default\">\n\t\t\t\t\t\t\t<div class=\"elementor-spacer\">\n\t\t\t<div class=\"elementor-spacer-inner\"><\/div>\n\t\t<\/div>\n\t\t\t\t\t\t<\/div>\n\t\t\t\t<div class=\"elementor-element elementor-element-905d67f elementor-widget elementor-widget-heading\" data-id=\"905d67f\" data-element_type=\"widget\" data-e-type=\"widget\" data-settings=\"{&quot;ekit_we_effect_on&quot;:&quot;none&quot;}\" data-widget_type=\"heading.default\">\n\t\t\t\t\t<h2 class=\"elementor-heading-title elementor-size-default\">Reserva<br>Cursos de Franc\u00e9s en Montpellier\n<\/h2>\t\t\t\t<\/div>\n\t\t\t\t<div class=\"elementor-element elementor-element-a21ffee elementor-widget elementor-widget-text-editor\" data-id=\"a21ffee\" data-element_type=\"widget\" data-e-type=\"widget\" data-settings=\"{&quot;ekit_we_effect_on&quot;:&quot;none&quot;}\" data-widget_type=\"text-editor.default\">\n\t\t\t\t\t\t\t\t\t<p class=\"p1\">Reserva tu pr\u00f3ximo curso de franc\u00e9s en Montpellier, Francia. <br><br>\u00a1Estamos deseando recibirte en nuestra escuela!<\/p>\t\t\t\t\t\t\t\t<\/div>\n\t\t\t\t<\/div>\n\t\t<div class=\"elementor-element elementor-element-9dbf895 e-con-full e-flex e-con e-child\" data-id=\"9dbf895\" data-element_type=\"container\" data-e-type=\"container\" data-settings=\"{&quot;ekit_has_onepagescroll_dot&quot;:&quot;yes&quot;}\">\n\t\t\t\t<\/div>\n\t\t\t\t<\/div>\n\t\t\t\t<\/div>\n\t\t<div class=\"elementor-element elementor-element-7d97ae8 e-flex e-con-boxed e-con e-parent\" data-id=\"7d97ae8\" data-element_type=\"container\" data-e-type=\"container\" data-settings=\"{&quot;ekit_has_onepagescroll_dot&quot;:&quot;yes&quot;}\">\n\t\t\t\t\t<div class=\"e-con-inner\">\n\t\t\t\t<div class=\"elementor-element elementor-element-50e2e18 elementor-widget elementor-widget-elementskit-breadcrumb\" data-id=\"50e2e18\" data-element_type=\"widget\" data-e-type=\"widget\" data-settings=\"{&quot;ekit_we_effect_on&quot;:&quot;none&quot;}\" data-widget_type=\"elementskit-breadcrumb.default\">\n\t\t\t\t<div class=\"elementor-widget-container\">\n\t\t\t\t\t<div class=\"ekit-wid-con\" ><ol class=\"ekit-breadcrumb\"><li class=\"ekit_breadcrumbs_start\"><a href=\"https:\/\/klf.fr\/es\/\">Home<\/a><\/li> <li class=\"brd_sep\"> &raquo; <\/li> <li><a href=\"https:\/\/klf.fr\/es\/montpellier\/\" title=\"Montpellier\">Montpellier<\/a><\/li> <li class=\"brd_sep\"> &raquo; <\/li>  <li>Cursos de Franc\u00e9s en Montpellier Reservas<\/li><\/ol><\/div>\t\t\t\t<\/div>\n\t\t\t\t<\/div>\n\t\t\t\t<div class=\"elementor-element elementor-element-cd842b4 elementor-widget elementor-widget-shortcode\" data-id=\"cd842b4\" data-element_type=\"widget\" data-e-type=\"widget\" data-settings=\"{&quot;ekit_we_effect_on&quot;:&quot;none&quot;}\" data-widget_type=\"shortcode.default\">\n\t\t\t\t\t\t\t<div class=\"elementor-shortcode\"><noscript>Habilite JavaScript para continuar con este formulario.<\/noscript>\n<fidelo-widget><\/fidelo-widget>\n<script src=\"https:\/\/proxy.fidelo.com\/app\/widget\/1.0\/klf\/js\/widget.js?c=%09%09HVK6WQWYZXA3ZQAQ&amp;l=en\"><\/script>\n<\/div>\n\t\t\t\t\t\t<\/div>\n\t\t\t\t<div class=\"elementor-element elementor-element-b2c3a05 elementor-widget-divider--view-line elementor-widget elementor-widget-divider\" data-id=\"b2c3a05\" data-element_type=\"widget\" data-e-type=\"widget\" data-settings=\"{&quot;ekit_we_effect_on&quot;:&quot;none&quot;}\" data-widget_type=\"divider.default\">\n\t\t\t\t\t\t\t<div class=\"elementor-divider\">\n\t\t\t<span class=\"elementor-divider-separator\">\n\t\t\t\t\t\t<\/span>\n\t\t<\/div>\n\t\t\t\t\t\t<\/div>\n\t\t\t\t<div class=\"elementor-element elementor-element-2c2c5e5 elementor-widget elementor-widget-text-editor\" data-id=\"2c2c5e5\" data-element_type=\"widget\" data-e-type=\"widget\" data-settings=\"{&quot;ekit_we_effect_on&quot;:&quot;none&quot;}\" data-widget_type=\"text-editor.default\">\n\t\t\t\t\t\t\t\t\t<p><em>*Para reservas de \u00faltima hora (menos de 4 d\u00edas antes del comienzo del curso), ponte en contacto con nosotros antes en contact@klf.fr para comprobar la disponibilidad.<\/em><\/p><p><em>* Las escuelas permanecer\u00e1n cerradas los siguientes d\u00edas festivos: 2025: 11 de noviembre; y 2026: 1 de enero, 6 de abril, 1 de mayo, 8 de mayo, 25 de mayo, 14 de julio y 11 de noviembre. Las clases no se reprogramar\u00e1n ni se recuperar\u00e1n. De conformidad con nuestras <a href=\"https:\/\/klf.fr\/es\/terms-and-conditions\/\" target=\"_blank\" rel=\"noopener\">condiciones generales<\/a> la escuela permanecer\u00e1 cerrada y no se ofrecer\u00e1n clases de recuperaci\u00f3n\u00bb.<\/em><\/p><p><em>* Clases por la ma\u00f1ana o por la tarde, dependiendo de tu nivel y de la ocupaci\u00f3n de los cursos de la escuela.<\/em><\/p><p><em>* Para los principiantes absolutos, nivel A0, est\u00e1n previstos cursos espec\u00edficos.<\/em><\/p><p><em>*La inscripci\u00f3n s\u00f3lo se considerar\u00e1 v\u00e1lida una vez recibido el pago.<\/em><\/p>\t\t\t\t\t\t\t\t<\/div>\n\t\t\t\t\t<\/div>\n\t\t\t\t<\/div>\n\t\t\t\t<\/div>\n\t\t","protected":false},"excerpt":{"rendered":"<p>ReservaCursos de Franc\u00e9s en Montpellier Reserva tu pr\u00f3ximo curso de franc\u00e9s en Montpellier, Francia. \u00a1Estamos deseando recibirte en nuestra escuela! Home Habilite JavaScript para continuar con este formulario. *Para reservas de \u00faltima hora (menos de 4 d\u00edas antes del comienzo del curso), ponte en contacto con nosotros antes en contact@klf.fr para comprobar la disponibilidad. * [&hellip;]<\/p>\n","protected":false},"author":13,"featured_media":0,"parent":24643,"menu_order":0,"comment_status":"closed","ping_status":"closed","template":"elementor_header_footer","meta":{"_acf_changed":false,"content-type":"","footnotes":""},"city-product":[],"type-product":[],"folder":[],"class_list":["post-24932","page","type-page","status-publish","hentry"],"yoast_head":"<!-- This site is optimized with the Yoast SEO Premium plugin v27.3 (Yoast SEO v27.3) - https:\/\/yoast.com\/product\/yoast-seo-premium-wordpress\/ -->\n<title>Cursos de Franc\u00e9s en Montpellier Reservas - Keep Learning French<\/title>\n<meta name=\"robots\" content=\"index, follow, max-snippet:-1, max-image-preview:large, max-video-preview:-1\" \/>\n<link rel=\"canonical\" href=\"https:\/\/klf.fr\/es\/montpellier\/french-courses-in-montpellier-booking\/\" \/>\n<meta property=\"og:locale\" content=\"es_ES\" \/>\n<meta property=\"og:type\" content=\"article\" \/>\n<meta property=\"og:title\" content=\"Cursos de Franc\u00e9s en Montpellier Reservas\" \/>\n<meta property=\"og:description\" content=\"ReservaCursos de Franc\u00e9s en Montpellier Reserva tu pr\u00f3ximo curso de franc\u00e9s en Montpellier, Francia. \u00a1Estamos deseando recibirte en nuestra escuela! Home Habilite JavaScript para continuar con este formulario. *Para reservas de \u00faltima hora (menos de 4 d\u00edas antes del comienzo del curso), ponte en contacto con nosotros antes en contact@klf.fr para comprobar la disponibilidad. * [&hellip;]\" \/>\n<meta property=\"og:url\" content=\"https:\/\/klf.fr\/es\/montpellier\/french-courses-in-montpellier-booking\/\" \/>\n<meta property=\"og:site_name\" content=\"Keep Learning French\" \/>\n<meta property=\"article:modified_time\" content=\"2025-09-03T15:49:45+00:00\" \/>\n<meta name=\"twitter:card\" content=\"summary_large_image\" \/>\n<meta name=\"twitter:label1\" content=\"Tiempo de lectura\" \/>\n\t<meta name=\"twitter:data1\" content=\"1 minuto\" \/>\n<script type=\"application\/ld+json\" class=\"yoast-schema-graph\">{\"@context\":\"https:\\\/\\\/schema.org\",\"@graph\":[{\"@type\":\"WebPage\",\"@id\":\"https:\\\/\\\/klf.fr\\\/es\\\/montpellier\\\/french-courses-in-montpellier-booking\\\/\",\"url\":\"https:\\\/\\\/klf.fr\\\/es\\\/montpellier\\\/french-courses-in-montpellier-booking\\\/\",\"name\":\"Cursos de Franc\u00e9s en Montpellier Reservas - Keep Learning French\",\"isPartOf\":{\"@id\":\"https:\\\/\\\/klf.fr\\\/es\\\/#website\"},\"datePublished\":\"2024-10-18T12:08:55+00:00\",\"dateModified\":\"2025-09-03T15:49:45+00:00\",\"breadcrumb\":{\"@id\":\"https:\\\/\\\/klf.fr\\\/es\\\/montpellier\\\/french-courses-in-montpellier-booking\\\/#breadcrumb\"},\"inLanguage\":\"es\",\"potentialAction\":[{\"@type\":\"ReadAction\",\"target\":[\"https:\\\/\\\/klf.fr\\\/es\\\/montpellier\\\/french-courses-in-montpellier-booking\\\/\"]}]},{\"@type\":\"BreadcrumbList\",\"@id\":\"https:\\\/\\\/klf.fr\\\/es\\\/montpellier\\\/french-courses-in-montpellier-booking\\\/#breadcrumb\",\"itemListElement\":[{\"@type\":\"ListItem\",\"position\":1,\"name\":\"Home\",\"item\":\"https:\\\/\\\/klf.fr\\\/es\\\/home-2\\\/\"},{\"@type\":\"ListItem\",\"position\":2,\"name\":\"Montpellier\",\"item\":\"https:\\\/\\\/klf.fr\\\/es\\\/montpellier\\\/\"},{\"@type\":\"ListItem\",\"position\":3,\"name\":\"Cursos de Franc\u00e9s en Montpellier Reservas\"}]},{\"@type\":\"WebSite\",\"@id\":\"https:\\\/\\\/klf.fr\\\/es\\\/#website\",\"url\":\"https:\\\/\\\/klf.fr\\\/es\\\/\",\"name\":\"Keep Learning French\",\"description\":\"Groupe d&#039;\u00e9coles de FLE en France.\",\"publisher\":{\"@id\":\"https:\\\/\\\/klf.fr\\\/es\\\/#organization\"},\"potentialAction\":[{\"@type\":\"SearchAction\",\"target\":{\"@type\":\"EntryPoint\",\"urlTemplate\":\"https:\\\/\\\/klf.fr\\\/es\\\/?s={search_term_string}\"},\"query-input\":{\"@type\":\"PropertyValueSpecification\",\"valueRequired\":true,\"valueName\":\"search_term_string\"}}],\"inLanguage\":\"es\"},{\"@type\":[\"Organization\",\"Place\"],\"@id\":\"https:\\\/\\\/klf.fr\\\/es\\\/#organization\",\"name\":\"Keep Learning French\",\"url\":\"https:\\\/\\\/klf.fr\\\/es\\\/\",\"logo\":{\"@id\":\"https:\\\/\\\/klf.fr\\\/es\\\/montpellier\\\/french-courses-in-montpellier-booking\\\/#local-main-organization-logo\"},\"image\":{\"@id\":\"https:\\\/\\\/klf.fr\\\/es\\\/montpellier\\\/french-courses-in-montpellier-booking\\\/#local-main-organization-logo\"},\"sameAs\":[\"https:\\\/\\\/linkedin.com\\\/school\\\/keep-learning-french\\\/\"],\"telephone\":[],\"openingHoursSpecification\":[{\"@type\":\"OpeningHoursSpecification\",\"dayOfWeek\":[\"Monday\",\"Tuesday\",\"Wednesday\",\"Thursday\",\"Friday\",\"Saturday\",\"Sunday\"],\"opens\":\"09:00\",\"closes\":\"17:00\"}]},{\"@type\":\"ImageObject\",\"inLanguage\":\"es\",\"@id\":\"https:\\\/\\\/klf.fr\\\/es\\\/montpellier\\\/french-courses-in-montpellier-booking\\\/#local-main-organization-logo\",\"url\":\"https:\\\/\\\/klf.fr\\\/wp-content\\\/uploads\\\/2020\\\/09\\\/klf-favicon.png\",\"contentUrl\":\"https:\\\/\\\/klf.fr\\\/wp-content\\\/uploads\\\/2020\\\/09\\\/klf-favicon.png\",\"width\":200,\"height\":200,\"caption\":\"Keep Learning French\"}]}<\/script>\n<!-- \/ Yoast SEO Premium plugin. -->","yoast_head_json":{"title":"Cursos de Franc\u00e9s en Montpellier Reservas - Keep Learning French","robots":{"index":"index","follow":"follow","max-snippet":"max-snippet:-1","max-image-preview":"max-image-preview:large","max-video-preview":"max-video-preview:-1"},"canonical":"https:\/\/klf.fr\/es\/montpellier\/french-courses-in-montpellier-booking\/","og_locale":"es_ES","og_type":"article","og_title":"Cursos de Franc\u00e9s en Montpellier Reservas","og_description":"ReservaCursos de Franc\u00e9s en Montpellier Reserva tu pr\u00f3ximo curso de franc\u00e9s en Montpellier, Francia. \u00a1Estamos deseando recibirte en nuestra escuela! Home Habilite JavaScript para continuar con este formulario. *Para reservas de \u00faltima hora (menos de 4 d\u00edas antes del comienzo del curso), ponte en contacto con nosotros antes en contact@klf.fr para comprobar la disponibilidad. * [&hellip;]","og_url":"https:\/\/klf.fr\/es\/montpellier\/french-courses-in-montpellier-booking\/","og_site_name":"Keep Learning French","article_modified_time":"2025-09-03T15:49:45+00:00","twitter_card":"summary_large_image","twitter_misc":{"Tiempo de lectura":"1 minuto"},"schema":{"@context":"https:\/\/schema.org","@graph":[{"@type":"WebPage","@id":"https:\/\/klf.fr\/es\/montpellier\/french-courses-in-montpellier-booking\/","url":"https:\/\/klf.fr\/es\/montpellier\/french-courses-in-montpellier-booking\/","name":"Cursos de Franc\u00e9s en Montpellier Reservas - Keep Learning French","isPartOf":{"@id":"https:\/\/klf.fr\/es\/#website"},"datePublished":"2024-10-18T12:08:55+00:00","dateModified":"2025-09-03T15:49:45+00:00","breadcrumb":{"@id":"https:\/\/klf.fr\/es\/montpellier\/french-courses-in-montpellier-booking\/#breadcrumb"},"inLanguage":"es","potentialAction":[{"@type":"ReadAction","target":["https:\/\/klf.fr\/es\/montpellier\/french-courses-in-montpellier-booking\/"]}]},{"@type":"BreadcrumbList","@id":"https:\/\/klf.fr\/es\/montpellier\/french-courses-in-montpellier-booking\/#breadcrumb","itemListElement":[{"@type":"ListItem","position":1,"name":"Home","item":"https:\/\/klf.fr\/es\/home-2\/"},{"@type":"ListItem","position":2,"name":"Montpellier","item":"https:\/\/klf.fr\/es\/montpellier\/"},{"@type":"ListItem","position":3,"name":"Cursos de Franc\u00e9s en Montpellier Reservas"}]},{"@type":"WebSite","@id":"https:\/\/klf.fr\/es\/#website","url":"https:\/\/klf.fr\/es\/","name":"Keep Learning French","description":"Groupe d&#039;\u00e9coles de FLE en France.","publisher":{"@id":"https:\/\/klf.fr\/es\/#organization"},"potentialAction":[{"@type":"SearchAction","target":{"@type":"EntryPoint","urlTemplate":"https:\/\/klf.fr\/es\/?s={search_term_string}"},"query-input":{"@type":"PropertyValueSpecification","valueRequired":true,"valueName":"search_term_string"}}],"inLanguage":"es"},{"@type":["Organization","Place"],"@id":"https:\/\/klf.fr\/es\/#organization","name":"Keep Learning French","url":"https:\/\/klf.fr\/es\/","logo":{"@id":"https:\/\/klf.fr\/es\/montpellier\/french-courses-in-montpellier-booking\/#local-main-organization-logo"},"image":{"@id":"https:\/\/klf.fr\/es\/montpellier\/french-courses-in-montpellier-booking\/#local-main-organization-logo"},"sameAs":["https:\/\/linkedin.com\/school\/keep-learning-french\/"],"telephone":[],"openingHoursSpecification":[{"@type":"OpeningHoursSpecification","dayOfWeek":["Monday","Tuesday","Wednesday","Thursday","Friday","Saturday","Sunday"],"opens":"09:00","closes":"17:00"}]},{"@type":"ImageObject","inLanguage":"es","@id":"https:\/\/klf.fr\/es\/montpellier\/french-courses-in-montpellier-booking\/#local-main-organization-logo","url":"https:\/\/klf.fr\/wp-content\/uploads\/2020\/09\/klf-favicon.png","contentUrl":"https:\/\/klf.fr\/wp-content\/uploads\/2020\/09\/klf-favicon.png","width":200,"height":200,"caption":"Keep Learning French"}]}},"acf":[],"_links":{"self":[{"href":"https:\/\/klf.fr\/es\/wp-json\/wp\/v2\/pages\/24932","targetHints":{"allow":["GET"]}}],"collection":[{"href":"https:\/\/klf.fr\/es\/wp-json\/wp\/v2\/pages"}],"about":[{"href":"https:\/\/klf.fr\/es\/wp-json\/wp\/v2\/types\/page"}],"author":[{"embeddable":true,"href":"https:\/\/klf.fr\/es\/wp-json\/wp\/v2\/users\/13"}],"replies":[{"embeddable":true,"href":"https:\/\/klf.fr\/es\/wp-json\/wp\/v2\/comments?post=24932"}],"version-history":[{"count":0,"href":"https:\/\/klf.fr\/es\/wp-json\/wp\/v2\/pages\/24932\/revisions"}],"up":[{"embeddable":true,"href":"https:\/\/klf.fr\/es\/wp-json\/wp\/v2\/pages\/24643"}],"wp:attachment":[{"href":"https:\/\/klf.fr\/es\/wp-json\/wp\/v2\/media?parent=24932"}],"wp:term":[{"taxonomy":"city-product","embeddable":true,"href":"https:\/\/klf.fr\/es\/wp-json\/wp\/v2\/city-product?post=24932"},{"taxonomy":"type-product","embeddable":true,"href":"https:\/\/klf.fr\/es\/wp-json\/wp\/v2\/type-product?post=24932"},{"taxonomy":"folder","embeddable":true,"href":"https:\/\/klf.fr\/es\/wp-json\/wp\/v2\/folder?post=24932"}],"curies":[{"name":"wp","href":"https:\/\/api.w.org\/{rel}","templated":true}]}}