{"id":24530,"date":"2024-10-18T13:02:14","date_gmt":"2024-10-18T11:02:14","guid":{"rendered":"https:\/\/klf.fr\/lyon\/french-courses-in-lyon-quotation\/"},"modified":"2025-01-30T14:52:07","modified_gmt":"2025-01-30T13:52:07","slug":"french-courses-in-lyon-quotation","status":"publish","type":"page","link":"https:\/\/klf.fr\/es\/lyon\/french-courses-in-lyon-quotation\/","title":{"rendered":"Cursos de franc\u00e9s en Lyon Presupuesto"},"content":{"rendered":"\t\t<div data-elementor-type=\"wp-page\" data-elementor-id=\"24530\" class=\"elementor elementor-24530 elementor-21501\" data-elementor-post-type=\"page\">\n\t\t\t\t<div class=\"elementor-element elementor-element-aa6495c e-con-full e-flex e-con e-parent\" data-id=\"aa6495c\" data-element_type=\"container\" data-e-type=\"container\" data-settings=\"{&quot;background_background&quot;:&quot;classic&quot;,&quot;ekit_has_onepagescroll_dot&quot;:&quot;yes&quot;}\">\n\t\t<div class=\"elementor-element elementor-element-80042dc e-con-full e-flex e-con e-child\" data-id=\"80042dc\" data-element_type=\"container\" data-e-type=\"container\" data-settings=\"{&quot;background_background&quot;:&quot;gradient&quot;,&quot;ekit_has_onepagescroll_dot&quot;:&quot;yes&quot;}\">\n\t\t<div class=\"elementor-element elementor-element-a5b4819 e-con-full e-flex e-con e-child\" data-id=\"a5b4819\" data-element_type=\"container\" data-e-type=\"container\" data-settings=\"{&quot;ekit_has_onepagescroll_dot&quot;:&quot;yes&quot;}\">\n\t\t\t\t<div class=\"elementor-element elementor-element-3f8a123 elementor-widget elementor-widget-spacer\" data-id=\"3f8a123\" data-element_type=\"widget\" data-e-type=\"widget\" data-settings=\"{&quot;ekit_we_effect_on&quot;:&quot;none&quot;}\" data-widget_type=\"spacer.default\">\n\t\t\t\t\t\t\t<div class=\"elementor-spacer\">\n\t\t\t<div class=\"elementor-spacer-inner\"><\/div>\n\t\t<\/div>\n\t\t\t\t\t\t<\/div>\n\t\t\t\t<div class=\"elementor-element elementor-element-d016b49 elementor-widget elementor-widget-heading\" data-id=\"d016b49\" data-element_type=\"widget\" data-e-type=\"widget\" data-settings=\"{&quot;ekit_we_effect_on&quot;:&quot;none&quot;}\" data-widget_type=\"heading.default\">\n\t\t\t\t\t<h2 class=\"elementor-heading-title elementor-size-default\">Presupuesto<br>Cursos de franc\u00e9s en Lyon<\/h2>\t\t\t\t<\/div>\n\t\t\t\t<div class=\"elementor-element elementor-element-1c4e17e elementor-widget elementor-widget-text-editor\" data-id=\"1c4e17e\" data-element_type=\"widget\" data-e-type=\"widget\" data-settings=\"{&quot;ekit_we_effect_on&quot;:&quot;none&quot;}\" data-widget_type=\"text-editor.default\">\n\t\t\t\t\t\t\t\t\t<p class=\"p1\">Calcula tu estancia ling\u00fc\u00edstica en Lyon (Francia).<\/p>\n\t\t\t\t\t\t\t\t<\/div>\n\t\t\t\t<\/div>\n\t\t<div class=\"elementor-element elementor-element-db98828 e-con-full e-flex e-con e-child\" data-id=\"db98828\" data-element_type=\"container\" data-e-type=\"container\" data-settings=\"{&quot;ekit_has_onepagescroll_dot&quot;:&quot;yes&quot;}\">\n\t\t\t\t<\/div>\n\t\t\t\t<\/div>\n\t\t\t\t<\/div>\n\t\t<div class=\"elementor-element elementor-element-3ecb88c e-flex e-con-boxed e-con e-parent\" data-id=\"3ecb88c\" data-element_type=\"container\" data-e-type=\"container\" data-settings=\"{&quot;ekit_has_onepagescroll_dot&quot;:&quot;yes&quot;}\">\n\t\t\t\t\t<div class=\"e-con-inner\">\n\t\t\t\t<div class=\"elementor-element elementor-element-549bfd4 elementor-widget elementor-widget-elementskit-breadcrumb\" data-id=\"549bfd4\" data-element_type=\"widget\" data-e-type=\"widget\" data-settings=\"{&quot;ekit_we_effect_on&quot;:&quot;none&quot;}\" data-widget_type=\"elementskit-breadcrumb.default\">\n\t\t\t\t<div class=\"elementor-widget-container\">\n\t\t\t\t\t<div class=\"ekit-wid-con\" ><ol class=\"ekit-breadcrumb\"><li class=\"ekit_breadcrumbs_start\"><a href=\"https:\/\/klf.fr\/es\/\">Home<\/a><\/li> <li class=\"brd_sep\"> &raquo; <\/li> <li><a href=\"https:\/\/klf.fr\/es\/lyon\/\" title=\"Aprender franc\u00e9s en Lyon\">Aprender franc\u00e9s en Lyon<\/a><\/li> <li class=\"brd_sep\"> &raquo; <\/li>  <li>Cursos de franc\u00e9s en Lyon Presupuesto<\/li><\/ol><\/div>\t\t\t\t<\/div>\n\t\t\t\t<\/div>\n\t\t\t\t<div class=\"elementor-element elementor-element-bb25a49 elementor-widget elementor-widget-shortcode\" data-id=\"bb25a49\" data-element_type=\"widget\" data-e-type=\"widget\" data-settings=\"{&quot;ekit_we_effect_on&quot;:&quot;none&quot;}\" data-widget_type=\"shortcode.default\">\n\t\t\t\t\t\t\t<div class=\"elementor-shortcode\"><noscript>Habilite JavaScript para continuar con este formulario.<\/noscript>\n<fidelo-widget><\/fidelo-widget>\n<script src=\"https:\/\/proxy.fidelo.com\/app\/widget\/1.0\/klf\/js\/widget.js?c=9LV5SAQMKRNURV74&amp;l=en\"><\/script>\n<\/div>\n\t\t\t\t\t\t<\/div>\n\t\t\t\t<div class=\"elementor-element elementor-element-4448855 elementor-widget-divider--view-line elementor-widget elementor-widget-divider\" data-id=\"4448855\" data-element_type=\"widget\" data-e-type=\"widget\" data-settings=\"{&quot;ekit_we_effect_on&quot;:&quot;none&quot;}\" data-widget_type=\"divider.default\">\n\t\t\t\t\t\t\t<div class=\"elementor-divider\">\n\t\t\t<span class=\"elementor-divider-separator\">\n\t\t\t\t\t\t<\/span>\n\t\t<\/div>\n\t\t\t\t\t\t<\/div>\n\t\t\t\t\t<\/div>\n\t\t\t\t<\/div>\n\t\t\t\t<\/div>\n\t\t","protected":false},"excerpt":{"rendered":"<p>PresupuestoCursos de franc\u00e9s en Lyon Calcula tu estancia ling\u00fc\u00edstica en Lyon (Francia). Home Habilite JavaScript para continuar con este formulario.<\/p>\n","protected":false},"author":13,"featured_media":0,"parent":24444,"menu_order":0,"comment_status":"closed","ping_status":"closed","template":"elementor_header_footer","meta":{"content-type":"","footnotes":""},"course-category":[],"folder":[],"class_list":["post-24530","page","type-page","status-publish","hentry"],"yoast_head":"<!-- This site is optimized with the Yoast SEO Premium plugin v27.4 (Yoast SEO v27.4) - https:\/\/yoast.com\/product\/yoast-seo-premium-wordpress\/ -->\n<title>Cursos de franc\u00e9s en Lyon Presupuesto - Keep Learning French<\/title>\n<meta name=\"robots\" content=\"index, follow, max-snippet:-1, max-image-preview:large, max-video-preview:-1\" \/>\n<link rel=\"canonical\" href=\"https:\/\/klf.fr\/es\/lyon\/french-courses-in-lyon-quotation\/\" \/>\n<meta property=\"og:locale\" content=\"es_ES\" \/>\n<meta property=\"og:type\" content=\"article\" \/>\n<meta property=\"og:title\" content=\"Cursos de franc\u00e9s en Lyon Presupuesto\" \/>\n<meta property=\"og:description\" content=\"PresupuestoCursos de franc\u00e9s en Lyon Calcula tu estancia ling\u00fc\u00edstica en Lyon (Francia). Home Habilite JavaScript para continuar con este formulario.\" \/>\n<meta property=\"og:url\" content=\"https:\/\/klf.fr\/es\/lyon\/french-courses-in-lyon-quotation\/\" \/>\n<meta property=\"og:site_name\" content=\"Keep Learning French\" \/>\n<meta property=\"article:modified_time\" content=\"2025-01-30T13:52:07+00:00\" \/>\n<meta name=\"twitter:card\" content=\"summary_large_image\" \/>\n<script type=\"application\/ld+json\" class=\"yoast-schema-graph\">{\"@context\":\"https:\\\/\\\/schema.org\",\"@graph\":[{\"@type\":\"WebPage\",\"@id\":\"https:\\\/\\\/klf.fr\\\/es\\\/lyon\\\/french-courses-in-lyon-quotation\\\/\",\"url\":\"https:\\\/\\\/klf.fr\\\/es\\\/lyon\\\/french-courses-in-lyon-quotation\\\/\",\"name\":\"Cursos de franc\u00e9s en Lyon Presupuesto - Keep Learning French\",\"isPartOf\":{\"@id\":\"https:\\\/\\\/klf.fr\\\/es\\\/#website\"},\"datePublished\":\"2024-10-18T11:02:14+00:00\",\"dateModified\":\"2025-01-30T13:52:07+00:00\",\"breadcrumb\":{\"@id\":\"https:\\\/\\\/klf.fr\\\/es\\\/lyon\\\/french-courses-in-lyon-quotation\\\/#breadcrumb\"},\"inLanguage\":\"es\",\"potentialAction\":[{\"@type\":\"ReadAction\",\"target\":[\"https:\\\/\\\/klf.fr\\\/es\\\/lyon\\\/french-courses-in-lyon-quotation\\\/\"]}]},{\"@type\":\"BreadcrumbList\",\"@id\":\"https:\\\/\\\/klf.fr\\\/es\\\/lyon\\\/french-courses-in-lyon-quotation\\\/#breadcrumb\",\"itemListElement\":[{\"@type\":\"ListItem\",\"position\":1,\"name\":\"Home\",\"item\":\"https:\\\/\\\/klf.fr\\\/es\\\/home-2\\\/\"},{\"@type\":\"ListItem\",\"position\":2,\"name\":\"Aprender franc\u00e9s en Lyon\",\"item\":\"https:\\\/\\\/klf.fr\\\/es\\\/lyon\\\/\"},{\"@type\":\"ListItem\",\"position\":3,\"name\":\"Cursos de franc\u00e9s en Lyon Presupuesto\"}]},{\"@type\":\"WebSite\",\"@id\":\"https:\\\/\\\/klf.fr\\\/es\\\/#website\",\"url\":\"https:\\\/\\\/klf.fr\\\/es\\\/\",\"name\":\"Keep Learning French\",\"description\":\"Groupe d&#039;\u00e9coles de FLE en France.\",\"publisher\":{\"@id\":\"https:\\\/\\\/klf.fr\\\/es\\\/#organization\"},\"potentialAction\":[{\"@type\":\"SearchAction\",\"target\":{\"@type\":\"EntryPoint\",\"urlTemplate\":\"https:\\\/\\\/klf.fr\\\/es\\\/?s={search_term_string}\"},\"query-input\":{\"@type\":\"PropertyValueSpecification\",\"valueRequired\":true,\"valueName\":\"search_term_string\"}}],\"inLanguage\":\"es\"},{\"@type\":[\"Organization\",\"Place\"],\"@id\":\"https:\\\/\\\/klf.fr\\\/es\\\/#organization\",\"name\":\"Keep Learning French\",\"url\":\"https:\\\/\\\/klf.fr\\\/es\\\/\",\"logo\":{\"@id\":\"https:\\\/\\\/klf.fr\\\/es\\\/lyon\\\/french-courses-in-lyon-quotation\\\/#local-main-organization-logo\"},\"image\":{\"@id\":\"https:\\\/\\\/klf.fr\\\/es\\\/lyon\\\/french-courses-in-lyon-quotation\\\/#local-main-organization-logo\"},\"sameAs\":[\"https:\\\/\\\/linkedin.com\\\/school\\\/keep-learning-french\\\/\"],\"telephone\":[],\"openingHoursSpecification\":[{\"@type\":\"OpeningHoursSpecification\",\"dayOfWeek\":[\"Monday\",\"Tuesday\",\"Wednesday\",\"Thursday\",\"Friday\",\"Saturday\",\"Sunday\"],\"opens\":\"09:00\",\"closes\":\"17:00\"}]},{\"@type\":\"ImageObject\",\"inLanguage\":\"es\",\"@id\":\"https:\\\/\\\/klf.fr\\\/es\\\/lyon\\\/french-courses-in-lyon-quotation\\\/#local-main-organization-logo\",\"url\":\"https:\\\/\\\/klf.fr\\\/wp-content\\\/uploads\\\/2020\\\/09\\\/klf-favicon.png\",\"contentUrl\":\"https:\\\/\\\/klf.fr\\\/wp-content\\\/uploads\\\/2020\\\/09\\\/klf-favicon.png\",\"width\":200,\"height\":200,\"caption\":\"Keep Learning French\"}]}<\/script>\n<!-- \/ Yoast SEO Premium plugin. -->","yoast_head_json":{"title":"Cursos de franc\u00e9s en Lyon Presupuesto - Keep Learning French","robots":{"index":"index","follow":"follow","max-snippet":"max-snippet:-1","max-image-preview":"max-image-preview:large","max-video-preview":"max-video-preview:-1"},"canonical":"https:\/\/klf.fr\/es\/lyon\/french-courses-in-lyon-quotation\/","og_locale":"es_ES","og_type":"article","og_title":"Cursos de franc\u00e9s en Lyon Presupuesto","og_description":"PresupuestoCursos de franc\u00e9s en Lyon Calcula tu estancia ling\u00fc\u00edstica en Lyon (Francia). Home Habilite JavaScript para continuar con este formulario.","og_url":"https:\/\/klf.fr\/es\/lyon\/french-courses-in-lyon-quotation\/","og_site_name":"Keep Learning French","article_modified_time":"2025-01-30T13:52:07+00:00","twitter_card":"summary_large_image","schema":{"@context":"https:\/\/schema.org","@graph":[{"@type":"WebPage","@id":"https:\/\/klf.fr\/es\/lyon\/french-courses-in-lyon-quotation\/","url":"https:\/\/klf.fr\/es\/lyon\/french-courses-in-lyon-quotation\/","name":"Cursos de franc\u00e9s en Lyon Presupuesto - Keep Learning French","isPartOf":{"@id":"https:\/\/klf.fr\/es\/#website"},"datePublished":"2024-10-18T11:02:14+00:00","dateModified":"2025-01-30T13:52:07+00:00","breadcrumb":{"@id":"https:\/\/klf.fr\/es\/lyon\/french-courses-in-lyon-quotation\/#breadcrumb"},"inLanguage":"es","potentialAction":[{"@type":"ReadAction","target":["https:\/\/klf.fr\/es\/lyon\/french-courses-in-lyon-quotation\/"]}]},{"@type":"BreadcrumbList","@id":"https:\/\/klf.fr\/es\/lyon\/french-courses-in-lyon-quotation\/#breadcrumb","itemListElement":[{"@type":"ListItem","position":1,"name":"Home","item":"https:\/\/klf.fr\/es\/home-2\/"},{"@type":"ListItem","position":2,"name":"Aprender franc\u00e9s en Lyon","item":"https:\/\/klf.fr\/es\/lyon\/"},{"@type":"ListItem","position":3,"name":"Cursos de franc\u00e9s en Lyon Presupuesto"}]},{"@type":"WebSite","@id":"https:\/\/klf.fr\/es\/#website","url":"https:\/\/klf.fr\/es\/","name":"Keep Learning French","description":"Groupe d&#039;\u00e9coles de FLE en France.","publisher":{"@id":"https:\/\/klf.fr\/es\/#organization"},"potentialAction":[{"@type":"SearchAction","target":{"@type":"EntryPoint","urlTemplate":"https:\/\/klf.fr\/es\/?s={search_term_string}"},"query-input":{"@type":"PropertyValueSpecification","valueRequired":true,"valueName":"search_term_string"}}],"inLanguage":"es"},{"@type":["Organization","Place"],"@id":"https:\/\/klf.fr\/es\/#organization","name":"Keep Learning French","url":"https:\/\/klf.fr\/es\/","logo":{"@id":"https:\/\/klf.fr\/es\/lyon\/french-courses-in-lyon-quotation\/#local-main-organization-logo"},"image":{"@id":"https:\/\/klf.fr\/es\/lyon\/french-courses-in-lyon-quotation\/#local-main-organization-logo"},"sameAs":["https:\/\/linkedin.com\/school\/keep-learning-french\/"],"telephone":[],"openingHoursSpecification":[{"@type":"OpeningHoursSpecification","dayOfWeek":["Monday","Tuesday","Wednesday","Thursday","Friday","Saturday","Sunday"],"opens":"09:00","closes":"17:00"}]},{"@type":"ImageObject","inLanguage":"es","@id":"https:\/\/klf.fr\/es\/lyon\/french-courses-in-lyon-quotation\/#local-main-organization-logo","url":"https:\/\/klf.fr\/wp-content\/uploads\/2020\/09\/klf-favicon.png","contentUrl":"https:\/\/klf.fr\/wp-content\/uploads\/2020\/09\/klf-favicon.png","width":200,"height":200,"caption":"Keep Learning French"}]}},"_links":{"self":[{"href":"https:\/\/klf.fr\/es\/wp-json\/wp\/v2\/pages\/24530","targetHints":{"allow":["GET"]}}],"collection":[{"href":"https:\/\/klf.fr\/es\/wp-json\/wp\/v2\/pages"}],"about":[{"href":"https:\/\/klf.fr\/es\/wp-json\/wp\/v2\/types\/page"}],"author":[{"embeddable":true,"href":"https:\/\/klf.fr\/es\/wp-json\/wp\/v2\/users\/13"}],"replies":[{"embeddable":true,"href":"https:\/\/klf.fr\/es\/wp-json\/wp\/v2\/comments?post=24530"}],"version-history":[{"count":0,"href":"https:\/\/klf.fr\/es\/wp-json\/wp\/v2\/pages\/24530\/revisions"}],"up":[{"embeddable":true,"href":"https:\/\/klf.fr\/es\/wp-json\/wp\/v2\/pages\/24444"}],"wp:attachment":[{"href":"https:\/\/klf.fr\/es\/wp-json\/wp\/v2\/media?parent=24530"}],"wp:term":[{"taxonomy":"course-category","embeddable":true,"href":"https:\/\/klf.fr\/es\/wp-json\/wp\/v2\/course-category?post=24530"},{"taxonomy":"folder","embeddable":true,"href":"https:\/\/klf.fr\/es\/wp-json\/wp\/v2\/folder?post=24530"}],"curies":[{"name":"wp","href":"https:\/\/api.w.org\/{rel}","templated":true}]}}