{"id":24468,"date":"2024-03-03T22:57:16","date_gmt":"2024-03-03T21:57:16","guid":{"rendered":"https:\/\/klf.fr\/lyon\/accommodation-in-lyon\/"},"modified":"2024-11-27T10:32:24","modified_gmt":"2024-11-27T09:32:24","slug":"accommodation-in-lyon","status":"publish","type":"page","link":"https:\/\/klf.fr\/es\/lyon\/accommodation-in-lyon\/","title":{"rendered":"Alojamiento en Lyon"},"content":{"rendered":"\t\t<div data-elementor-type=\"wp-page\" data-elementor-id=\"24468\" class=\"elementor elementor-24468 elementor-2967\" data-elementor-post-type=\"page\">\n\t\t\t\t<div class=\"elementor-element elementor-element-6f0861e e-flex e-con-boxed e-con e-parent\" data-id=\"6f0861e\" data-element_type=\"container\" data-e-type=\"container\" data-settings=\"{&quot;ekit_has_onepagescroll_dot&quot;:&quot;yes&quot;}\">\n\t\t\t\t\t<div class=\"e-con-inner\">\n\t\t<div class=\"elementor-element elementor-element-67b5001 e-con-full e-flex e-con e-child\" data-id=\"67b5001\" data-element_type=\"container\" data-e-type=\"container\" data-settings=\"{&quot;ekit_has_onepagescroll_dot&quot;:&quot;yes&quot;}\">\n\t\t<div class=\"elementor-element elementor-element-b955f56 e-flex e-con-boxed e-con e-child\" data-id=\"b955f56\" data-element_type=\"container\" data-e-type=\"container\" data-settings=\"{&quot;background_background&quot;:&quot;classic&quot;,&quot;ekit_has_onepagescroll_dot&quot;:&quot;yes&quot;}\">\n\t\t\t\t\t<div class=\"e-con-inner\">\n\t\t\t\t<div class=\"elementor-element elementor-element-ad4da4e eael-dual-header-content-align-left elementor-widget elementor-widget-eael-dual-color-header\" data-id=\"ad4da4e\" data-element_type=\"widget\" data-e-type=\"widget\" data-settings=\"{&quot;ekit_we_effect_on&quot;:&quot;none&quot;}\" data-widget_type=\"eael-dual-color-header.default\">\n\t\t\t\t\t\t\t\t<div class=\"eael-dual-header\">\n\t\t\t\t<h2 class=\"title eael-dch-title\"><span class=\"eael-dch-title-text eael-dch-title-lead lead solid-color\">Alojamiento en<\/span> <span class=\"eael-dch-title-text\">Lyon<\/span><\/h2>\t\t\t<\/div>\n\n\t\t\t\t\t\t<\/div>\n\t\t\t\t\t<\/div>\n\t\t\t\t<\/div>\n\t\t\t\t<\/div>\n\t\t\t\t\t<\/div>\n\t\t\t\t<\/div>\n\t\t<div class=\"elementor-element elementor-element-fe2f9c2 e-flex e-con-boxed e-con e-parent\" data-id=\"fe2f9c2\" data-element_type=\"container\" data-e-type=\"container\" data-settings=\"{&quot;ekit_has_onepagescroll_dot&quot;:&quot;yes&quot;}\">\n\t\t\t\t\t<div class=\"e-con-inner\">\n\t\t<a class=\"eael-wrapper-link-bbb4aaa --eael-wrapper-link-tag\" href=\"https:\/\/klf.fr\/bordeaux\/french-courses-in-bordeaux\/intensive-french-course-in-bordeaux\/\"><\/a><div data-eael-wrapper-link=\"eael-wrapper-link-bbb4aaa\" class=\"elementor-element elementor-element-bbb4aaa e-flex e-con-boxed e-con e-child\" data-id=\"bbb4aaa\" data-element_type=\"container\" data-e-type=\"container\" data-settings=\"{&quot;ekit_has_onepagescroll_dot&quot;:&quot;yes&quot;}\">\n\t\t\t\t\t<div class=\"e-con-inner\">\n\t\t\t\t<div class=\"elementor-element elementor-element-90e0e27 elementor-widget__width-inherit eael-infobox-content-align--center eael-infobox-shape-square eael-infobox-hover-img-shape-square elementor-widget elementor-widget-eael-info-box\" data-id=\"90e0e27\" data-element_type=\"widget\" data-e-type=\"widget\" data-settings=\"{&quot;ekit_we_effect_on&quot;:&quot;none&quot;}\" data-widget_type=\"eael-info-box.default\">\n\t\t\t\t\t            <a href=\"https:\/\/klf.fr\/lyon\/accommodation-in-lyon\/host-family\/\" target=\"_blank\">\n\t            <div class=\"eael-infobox icon-on-top\">\n\t            <div class=\"infobox-icon\">\n\n                            <img decoding=\"async\" src=\"https:\/\/klf.fr\/wp-content\/uploads\/2024\/03\/Famille-daccueil-1-responsive.jpg\" alt=\"\">\n            \n            \n            \n        <\/div>\n            <div class=\"infobox-content\">\n                    <div class=\"infobox-title-section\">\n                <h2 class=\"title\">Familia de acogida<\/h2>            <\/div>\n            <div><p>Disfrutar\u00e1 de una experiencia de inmersi\u00f3n total y tendr\u00e1 la oportunidad de practicar su franc\u00e9s con sus anfitriones franceses durante las comidas.<\/p>\n<\/div>        <\/div>\n            <\/div>\n\n\t\t            <\/a>\n\t\t\t\t\t\t<\/div>\n\t\t\t\t<div class=\"elementor-element elementor-element-6092464 elementor-widget__width-inherit eael-infobox-content-align--center eael-infobox-shape-square eael-infobox-hover-img-shape-square elementor-widget elementor-widget-eael-info-box\" data-id=\"6092464\" data-element_type=\"widget\" data-e-type=\"widget\" data-settings=\"{&quot;ekit_we_effect_on&quot;:&quot;none&quot;}\" data-widget_type=\"eael-info-box.default\">\n\t\t\t\t\t            <a href=\"https:\/\/klf.fr\/lyon\/accommodation-in-lyon\/residence\/\" target=\"_blank\">\n\t            <div class=\"eael-infobox icon-on-top\">\n\t            <div class=\"infobox-icon\">\n\n                            <img decoding=\"async\" src=\"https:\/\/klf.fr\/wp-content\/uploads\/2024\/02\/Auberge___responsive_337_225.jpg\" alt=\"\">\n            \n            \n            \n        <\/div>\n            <div class=\"infobox-content\">\n                    <div class=\"infobox-title-section\">\n                <h2 class=\"title\">Residencia de estudiantes<\/h2>            <\/div>\n            <div><p>El alojamiento en residencia hotelera es la opci\u00f3n ideal para los estudiantes independientes que buscan comodidades hoteleras para aprovechar al m\u00e1ximo su estancia<\/p>\n<\/div>        <\/div>\n            <\/div>\n\n\t\t            <\/a>\n\t\t\t\t\t\t<\/div>\n\t\t\t\t\t<\/div>\n\t\t\t\t<\/div>\n\t\t\t\t\t<\/div>\n\t\t\t\t<\/div>\n\t\t<div class=\"elementor-element elementor-element-ad7c2da e-flex e-con-boxed e-con e-parent\" data-id=\"ad7c2da\" data-element_type=\"container\" data-e-type=\"container\" data-settings=\"{&quot;ekit_has_onepagescroll_dot&quot;:&quot;yes&quot;}\">\n\t\t\t\t\t<div class=\"e-con-inner\">\n\t\t\t\t<div class=\"elementor-element elementor-element-3cadade elementor-widget elementor-widget-spacer\" data-id=\"3cadade\" data-element_type=\"widget\" data-e-type=\"widget\" data-settings=\"{&quot;ekit_we_effect_on&quot;:&quot;none&quot;}\" data-widget_type=\"spacer.default\">\n\t\t\t\t\t\t\t<div class=\"elementor-spacer\">\n\t\t\t<div class=\"elementor-spacer-inner\"><\/div>\n\t\t<\/div>\n\t\t\t\t\t\t<\/div>\n\t\t\t\t\t<\/div>\n\t\t\t\t<\/div>\n\t\t\t\t<\/div>\n\t\t","protected":false},"excerpt":{"rendered":"<p>Alojamiento en Lyon Familia de acogida Disfrutar\u00e1 de una experiencia de inmersi\u00f3n total y tendr\u00e1 la oportunidad de practicar su franc\u00e9s con sus anfitriones franceses durante las comidas. Residencia de estudiantes El alojamiento en residencia hotelera es la opci\u00f3n ideal para los estudiantes independientes que buscan comodidades hoteleras para aprovechar al m\u00e1ximo su estancia<\/p>\n","protected":false},"author":11,"featured_media":7325,"parent":24444,"menu_order":0,"comment_status":"closed","ping_status":"closed","template":"","meta":{"content-type":"","footnotes":""},"language-product":[],"type-product":[],"city-product":[],"course-category":[],"folder":[],"class_list":["post-24468","page","type-page","status-publish","has-post-thumbnail","hentry"],"yoast_head":"<!-- This site is optimized with the Yoast SEO Premium plugin v27.4 (Yoast SEO v27.4) - https:\/\/yoast.com\/product\/yoast-seo-premium-wordpress\/ -->\n<title>Alojamiento en Lyon - Keep Learning French<\/title>\n<meta name=\"robots\" content=\"index, follow, max-snippet:-1, max-image-preview:large, max-video-preview:-1\" \/>\n<link rel=\"canonical\" href=\"https:\/\/klf.fr\/es\/lyon\/accommodation-in-lyon\/\" \/>\n<meta property=\"og:locale\" content=\"es_ES\" \/>\n<meta property=\"og:type\" content=\"article\" \/>\n<meta property=\"og:title\" content=\"Alojamiento en Lyon\" \/>\n<meta property=\"og:description\" content=\"Alojamiento en Lyon Familia de acogida Disfrutar\u00e1 de una experiencia de inmersi\u00f3n total y tendr\u00e1 la oportunidad de practicar su franc\u00e9s con sus anfitriones franceses durante las comidas. Residencia de estudiantes El alojamiento en residencia hotelera es la opci\u00f3n ideal para los estudiantes independientes que buscan comodidades hoteleras para aprovechar al m\u00e1ximo su estancia\" \/>\n<meta property=\"og:url\" content=\"https:\/\/klf.fr\/es\/lyon\/accommodation-in-lyon\/\" \/>\n<meta property=\"og:site_name\" content=\"Keep Learning French\" \/>\n<meta property=\"article:modified_time\" content=\"2024-11-27T09:32:24+00:00\" \/>\n<meta property=\"og:image\" content=\"https:\/\/klf.fr\/wp-content\/uploads\/2024\/05\/Appart_Hotel2___responsive_822_548.jpg\" \/>\n\t<meta property=\"og:image:width\" content=\"822\" \/>\n\t<meta property=\"og:image:height\" content=\"548\" \/>\n\t<meta property=\"og:image:type\" content=\"image\/jpeg\" \/>\n<meta name=\"twitter:card\" content=\"summary_large_image\" \/>\n<script type=\"application\/ld+json\" class=\"yoast-schema-graph\">{\"@context\":\"https:\\\/\\\/schema.org\",\"@graph\":[{\"@type\":\"WebPage\",\"@id\":\"https:\\\/\\\/klf.fr\\\/es\\\/lyon\\\/accommodation-in-lyon\\\/\",\"url\":\"https:\\\/\\\/klf.fr\\\/es\\\/lyon\\\/accommodation-in-lyon\\\/\",\"name\":\"Alojamiento en Lyon - Keep Learning French\",\"isPartOf\":{\"@id\":\"https:\\\/\\\/klf.fr\\\/es\\\/#website\"},\"primaryImageOfPage\":{\"@id\":\"https:\\\/\\\/klf.fr\\\/es\\\/lyon\\\/accommodation-in-lyon\\\/#primaryimage\"},\"image\":{\"@id\":\"https:\\\/\\\/klf.fr\\\/es\\\/lyon\\\/accommodation-in-lyon\\\/#primaryimage\"},\"thumbnailUrl\":\"https:\\\/\\\/klf.fr\\\/wp-content\\\/uploads\\\/2024\\\/05\\\/Appart_Hotel2___responsive_822_548.jpg\",\"datePublished\":\"2024-03-03T21:57:16+00:00\",\"dateModified\":\"2024-11-27T09:32:24+00:00\",\"breadcrumb\":{\"@id\":\"https:\\\/\\\/klf.fr\\\/es\\\/lyon\\\/accommodation-in-lyon\\\/#breadcrumb\"},\"inLanguage\":\"es\",\"potentialAction\":[{\"@type\":\"ReadAction\",\"target\":[\"https:\\\/\\\/klf.fr\\\/es\\\/lyon\\\/accommodation-in-lyon\\\/\"]}]},{\"@type\":\"ImageObject\",\"inLanguage\":\"es\",\"@id\":\"https:\\\/\\\/klf.fr\\\/es\\\/lyon\\\/accommodation-in-lyon\\\/#primaryimage\",\"url\":\"https:\\\/\\\/klf.fr\\\/wp-content\\\/uploads\\\/2024\\\/05\\\/Appart_Hotel2___responsive_822_548.jpg\",\"contentUrl\":\"https:\\\/\\\/klf.fr\\\/wp-content\\\/uploads\\\/2024\\\/05\\\/Appart_Hotel2___responsive_822_548.jpg\",\"width\":822,\"height\":548,\"caption\":\"Apart hotel Bordeaux\"},{\"@type\":\"BreadcrumbList\",\"@id\":\"https:\\\/\\\/klf.fr\\\/es\\\/lyon\\\/accommodation-in-lyon\\\/#breadcrumb\",\"itemListElement\":[{\"@type\":\"ListItem\",\"position\":1,\"name\":\"Home\",\"item\":\"https:\\\/\\\/klf.fr\\\/es\\\/home-2\\\/\"},{\"@type\":\"ListItem\",\"position\":2,\"name\":\"Aprender franc\u00e9s en Lyon\",\"item\":\"https:\\\/\\\/klf.fr\\\/es\\\/lyon\\\/\"},{\"@type\":\"ListItem\",\"position\":3,\"name\":\"Alojamiento en Lyon\"}]},{\"@type\":\"WebSite\",\"@id\":\"https:\\\/\\\/klf.fr\\\/es\\\/#website\",\"url\":\"https:\\\/\\\/klf.fr\\\/es\\\/\",\"name\":\"Keep Learning French\",\"description\":\"Groupe d&#039;\u00e9coles de FLE en France.\",\"publisher\":{\"@id\":\"https:\\\/\\\/klf.fr\\\/es\\\/#organization\"},\"potentialAction\":[{\"@type\":\"SearchAction\",\"target\":{\"@type\":\"EntryPoint\",\"urlTemplate\":\"https:\\\/\\\/klf.fr\\\/es\\\/?s={search_term_string}\"},\"query-input\":{\"@type\":\"PropertyValueSpecification\",\"valueRequired\":true,\"valueName\":\"search_term_string\"}}],\"inLanguage\":\"es\"},{\"@type\":[\"Organization\",\"Place\"],\"@id\":\"https:\\\/\\\/klf.fr\\\/es\\\/#organization\",\"name\":\"Keep Learning French\",\"url\":\"https:\\\/\\\/klf.fr\\\/es\\\/\",\"logo\":{\"@id\":\"https:\\\/\\\/klf.fr\\\/es\\\/lyon\\\/accommodation-in-lyon\\\/#local-main-organization-logo\"},\"image\":{\"@id\":\"https:\\\/\\\/klf.fr\\\/es\\\/lyon\\\/accommodation-in-lyon\\\/#local-main-organization-logo\"},\"sameAs\":[\"https:\\\/\\\/linkedin.com\\\/school\\\/keep-learning-french\\\/\"],\"telephone\":[],\"openingHoursSpecification\":[{\"@type\":\"OpeningHoursSpecification\",\"dayOfWeek\":[\"Monday\",\"Tuesday\",\"Wednesday\",\"Thursday\",\"Friday\",\"Saturday\",\"Sunday\"],\"opens\":\"09:00\",\"closes\":\"17:00\"}]},{\"@type\":\"ImageObject\",\"inLanguage\":\"es\",\"@id\":\"https:\\\/\\\/klf.fr\\\/es\\\/lyon\\\/accommodation-in-lyon\\\/#local-main-organization-logo\",\"url\":\"https:\\\/\\\/klf.fr\\\/wp-content\\\/uploads\\\/2020\\\/09\\\/klf-favicon.png\",\"contentUrl\":\"https:\\\/\\\/klf.fr\\\/wp-content\\\/uploads\\\/2020\\\/09\\\/klf-favicon.png\",\"width\":200,\"height\":200,\"caption\":\"Keep Learning French\"}]}<\/script>\n<!-- \/ Yoast SEO Premium plugin. -->","yoast_head_json":{"title":"Alojamiento en Lyon - Keep Learning French","robots":{"index":"index","follow":"follow","max-snippet":"max-snippet:-1","max-image-preview":"max-image-preview:large","max-video-preview":"max-video-preview:-1"},"canonical":"https:\/\/klf.fr\/es\/lyon\/accommodation-in-lyon\/","og_locale":"es_ES","og_type":"article","og_title":"Alojamiento en Lyon","og_description":"Alojamiento en Lyon Familia de acogida Disfrutar\u00e1 de una experiencia de inmersi\u00f3n total y tendr\u00e1 la oportunidad de practicar su franc\u00e9s con sus anfitriones franceses durante las comidas. Residencia de estudiantes El alojamiento en residencia hotelera es la opci\u00f3n ideal para los estudiantes independientes que buscan comodidades hoteleras para aprovechar al m\u00e1ximo su estancia","og_url":"https:\/\/klf.fr\/es\/lyon\/accommodation-in-lyon\/","og_site_name":"Keep Learning French","article_modified_time":"2024-11-27T09:32:24+00:00","og_image":[{"width":822,"height":548,"url":"https:\/\/klf.fr\/wp-content\/uploads\/2024\/05\/Appart_Hotel2___responsive_822_548.jpg","type":"image\/jpeg"}],"twitter_card":"summary_large_image","schema":{"@context":"https:\/\/schema.org","@graph":[{"@type":"WebPage","@id":"https:\/\/klf.fr\/es\/lyon\/accommodation-in-lyon\/","url":"https:\/\/klf.fr\/es\/lyon\/accommodation-in-lyon\/","name":"Alojamiento en Lyon - Keep Learning French","isPartOf":{"@id":"https:\/\/klf.fr\/es\/#website"},"primaryImageOfPage":{"@id":"https:\/\/klf.fr\/es\/lyon\/accommodation-in-lyon\/#primaryimage"},"image":{"@id":"https:\/\/klf.fr\/es\/lyon\/accommodation-in-lyon\/#primaryimage"},"thumbnailUrl":"https:\/\/klf.fr\/wp-content\/uploads\/2024\/05\/Appart_Hotel2___responsive_822_548.jpg","datePublished":"2024-03-03T21:57:16+00:00","dateModified":"2024-11-27T09:32:24+00:00","breadcrumb":{"@id":"https:\/\/klf.fr\/es\/lyon\/accommodation-in-lyon\/#breadcrumb"},"inLanguage":"es","potentialAction":[{"@type":"ReadAction","target":["https:\/\/klf.fr\/es\/lyon\/accommodation-in-lyon\/"]}]},{"@type":"ImageObject","inLanguage":"es","@id":"https:\/\/klf.fr\/es\/lyon\/accommodation-in-lyon\/#primaryimage","url":"https:\/\/klf.fr\/wp-content\/uploads\/2024\/05\/Appart_Hotel2___responsive_822_548.jpg","contentUrl":"https:\/\/klf.fr\/wp-content\/uploads\/2024\/05\/Appart_Hotel2___responsive_822_548.jpg","width":822,"height":548,"caption":"Apart hotel Bordeaux"},{"@type":"BreadcrumbList","@id":"https:\/\/klf.fr\/es\/lyon\/accommodation-in-lyon\/#breadcrumb","itemListElement":[{"@type":"ListItem","position":1,"name":"Home","item":"https:\/\/klf.fr\/es\/home-2\/"},{"@type":"ListItem","position":2,"name":"Aprender franc\u00e9s en Lyon","item":"https:\/\/klf.fr\/es\/lyon\/"},{"@type":"ListItem","position":3,"name":"Alojamiento en Lyon"}]},{"@type":"WebSite","@id":"https:\/\/klf.fr\/es\/#website","url":"https:\/\/klf.fr\/es\/","name":"Keep Learning French","description":"Groupe d&#039;\u00e9coles de FLE en France.","publisher":{"@id":"https:\/\/klf.fr\/es\/#organization"},"potentialAction":[{"@type":"SearchAction","target":{"@type":"EntryPoint","urlTemplate":"https:\/\/klf.fr\/es\/?s={search_term_string}"},"query-input":{"@type":"PropertyValueSpecification","valueRequired":true,"valueName":"search_term_string"}}],"inLanguage":"es"},{"@type":["Organization","Place"],"@id":"https:\/\/klf.fr\/es\/#organization","name":"Keep Learning French","url":"https:\/\/klf.fr\/es\/","logo":{"@id":"https:\/\/klf.fr\/es\/lyon\/accommodation-in-lyon\/#local-main-organization-logo"},"image":{"@id":"https:\/\/klf.fr\/es\/lyon\/accommodation-in-lyon\/#local-main-organization-logo"},"sameAs":["https:\/\/linkedin.com\/school\/keep-learning-french\/"],"telephone":[],"openingHoursSpecification":[{"@type":"OpeningHoursSpecification","dayOfWeek":["Monday","Tuesday","Wednesday","Thursday","Friday","Saturday","Sunday"],"opens":"09:00","closes":"17:00"}]},{"@type":"ImageObject","inLanguage":"es","@id":"https:\/\/klf.fr\/es\/lyon\/accommodation-in-lyon\/#local-main-organization-logo","url":"https:\/\/klf.fr\/wp-content\/uploads\/2020\/09\/klf-favicon.png","contentUrl":"https:\/\/klf.fr\/wp-content\/uploads\/2020\/09\/klf-favicon.png","width":200,"height":200,"caption":"Keep Learning French"}]}},"_links":{"self":[{"href":"https:\/\/klf.fr\/es\/wp-json\/wp\/v2\/pages\/24468","targetHints":{"allow":["GET"]}}],"collection":[{"href":"https:\/\/klf.fr\/es\/wp-json\/wp\/v2\/pages"}],"about":[{"href":"https:\/\/klf.fr\/es\/wp-json\/wp\/v2\/types\/page"}],"author":[{"embeddable":true,"href":"https:\/\/klf.fr\/es\/wp-json\/wp\/v2\/users\/11"}],"replies":[{"embeddable":true,"href":"https:\/\/klf.fr\/es\/wp-json\/wp\/v2\/comments?post=24468"}],"version-history":[{"count":0,"href":"https:\/\/klf.fr\/es\/wp-json\/wp\/v2\/pages\/24468\/revisions"}],"up":[{"embeddable":true,"href":"https:\/\/klf.fr\/es\/wp-json\/wp\/v2\/pages\/24444"}],"wp:featuredmedia":[{"embeddable":true,"href":"https:\/\/klf.fr\/es\/wp-json\/wp\/v2\/media\/7325"}],"wp:attachment":[{"href":"https:\/\/klf.fr\/es\/wp-json\/wp\/v2\/media?parent=24468"}],"wp:term":[{"taxonomy":"language-product","embeddable":true,"href":"https:\/\/klf.fr\/es\/wp-json\/wp\/v2\/language-product?post=24468"},{"taxonomy":"type-product","embeddable":true,"href":"https:\/\/klf.fr\/es\/wp-json\/wp\/v2\/type-product?post=24468"},{"taxonomy":"city-product","embeddable":true,"href":"https:\/\/klf.fr\/es\/wp-json\/wp\/v2\/city-product?post=24468"},{"taxonomy":"course-category","embeddable":true,"href":"https:\/\/klf.fr\/es\/wp-json\/wp\/v2\/course-category?post=24468"},{"taxonomy":"folder","embeddable":true,"href":"https:\/\/klf.fr\/es\/wp-json\/wp\/v2\/folder?post=24468"}],"curies":[{"name":"wp","href":"https:\/\/api.w.org\/{rel}","templated":true}]}}