{"id":23901,"date":"2024-07-03T02:43:29","date_gmt":"2024-07-03T00:43:29","guid":{"rendered":"https:\/\/klf.fr\/legal-notice\/"},"modified":"2024-11-20T02:02:08","modified_gmt":"2024-11-20T01:02:08","slug":"legal-notice","status":"publish","type":"page","link":"https:\/\/klf.fr\/es\/legal-notice\/","title":{"rendered":"Aviso legal"},"content":{"rendered":"\t\t<div data-elementor-type=\"wp-page\" data-elementor-id=\"23901\" class=\"elementor elementor-23901 elementor-14857\" data-elementor-post-type=\"page\">\n\t\t\t\t<div class=\"elementor-element elementor-element-b5007cf e-flex e-con-boxed e-con e-parent\" data-id=\"b5007cf\" data-element_type=\"container\" data-e-type=\"container\" data-settings=\"{&quot;background_background&quot;:&quot;gradient&quot;,&quot;ekit_has_onepagescroll_dot&quot;:&quot;yes&quot;}\">\n\t\t\t\t\t<div class=\"e-con-inner\">\n\t\t\t\t<div class=\"elementor-element elementor-element-8649882 elementor-widget elementor-widget-heading\" data-id=\"8649882\" data-element_type=\"widget\" data-e-type=\"widget\" data-settings=\"{&quot;ekit_we_effect_on&quot;:&quot;none&quot;}\" data-widget_type=\"heading.default\">\n\t\t\t\t\t<h2 class=\"elementor-heading-title elementor-size-default\">Aviso legal<\/h2>\t\t\t\t<\/div>\n\t\t\t\t\t<\/div>\n\t\t\t\t<\/div>\n\t\t<div class=\"elementor-element elementor-element-91e19d4 e-flex e-con-boxed e-con e-parent\" data-id=\"91e19d4\" data-element_type=\"container\" data-e-type=\"container\" data-settings=\"{&quot;ekit_has_onepagescroll_dot&quot;:&quot;yes&quot;}\">\n\t\t\t\t\t<div class=\"e-con-inner\">\n\t\t\t\t<div class=\"elementor-element elementor-element-93209a3 elementor-widget elementor-widget-elementskit-breadcrumb\" data-id=\"93209a3\" data-element_type=\"widget\" data-e-type=\"widget\" data-settings=\"{&quot;ekit_we_effect_on&quot;:&quot;none&quot;}\" data-widget_type=\"elementskit-breadcrumb.default\">\n\t\t\t\t<div class=\"elementor-widget-container\">\n\t\t\t\t\t<div class=\"ekit-wid-con\" ><ol class=\"ekit-breadcrumb\"><li class=\"ekit_breadcrumbs_start\"><a href=\"https:\/\/klf.fr\/es\/\">Home<\/a><\/li> <li class=\"brd_sep\"> &raquo; <\/li>  <li>Aviso legal<\/li><\/ol><\/div>\t\t\t\t<\/div>\n\t\t\t\t<\/div>\n\t\t\t\t\t<\/div>\n\t\t\t\t<\/div>\n\t\t<div class=\"elementor-element elementor-element-8f8a96c e-flex e-con-boxed e-con e-parent\" data-id=\"8f8a96c\" data-element_type=\"container\" data-e-type=\"container\" data-settings=\"{&quot;ekit_has_onepagescroll_dot&quot;:&quot;yes&quot;}\">\n\t\t\t\t\t<div class=\"e-con-inner\">\n\t\t\t\t<div class=\"elementor-element elementor-element-024ddca elementor-widget elementor-widget-text-editor\" data-id=\"024ddca\" data-element_type=\"widget\" data-e-type=\"widget\" data-settings=\"{&quot;ekit_we_effect_on&quot;:&quot;none&quot;}\" data-widget_type=\"text-editor.default\">\n\t\t\t\t\t\t\t\t\t<div class=\"container mx-auto px-4 md:px-0\">\n<div class=\"prose max-w-max text-base prose-strong:font-galanoSemi prose-strong:text-inherit prose-strong:pb-[20px] prose-strong:text-[18px] prose-strong:font-normal prose-p:font-normal\">\n<div class=\"container mx-auto px-4 md:px-0\">\n<div class=\"prose max-w-max text-base prose-strong:font-galanoSemi prose-strong:text-inherit prose-strong:pb-[20px] prose-strong:text-[18px] prose-strong:font-normal prose-p:font-normal\">\n<div class=\"container mx-auto px-4 md:px-0\">\n<div class=\"prose max-w-max text-base prose-strong:font-galanoSemi prose-strong:text-inherit prose-strong:pb-[20px] prose-strong:text-[18px] prose-strong:font-normal prose-p:font-normal\">\n<h2>Identificaci\u00f3n de la empresa<\/h2>\n<p>De conformidad con las disposiciones de la Ley n\u00ba 2004-575 de 21 de junio de 2004 sobre la confianza en la econom\u00eda digital, se informa a los usuarios del sitio web <a href=\"http:\/\/keeplearningfrench.com\/\" target=\"_blank\" rel=\"noopener\" data-saferedirecturl=\"https:\/\/www.google.com\/url?q=http:\/\/keeplearningfrench.com\/&amp;source=gmail&amp;ust=1698828313698000&amp;usg=AOvVaw3PJ4MXnk0RtLSfFr4xPq0S\">KEEPLEARNINGFRENCH.COM<\/a> de la identidad de las distintas partes implicadas en su creaci\u00f3n y seguimiento.<\/p>\n<p><strong>Publicaci\u00f3n del sitio<\/strong><\/p>\n<p>El sitio <a href=\"http:\/\/keeplearningfrench.com\/\" target=\"_blank\" rel=\"noopener\" data-saferedirecturl=\"https:\/\/www.google.com\/url?q=http:\/\/keeplearningfrench.com\/&amp;source=gmail&amp;ust=1698828313698000&amp;usg=AOvVaw3PJ4MXnk0RtLSfFr4xPq0S\">KEEPLEARNINGFRENCH.COM<\/a> es editado por KLF &#8211; KEEP LEARNING FRENCH, una SAS con capital de 10.000 euros, con domicilio social en 1 place Niki de Saint-Phalle 34070 Montpellier &#8211; Francia, inscrita en el Registro Mercantil con el n\u00famero de identificaci\u00f3n \u00fanico 841 915 697 RCS Montpellier.<\/p>\n<p><strong>Director de publicaciones<\/strong><\/p>\n<p>Sr. Karim Khenissi<\/p>\n<p>Anfitri\u00f3n<\/p>\n<p>El sitio web <a href=\"http:\/\/keeplearningfrench.com\/\" target=\"_blank\" rel=\"noopener\" data-saferedirecturl=\"https:\/\/www.google.com\/url?q=http:\/\/keeplearningfrench.com\/&amp;source=gmail&amp;ust=1698828313698000&amp;usg=AOvVaw3PJ4MXnk0RtLSfFr4xPq0S\">KEEPLEARNINGFRENCH.COM<\/a> est\u00e1 alojado en Kinsta Inc.<\/p>\n<p>Kinsta Inc.<\/p>\n<p>PO Box 532<\/p>\n<p>Clarkesville, GA 30523<\/p>\n<p>Estados Unidos<\/p>\n<p><a href=\"mailto:legal@kinsta.com\" target=\"_blank\" rel=\"noopener\">legal@kinsta.com<\/a><\/p>\n<p>El almacenamiento de los datos personales de los Usuarios se realiza exclusivamente en los centros de datos (\u00abclusters\u00bb) ubicados en Estados miembros de la Uni\u00f3n Europea de las empresas Kinsta Inc. y Google Cloud Service.<\/p>\n<p><strong>C\u00f3mo ponerse en contacto con nosotros<\/strong><\/p>\n<p>Postal address: KLF &#8211; Keep Learning French &#8211; 1, place Niki de Saint-Phalle 34070 Montpellier &#8211; France<br \/><a href=\"mailto:RGPD@KLF.FR\" target=\"_blank\" rel=\"noopener\">RGPD@KLF.FR<\/a><\/p>\n<\/div>\n<\/div>\n<\/div>\n<\/div>\n<\/div>\n<\/div>\n\t\t\t\t\t\t\t\t<\/div>\n\t\t\t\t\t<\/div>\n\t\t\t\t<\/div>\n\t\t\t\t<\/div>\n\t\t","protected":false},"excerpt":{"rendered":"<p>Aviso legal Home Identificaci\u00f3n de la empresa De conformidad con las disposiciones de la Ley n\u00ba 2004-575 de 21 de junio de 2004 sobre la confianza en la econom\u00eda digital, se informa a los usuarios del sitio web KEEPLEARNINGFRENCH.COM de la identidad de las distintas partes implicadas en su creaci\u00f3n y seguimiento. Publicaci\u00f3n del sitio [&hellip;]<\/p>\n","protected":false},"author":11,"featured_media":0,"parent":0,"menu_order":0,"comment_status":"closed","ping_status":"closed","template":"","meta":{"content-type":"","footnotes":""},"language-product":[],"type-product":[],"city-product":[],"course-category":[],"folder":[],"class_list":["post-23901","page","type-page","status-publish","hentry"],"yoast_head":"<!-- This site is optimized with the Yoast SEO Premium plugin v27.4 (Yoast SEO v27.4) - https:\/\/yoast.com\/product\/yoast-seo-premium-wordpress\/ -->\n<title>Aviso legal - Keep Learning French<\/title>\n<meta name=\"robots\" content=\"index, follow, max-snippet:-1, max-image-preview:large, max-video-preview:-1\" \/>\n<link rel=\"canonical\" href=\"https:\/\/klf.fr\/es\/legal-notice\/\" \/>\n<meta property=\"og:locale\" content=\"es_ES\" \/>\n<meta property=\"og:type\" content=\"article\" \/>\n<meta property=\"og:title\" content=\"Aviso legal\" \/>\n<meta property=\"og:description\" content=\"Aviso legal Home Identificaci\u00f3n de la empresa De conformidad con las disposiciones de la Ley n\u00ba 2004-575 de 21 de junio de 2004 sobre la confianza en la econom\u00eda digital, se informa a los usuarios del sitio web KEEPLEARNINGFRENCH.COM de la identidad de las distintas partes implicadas en su creaci\u00f3n y seguimiento. Publicaci\u00f3n del sitio [&hellip;]\" \/>\n<meta property=\"og:url\" content=\"https:\/\/klf.fr\/es\/legal-notice\/\" \/>\n<meta property=\"og:site_name\" content=\"Keep Learning French\" \/>\n<meta property=\"article:modified_time\" content=\"2024-11-20T01:02:08+00:00\" \/>\n<meta name=\"twitter:card\" content=\"summary_large_image\" \/>\n<meta name=\"twitter:label1\" content=\"Tiempo de lectura\" \/>\n\t<meta name=\"twitter:data1\" content=\"1 minuto\" \/>\n<script type=\"application\/ld+json\" class=\"yoast-schema-graph\">{\"@context\":\"https:\\\/\\\/schema.org\",\"@graph\":[{\"@type\":\"WebPage\",\"@id\":\"https:\\\/\\\/klf.fr\\\/es\\\/legal-notice\\\/\",\"url\":\"https:\\\/\\\/klf.fr\\\/es\\\/legal-notice\\\/\",\"name\":\"Aviso legal - Keep Learning French\",\"isPartOf\":{\"@id\":\"https:\\\/\\\/klf.fr\\\/es\\\/#website\"},\"datePublished\":\"2024-07-03T00:43:29+00:00\",\"dateModified\":\"2024-11-20T01:02:08+00:00\",\"breadcrumb\":{\"@id\":\"https:\\\/\\\/klf.fr\\\/es\\\/legal-notice\\\/#breadcrumb\"},\"inLanguage\":\"es\",\"potentialAction\":[{\"@type\":\"ReadAction\",\"target\":[\"https:\\\/\\\/klf.fr\\\/es\\\/legal-notice\\\/\"]}]},{\"@type\":\"BreadcrumbList\",\"@id\":\"https:\\\/\\\/klf.fr\\\/es\\\/legal-notice\\\/#breadcrumb\",\"itemListElement\":[{\"@type\":\"ListItem\",\"position\":1,\"name\":\"Home\",\"item\":\"https:\\\/\\\/klf.fr\\\/es\\\/home-2\\\/\"},{\"@type\":\"ListItem\",\"position\":2,\"name\":\"Aviso legal\"}]},{\"@type\":\"WebSite\",\"@id\":\"https:\\\/\\\/klf.fr\\\/es\\\/#website\",\"url\":\"https:\\\/\\\/klf.fr\\\/es\\\/\",\"name\":\"Keep Learning French\",\"description\":\"Groupe d&#039;\u00e9coles de FLE en France.\",\"publisher\":{\"@id\":\"https:\\\/\\\/klf.fr\\\/es\\\/#organization\"},\"potentialAction\":[{\"@type\":\"SearchAction\",\"target\":{\"@type\":\"EntryPoint\",\"urlTemplate\":\"https:\\\/\\\/klf.fr\\\/es\\\/?s={search_term_string}\"},\"query-input\":{\"@type\":\"PropertyValueSpecification\",\"valueRequired\":true,\"valueName\":\"search_term_string\"}}],\"inLanguage\":\"es\"},{\"@type\":[\"Organization\",\"Place\"],\"@id\":\"https:\\\/\\\/klf.fr\\\/es\\\/#organization\",\"name\":\"Keep Learning French\",\"url\":\"https:\\\/\\\/klf.fr\\\/es\\\/\",\"logo\":{\"@id\":\"https:\\\/\\\/klf.fr\\\/es\\\/legal-notice\\\/#local-main-organization-logo\"},\"image\":{\"@id\":\"https:\\\/\\\/klf.fr\\\/es\\\/legal-notice\\\/#local-main-organization-logo\"},\"sameAs\":[\"https:\\\/\\\/linkedin.com\\\/school\\\/keep-learning-french\\\/\"],\"telephone\":[],\"openingHoursSpecification\":[{\"@type\":\"OpeningHoursSpecification\",\"dayOfWeek\":[\"Monday\",\"Tuesday\",\"Wednesday\",\"Thursday\",\"Friday\",\"Saturday\",\"Sunday\"],\"opens\":\"09:00\",\"closes\":\"17:00\"}]},{\"@type\":\"ImageObject\",\"inLanguage\":\"es\",\"@id\":\"https:\\\/\\\/klf.fr\\\/es\\\/legal-notice\\\/#local-main-organization-logo\",\"url\":\"https:\\\/\\\/klf.fr\\\/wp-content\\\/uploads\\\/2020\\\/09\\\/klf-favicon.png\",\"contentUrl\":\"https:\\\/\\\/klf.fr\\\/wp-content\\\/uploads\\\/2020\\\/09\\\/klf-favicon.png\",\"width\":200,\"height\":200,\"caption\":\"Keep Learning French\"}]}<\/script>\n<!-- \/ Yoast SEO Premium plugin. -->","yoast_head_json":{"title":"Aviso legal - Keep Learning French","robots":{"index":"index","follow":"follow","max-snippet":"max-snippet:-1","max-image-preview":"max-image-preview:large","max-video-preview":"max-video-preview:-1"},"canonical":"https:\/\/klf.fr\/es\/legal-notice\/","og_locale":"es_ES","og_type":"article","og_title":"Aviso legal","og_description":"Aviso legal Home Identificaci\u00f3n de la empresa De conformidad con las disposiciones de la Ley n\u00ba 2004-575 de 21 de junio de 2004 sobre la confianza en la econom\u00eda digital, se informa a los usuarios del sitio web KEEPLEARNINGFRENCH.COM de la identidad de las distintas partes implicadas en su creaci\u00f3n y seguimiento. Publicaci\u00f3n del sitio [&hellip;]","og_url":"https:\/\/klf.fr\/es\/legal-notice\/","og_site_name":"Keep Learning French","article_modified_time":"2024-11-20T01:02:08+00:00","twitter_card":"summary_large_image","twitter_misc":{"Tiempo de lectura":"1 minuto"},"schema":{"@context":"https:\/\/schema.org","@graph":[{"@type":"WebPage","@id":"https:\/\/klf.fr\/es\/legal-notice\/","url":"https:\/\/klf.fr\/es\/legal-notice\/","name":"Aviso legal - Keep Learning French","isPartOf":{"@id":"https:\/\/klf.fr\/es\/#website"},"datePublished":"2024-07-03T00:43:29+00:00","dateModified":"2024-11-20T01:02:08+00:00","breadcrumb":{"@id":"https:\/\/klf.fr\/es\/legal-notice\/#breadcrumb"},"inLanguage":"es","potentialAction":[{"@type":"ReadAction","target":["https:\/\/klf.fr\/es\/legal-notice\/"]}]},{"@type":"BreadcrumbList","@id":"https:\/\/klf.fr\/es\/legal-notice\/#breadcrumb","itemListElement":[{"@type":"ListItem","position":1,"name":"Home","item":"https:\/\/klf.fr\/es\/home-2\/"},{"@type":"ListItem","position":2,"name":"Aviso legal"}]},{"@type":"WebSite","@id":"https:\/\/klf.fr\/es\/#website","url":"https:\/\/klf.fr\/es\/","name":"Keep Learning French","description":"Groupe d&#039;\u00e9coles de FLE en France.","publisher":{"@id":"https:\/\/klf.fr\/es\/#organization"},"potentialAction":[{"@type":"SearchAction","target":{"@type":"EntryPoint","urlTemplate":"https:\/\/klf.fr\/es\/?s={search_term_string}"},"query-input":{"@type":"PropertyValueSpecification","valueRequired":true,"valueName":"search_term_string"}}],"inLanguage":"es"},{"@type":["Organization","Place"],"@id":"https:\/\/klf.fr\/es\/#organization","name":"Keep Learning French","url":"https:\/\/klf.fr\/es\/","logo":{"@id":"https:\/\/klf.fr\/es\/legal-notice\/#local-main-organization-logo"},"image":{"@id":"https:\/\/klf.fr\/es\/legal-notice\/#local-main-organization-logo"},"sameAs":["https:\/\/linkedin.com\/school\/keep-learning-french\/"],"telephone":[],"openingHoursSpecification":[{"@type":"OpeningHoursSpecification","dayOfWeek":["Monday","Tuesday","Wednesday","Thursday","Friday","Saturday","Sunday"],"opens":"09:00","closes":"17:00"}]},{"@type":"ImageObject","inLanguage":"es","@id":"https:\/\/klf.fr\/es\/legal-notice\/#local-main-organization-logo","url":"https:\/\/klf.fr\/wp-content\/uploads\/2020\/09\/klf-favicon.png","contentUrl":"https:\/\/klf.fr\/wp-content\/uploads\/2020\/09\/klf-favicon.png","width":200,"height":200,"caption":"Keep Learning French"}]}},"_links":{"self":[{"href":"https:\/\/klf.fr\/es\/wp-json\/wp\/v2\/pages\/23901","targetHints":{"allow":["GET"]}}],"collection":[{"href":"https:\/\/klf.fr\/es\/wp-json\/wp\/v2\/pages"}],"about":[{"href":"https:\/\/klf.fr\/es\/wp-json\/wp\/v2\/types\/page"}],"author":[{"embeddable":true,"href":"https:\/\/klf.fr\/es\/wp-json\/wp\/v2\/users\/11"}],"replies":[{"embeddable":true,"href":"https:\/\/klf.fr\/es\/wp-json\/wp\/v2\/comments?post=23901"}],"version-history":[{"count":0,"href":"https:\/\/klf.fr\/es\/wp-json\/wp\/v2\/pages\/23901\/revisions"}],"wp:attachment":[{"href":"https:\/\/klf.fr\/es\/wp-json\/wp\/v2\/media?parent=23901"}],"wp:term":[{"taxonomy":"language-product","embeddable":true,"href":"https:\/\/klf.fr\/es\/wp-json\/wp\/v2\/language-product?post=23901"},{"taxonomy":"type-product","embeddable":true,"href":"https:\/\/klf.fr\/es\/wp-json\/wp\/v2\/type-product?post=23901"},{"taxonomy":"city-product","embeddable":true,"href":"https:\/\/klf.fr\/es\/wp-json\/wp\/v2\/city-product?post=23901"},{"taxonomy":"course-category","embeddable":true,"href":"https:\/\/klf.fr\/es\/wp-json\/wp\/v2\/course-category?post=23901"},{"taxonomy":"folder","embeddable":true,"href":"https:\/\/klf.fr\/es\/wp-json\/wp\/v2\/folder?post=23901"}],"curies":[{"name":"wp","href":"https:\/\/api.w.org\/{rel}","templated":true}]}}